{"id":77,"date":"2016-09-29T18:36:32","date_gmt":"2016-09-30T01:36:32","guid":{"rendered":"https:\/\/gxtesting.com\/core\/?page_id=77"},"modified":"2025-03-14T14:34:43","modified_gmt":"2025-03-14T21:34:43","slug":"home","status":"publish","type":"page","link":"https:\/\/www.accuflow.com\/fr\/","title":{"rendered":"Accueil"},"content":{"rendered":"<h1>\n\t\tS\u00e9parateurs de test \u00e0 \u00e9coulement multiphasique par Accuflow\n\t<\/h1>\n\t\t\t\t<img decoding=\"async\" src=\"https:\/\/www.accuflow.com\/wp-content\/uploads\/2020\/05\/3-phase-sr-multiphase-test-separator-2-600x541.png\" alt=\"3-phase SR multiphase test separator\" itemprop=\"image\" height=\"541\" width=\"600\" title=\"S\u00e9parateur d&#039;essai triphas\u00e9 SR multiphase\" onerror=\"this.style.display='none'\"  \/>\n<h2>\n\t\tAccuflow est un fournisseur de solutions de mesure de flux de production multiphase pour le p\u00e9trole et le gaz.\n\t<\/h2>\n\t<p>Nos s\u00e9parateurs compacts pour essais de puits permettent de mesurer en temps r\u00e9el et en continu le d\u00e9bit multiphasique du p\u00e9trole, de l'eau et du gaz. Ils constituent la solution d'essai de puits la plus optimale qui soit, garantissant le plus haut niveau de pr\u00e9cision et de fiabilit\u00e9 tout en restant rentables.\u00a0<\/p>\n\t\t\t<a href=\"https:\/\/www.accuflow.com\/fr\/request-for-quote\/\" target=\"_self\">\n\t\t\t\t\t\t\tDemander un devis\n\t\t\t\t\t<\/a>\n<h2>\n\t\tComment fonctionnent les s\u00e9parateurs d'essai de puits Accuflow ?\n\t<\/h2>\n\t<a href=\"#\" id=\"trigger-\" role=\"button\" data-modal=\"\" data-node=\"\">\n\t\t\t\t\t<\/a>\n\t\t\t\t\t\tAper\u00e7u\n\t\t\tmodal-\n\t\t\t\t\t\t<iframe loading=\"lazy\" width=\"700\" height=\"400\" src=\"https:\/\/www.youtube.com\/embed\/CKlAFeQOXYI\" frameborder=\"0\" allow=\"accelerometer; autoplay; encrypted-media; gyroscope; picture-in-picture\" allowfullscreen><\/iframe>\t\t\t\t\t\n\t\t\t\t\t\t\t\t\t<a href=\"https:\/\/www.accuflow.com\/fr\/products\/2-phase-separators\/\" rel=\"bookmark\" title=\"S\u00e9parateurs \u00e0 2 phases\">\n\t\t\t\t\t\t\t\t\t\t<img width=\"600\" height=\"450\" src=\"https:\/\/www.accuflow.com\/wp-content\/uploads\/2025\/01\/2-phase-lt-multiphase-compact-flow-separator-600x450.jpg\" alt=\"2-phase LT multiphase compact flow separator\" decoding=\"async\" srcset=\"https:\/\/www.accuflow.com\/wp-content\/uploads\/2025\/01\/2-phase-lt-multiphase-compact-flow-separator-600x450.jpg 600w, https:\/\/www.accuflow.com\/wp-content\/uploads\/2025\/01\/2-phase-lt-multiphase-compact-flow-separator-1024x768.jpg 1024w, https:\/\/www.accuflow.com\/wp-content\/uploads\/2025\/01\/2-phase-lt-multiphase-compact-flow-separator-768x576.jpg 768w, https:\/\/www.accuflow.com\/wp-content\/uploads\/2025\/01\/2-phase-lt-multiphase-compact-flow-separator-1536x1152.jpg 1536w, https:\/\/www.accuflow.com\/wp-content\/uploads\/2025\/01\/2-phase-lt-multiphase-compact-flow-separator-2048x1536.jpg 2048w, https:\/\/www.accuflow.com\/wp-content\/uploads\/2025\/01\/2-phase-lt-multiphase-compact-flow-separator-16x12.jpg 16w\" sizes=\"(max-width: 600px) 100vw, 600px\" \/>\t\t\t\t\t\t\t\t\t<\/a>\n\t\t\t<h3 itemprop=\"headline\">\n\t\t\t\t\t\t\t\t<a href=\"https:\/\/www.accuflow.com\/fr\/products\/2-phase-separators\/\" rel=\"bookmark\" title=\"S\u00e9parateurs \u00e0 2 phases\">\n\t\t\t\t\t\t\t\t\tS\u00e9parateurs \u00e0 2 phases\t\t\t\t\t\t\t\t<\/a>\n\t\t\t\t\t\t\t<\/h3>\n\t\t\t\t\t\t\t\t\t<a href=\"https:\/\/www.accuflow.com\/fr\/products\/3-phase-separators\/\" rel=\"bookmark\" title=\"S\u00e9parateurs \u00e0 3 phases\">\n\t\t\t\t\t\t\t\t\t\t<img width=\"600\" height=\"450\" src=\"https:\/\/www.accuflow.com\/wp-content\/uploads\/2025\/01\/3-phase-sr-multiphase-test-separator-trailer-600x450.jpg\" alt=\"3-phase SR multiphase test separator trailer\" decoding=\"async\" srcset=\"https:\/\/www.accuflow.com\/wp-content\/uploads\/2025\/01\/3-phase-sr-multiphase-test-separator-trailer-600x450.jpg 600w, https:\/\/www.accuflow.com\/wp-content\/uploads\/2025\/01\/3-phase-sr-multiphase-test-separator-trailer-1024x768.jpg 1024w, https:\/\/www.accuflow.com\/wp-content\/uploads\/2025\/01\/3-phase-sr-multiphase-test-separator-trailer-768x576.jpg 768w, https:\/\/www.accuflow.com\/wp-content\/uploads\/2025\/01\/3-phase-sr-multiphase-test-separator-trailer-1536x1152.jpg 1536w, https:\/\/www.accuflow.com\/wp-content\/uploads\/2025\/01\/3-phase-sr-multiphase-test-separator-trailer-16x12.jpg 16w, https:\/\/www.accuflow.com\/wp-content\/uploads\/2025\/01\/3-phase-sr-multiphase-test-separator-trailer.jpg 1566w\" sizes=\"(max-width: 600px) 100vw, 600px\" \/>\t\t\t\t\t\t\t\t\t<\/a>\n\t\t\t<h3 itemprop=\"headline\">\n\t\t\t\t\t\t\t\t<a href=\"https:\/\/www.accuflow.com\/fr\/products\/3-phase-separators\/\" rel=\"bookmark\" title=\"S\u00e9parateurs \u00e0 3 phases\">\n\t\t\t\t\t\t\t\t\tS\u00e9parateurs \u00e0 3 phases\t\t\t\t\t\t\t\t<\/a>\n\t\t\t\t\t\t\t<\/h3>\n\t\t\t\t\t\t\t\t\t<a href=\"https:\/\/www.accuflow.com\/fr\/products\/mobile-test-separators\/\" rel=\"bookmark\" title=\"S\u00e9parateurs d&#039;essai mobiles\">\n\t\t\t\t\t\t\t\t\t\t<img width=\"600\" height=\"450\" src=\"https:\/\/www.accuflow.com\/wp-content\/uploads\/2025\/01\/2-phase-sr-multiphase-test-separator-mobile-trailer-in-colombia-600x450.jpg\" alt=\"2-phase SR multiphase test separator mobile trailer in Colombia\" decoding=\"async\" srcset=\"https:\/\/www.accuflow.com\/wp-content\/uploads\/2025\/01\/2-phase-sr-multiphase-test-separator-mobile-trailer-in-colombia-600x450.jpg 600w, https:\/\/www.accuflow.com\/wp-content\/uploads\/2025\/01\/2-phase-sr-multiphase-test-separator-mobile-trailer-in-colombia-1024x768.jpg 1024w, https:\/\/www.accuflow.com\/wp-content\/uploads\/2025\/01\/2-phase-sr-multiphase-test-separator-mobile-trailer-in-colombia-768x576.jpg 768w, https:\/\/www.accuflow.com\/wp-content\/uploads\/2025\/01\/2-phase-sr-multiphase-test-separator-mobile-trailer-in-colombia-1536x1152.jpg 1536w, https:\/\/www.accuflow.com\/wp-content\/uploads\/2025\/01\/2-phase-sr-multiphase-test-separator-mobile-trailer-in-colombia-2048x1536.jpg 2048w, https:\/\/www.accuflow.com\/wp-content\/uploads\/2025\/01\/2-phase-sr-multiphase-test-separator-mobile-trailer-in-colombia-16x12.jpg 16w\" sizes=\"(max-width: 600px) 100vw, 600px\" \/>\t\t\t\t\t\t\t\t\t<\/a>\n\t\t\t<h3 itemprop=\"headline\">\n\t\t\t\t\t\t\t\t<a href=\"https:\/\/www.accuflow.com\/fr\/products\/mobile-test-separators\/\" rel=\"bookmark\" title=\"S\u00e9parateurs d&#039;essai mobiles\">\n\t\t\t\t\t\t\t\t\tS\u00e9parateurs d'essai mobiles\t\t\t\t\t\t\t\t<\/a>\n\t\t\t\t\t\t\t<\/h3>\n<h3>\n\t\tCaract\u00e9ristiques principales\n\t<\/h3>\n\t<ul>\n\t\t\t<li>\n\t\t\t\tPlus petit, plus l\u00e9ger et plus efficace que les s\u00e9parateurs d'essai de puits conventionnels\n\t\t\t<\/li>\n\t\t\t<li>\n\t\t\t\t100% efficacit\u00e9 de la s\u00e9paration et s\u00e9paration compl\u00e8te des phases gazeuse et liquide\n\t\t\t<\/li>\n\t\t\t<li>\n\t\t\t\tFonctionne en 0-100% GVF et dans tous les r\u00e9gimes d'\u00e9coulement\n\t\t\t<\/li>\n\t\t\t<li>\n\t\t\t\tUtilise les technologies de d\u00e9bitm\u00e8tre les plus pr\u00e9cises (Coriolis pour les liquides, ultrasons pour les gaz) avec des ratios de r\u00e9duction \u00e9lev\u00e9s (&gt;100:1).\n\t\t\t<\/li>\n\t\t\t<li>\n\t\t\t\tD\u00e9termination de la coupure d'eau et corrections de d\u00e9bit selon les normes API MPMS, ISO et AGA\n\t\t\t<\/li>\n\t\t<\/ul>\n\t\t\t<a href=\"https:\/\/www.accuflow.com\/fr\/products\/\" target=\"_self\">\n\t\t\t\t\t\t\tEn savoir plus sur nos produits\n\t\t\t\t\t<\/a>\n<h2>\n\t\tDes solutions uniques\n\t<\/h2>\n\n\t\t\t<a href=\"https:\/\/www.accuflow.com\/fr\/our-advantage\/\" target=\"_self\">\n\t\t\t\t\t\t\tD\u00e9couvrez l'avantage Accuflow\n\t\t\t\t\t<\/a>\n<h3>\n\t\tNous concevons chaque patin sur mesure car chaque application est diff\u00e9rente.\n\t<\/h3>\n\t<p>Les solutions uniques ne sont pas id\u00e9ales car elles sont soit sous-dimensionn\u00e9es (risque de pr\u00e9cision des mesures), soit surdimensionn\u00e9es (gaspillage de capital).<\/p>\n\t\t\t\t\t\t<a href=\"https:\/\/www.accuflow.com\/fr\/products\/\" target=\"_self\">\n\t\t\t\t\t\t\t\t\t\t\t\t<img decoding=\"async\" src=\"https:\/\/www.accuflow.com\/wp-content\/uploads\/2020\/05\/santos-zeus-field-queensland-australia-1024x765.jpg\" alt=\"3-phase SR multiphase test separator Australia\" \/>\n\t\t\t\t\t\t\t\t<h2>Produits<\/h2>\n\t\t\t\t\t\t\t\t\t<p>Skids de s\u00e9parateurs de puits d'essai compacts con\u00e7us sur mesure pour la mesure en temps r\u00e9el et en continu du d\u00e9bit de p\u00e9trole, d'eau et de gaz.<\/p>\n\t\t\t\t\t\t\t\t\t\t<\/a>\n\t\t\t\t\t\t<a href=\"https:\/\/www.accuflow.com\/fr\/services\/\" target=\"_self\">\n\t\t\t\t\t\t\t\t\t\t\t\t<img decoding=\"async\" src=\"https:\/\/www.accuflow.com\/wp-content\/uploads\/2020\/05\/3-phase-sr-multiphase-test-separator.jpg\" alt=\"3-phase SR multiphase test separator\" \/>\n\t\t\t\t\t\t\t\t<h2>Services<\/h2>\n\t\t\t\t\t\t\t\t\t<p>Essais de puits mobiles, conseils et audit des performances des s\u00e9parateurs.<\/p>\n\t\t\t\t\t\t\t\t\t\t<\/a>\n\t\t\t\t\t\t<a href=\"https:\/\/www.accuflow.com\/fr\/request-for-quote\/\" target=\"_self\">\n\t\t\t\t\t\t\t\t\t\t\t\t<img decoding=\"async\" src=\"https:\/\/www.accuflow.com\/wp-content\/uploads\/2020\/04\/presentation-of-working-data-1024x682.jpg\" alt=\"consulting\" \/>\n\t\t\t\t\t\t\t\t<h2>Demander un devis<\/h2>\n\t\t\t\t\t\t\t\t\t<p>Remplissez une fiche d'application pour obtenir une solution de mesure de d\u00e9bit multiphase con\u00e7ue par un expert pour vos besoins d'essais de puits.<\/p>\n\t\t\t\t\t\t\t\t\t\t<\/a>\n<h2>\n\t\tAccuflow fournit des syst\u00e8mes de mesure de d\u00e9bit multiphasique dans le monde entier.\n\t<\/h2>\n\t<p>Nous avons install\u00e9 des s\u00e9parateurs compacts pour essais de puits multiphases en Am\u00e9rique du Nord (\u00c9tats-Unis, Mexique), en Am\u00e9rique du Sud (Colombie, Venezuela, Argentine), en Afrique (Congo, Nigeria, Tchad, R.D.C.), en Asie (Arabie saoudite, Irak, Malaisie, Indon\u00e9sie, Bangladesh, Oman, Tha\u00eflande, Vi\u00eat Nam) et en Australie.<\/p>\n<p>En tant que leader mondial de la technologie de mesure de d\u00e9bit multiphase, Accuflow s'engage \u00e0 fournir \u00e0 ses clients des solutions d'essais de puits fiables et pr\u00e9cises, ainsi qu'une assistance technique et un service exceptionnels.<\/p>\n\t\t\t<a href=\"https:\/\/www.accuflow.com\/fr\/services\/\" target=\"_self\">\n\t\t\t\t\t\t\tLes services que nous fournissons\n\t\t\t\t\t<\/a>\n\t\t\t\t<img decoding=\"async\" src=\"https:\/\/www.accuflow.com\/wp-content\/uploads\/2020\/05\/3-phase-jr-multiphase-test-separator-515x600.png\" alt=\"3-phase JR multiphase test separator\" itemprop=\"image\" height=\"600\" width=\"515\" title=\"S\u00e9parateur d&#039;essai triphas\u00e9 JR multiphase\" onerror=\"this.style.display='none'\"  \/>\n<h2>\n\t\tAccuflow fournit des syst\u00e8mes de mesure de d\u00e9bit multiphasique dans le monde entier\n\t<\/h2>\n\t\t\t\t\t\t<img decoding=\"async\" src=\"https:\/\/www.accuflow.com\/wp-content\/uploads\/2020\/04\/shell-logo.png\" alt=\"Shell\" data-no-lazy=\"1\" \/>\t\t\t\t\t\n                            <p>Shell<\/p>\n\t\t\t\t\t\t<img decoding=\"async\" src=\"https:\/\/www.accuflow.com\/wp-content\/uploads\/2020\/04\/chevron-logo.png\" alt=\"Chevron\" data-no-lazy=\"1\" \/>\t\t\t\t\t\n                            <p>Chevron<\/p>\n\t\t\t\t\t\t<img decoding=\"async\" src=\"https:\/\/www.accuflow.com\/wp-content\/uploads\/2020\/04\/exxonmobil-logo.png\" alt=\"ExxonMobil\" data-no-lazy=\"1\" \/>\t\t\t\t\t\n                            <p>ExxonMobil<\/p>\n\t\t\t\t\t\t<img decoding=\"async\" src=\"https:\/\/www.accuflow.com\/wp-content\/uploads\/2020\/04\/aera-energy-logo.jpg\" alt=\"Aera Energy\" data-no-lazy=\"1\" \/>\t\t\t\t\t\n                            <p>Aera Energy<\/p>\n\t\t\t\t\t\t<img decoding=\"async\" src=\"https:\/\/www.accuflow.com\/wp-content\/uploads\/2020\/04\/berry-logo.jpg\" alt=\"Berry Petroleum\" data-no-lazy=\"1\" \/>\t\t\t\t\t\n                            <p>P\u00e9trole des baies<\/p>\n\t\t\t\t\t\t<img decoding=\"async\" src=\"https:\/\/www.accuflow.com\/wp-content\/uploads\/2020\/04\/california-resources-corporation-logo.png\" alt=\"California Resources Corporation\" data-no-lazy=\"1\" \/>\t\t\t\t\t\n                            <p>Corporation des ressources de Californie<\/p>\n\t\t\t\t\t\t<img decoding=\"async\" src=\"https:\/\/www.accuflow.com\/wp-content\/uploads\/2020\/04\/oxy-logo-2.png\" alt=\"OXY\" data-no-lazy=\"1\" \/>\t\t\t\t\t\n                            <p>OXY<\/p>\n\t\t\t\t\t\t<img decoding=\"async\" src=\"https:\/\/www.accuflow.com\/wp-content\/uploads\/2020\/04\/pemex-logo-2.png\" alt=\"Pemex\" data-no-lazy=\"1\" \/>\t\t\t\t\t\n                            <p>Pemex<\/p>\n\t\t\t\t\t\t<img decoding=\"async\" src=\"https:\/\/www.accuflow.com\/wp-content\/uploads\/2020\/04\/conocophillips-logo.png\" alt=\"ConocoPhillips\" data-no-lazy=\"1\" \/>\t\t\t\t\t\n                            <p>ConocoPhillips<\/p>\n\t\t\t\t\t\t<img decoding=\"async\" src=\"https:\/\/www.accuflow.com\/wp-content\/uploads\/2020\/04\/santos-logo.png\" alt=\"Santos\" data-no-lazy=\"1\" \/>\t\t\t\t\t\n                            <p>Santos<\/p>\n\t\t\t\t\t\t<img decoding=\"async\" src=\"https:\/\/www.accuflow.com\/wp-content\/uploads\/2020\/04\/perenco-logo.png\" alt=\"Perenco\" data-no-lazy=\"1\" \/>\t\t\t\t\t\n                            <p>Perenco<\/p>\n\t\t\t\t\t\t<img decoding=\"async\" src=\"https:\/\/www.accuflow.com\/wp-content\/uploads\/2020\/04\/linn-energy-logo.jpg\" alt=\"LINN Energy\" data-no-lazy=\"1\" \/>\t\t\t\t\t\n                            <p>LINN \u00c9nergie<\/p>\n\t\t\t\t\t\t<img decoding=\"async\" src=\"https:\/\/www.accuflow.com\/wp-content\/uploads\/2020\/04\/talisman-energy-logo.png\" alt=\"Talisman Energy\" data-no-lazy=\"1\" \/>\t\t\t\t\t\n                            <p>Talisman Energy<\/p>\n\t\t\t\t\t\t<img decoding=\"async\" src=\"https:\/\/www.accuflow.com\/wp-content\/uploads\/2020\/04\/esso-logo.png\" alt=\"Esso\" data-no-lazy=\"1\" \/>\t\t\t\t\t\n                            <p>Esso<\/p>\n\t\t\t\t\t\t<img decoding=\"async\" src=\"https:\/\/www.accuflow.com\/wp-content\/uploads\/2020\/04\/beta-offshore-logo.jpg\" alt=\"Beta Offshore\" data-no-lazy=\"1\" \/>\t\t\t\t\t\n                            <p>Beta Offshore<\/p>\n\t\t\t\t\t\t<img decoding=\"async\" src=\"https:\/\/www.accuflow.com\/wp-content\/uploads\/2020\/04\/vico-indonesia-logo.png\" alt=\"VICO\" data-no-lazy=\"1\" \/>\t\t\t\t\t\n                            <p>VICO<\/p>\n\t\t\t\t\t\t<img decoding=\"async\" src=\"https:\/\/www.accuflow.com\/wp-content\/uploads\/2020\/04\/petronas-logo.png\" alt=\"Petronas\" data-no-lazy=\"1\" \/>\t\t\t\t\t\n                            <p>Petronas<\/p>\n\t\t\t\t\t\t<img decoding=\"async\" src=\"https:\/\/www.accuflow.com\/wp-content\/uploads\/2020\/04\/caltex-logo.png\" alt=\"Caltex\" data-no-lazy=\"1\" \/>\t\t\t\t\t\n                            <p>Caltex<\/p>\n\t\t\t<button>Suivant<\/button>\n\t\t<button>Pr\u00e9c\u00e9dent<\/button>","protected":false},"excerpt":{"rendered":"<p>S\u00e9parateurs d'essai de d\u00e9bit multiphase Accuflow Accuflow est un fournisseur de solutions de mesure de d\u00e9bit de production multiphase pour le p\u00e9trole et le gaz. Nos s\u00e9parateurs d'essai de puits compacts permettent de mesurer en temps r\u00e9el et en continu le d\u00e9bit multiphase du p\u00e9trole, de l'eau et du gaz. Ils constituent la solution d'essai de puits la plus optimale qui soit, garantissant le plus haut niveau de pr\u00e9cision et de fiabilit\u00e9 tout en restant rentables.  Demander un...<\/p>","protected":false},"author":8,"featured_media":0,"parent":0,"menu_order":0,"comment_status":"closed","ping_status":"closed","template":"","meta":{"_seopress_robots_primary_cat":"","_seopress_titles_title":"Multiphase Flow Measurement Solutions by Accuflow","_seopress_titles_desc":"Accuflow engineers compact well test separators for production multiphase flow measurement in the oil & gas industry. Our designs ensure the highest level of accuracy and reliability while remaining cost-effective.","_seopress_robots_index":"","footnotes":""},"class_list":["post-77","page","type-page","status-publish","hentry"],"_links":{"self":[{"href":"https:\/\/www.accuflow.com\/fr\/wp-json\/wp\/v2\/pages\/77","targetHints":{"allow":["GET"]}}],"collection":[{"href":"https:\/\/www.accuflow.com\/fr\/wp-json\/wp\/v2\/pages"}],"about":[{"href":"https:\/\/www.accuflow.com\/fr\/wp-json\/wp\/v2\/types\/page"}],"author":[{"embeddable":true,"href":"https:\/\/www.accuflow.com\/fr\/wp-json\/wp\/v2\/users\/8"}],"replies":[{"embeddable":true,"href":"https:\/\/www.accuflow.com\/fr\/wp-json\/wp\/v2\/comments?post=77"}],"version-history":[{"count":0,"href":"https:\/\/www.accuflow.com\/fr\/wp-json\/wp\/v2\/pages\/77\/revisions"}],"wp:attachment":[{"href":"https:\/\/www.accuflow.com\/fr\/wp-json\/wp\/v2\/media?parent=77"}],"curies":[{"name":"wp","href":"https:\/\/api.w.org\/{rel}","templated":true}]}}