{"id":51,"date":"2016-09-29T12:15:03","date_gmt":"2016-09-29T19:15:03","guid":{"rendered":"https:\/\/gxtesting.com\/core\/?page_id=51"},"modified":"2025-09-26T11:57:07","modified_gmt":"2025-09-26T18:57:07","slug":"contact-us","status":"publish","type":"page","link":"https:\/\/www.accuflow.com\/fr\/contact-us\/","title":{"rendered":"Contactez-nous"},"content":{"rendered":"<h3>Si\u00e8ge<\/h3>\t\t\t\t\t\n\t\t\t<p><strong>Accuflow<\/strong><br \/>5409 Aldrin Ct.<br \/>Bakersfield, CA 93313<br \/>\ud83d\udcde +1.661.241.8041<br \/>\ud83c\udf10 <a href=\"https:\/\/www.accuflow.com\/fr\/\">www.accuflow.com<\/a><br \/>\ud83d\udce7 <a href=\"mailto:accuflow@accuflow.com\">accuflow@accuflow.com<\/a><\/p>\t\t\n\t\t\t\t\t\t<h3>Argentine<\/h3>\t\t\t\t\t\n\t\t\t<p><strong>Meditecna S.R.L.<\/strong><br \/>A. Magari\u00f1os Cervantes 1767 (C1416ECH),<br \/>C.A.B.A.<br \/>\ud83d\udcde +54 11 7078-0413<br \/>\ud83c\udf10 <a href=\"https:\/\/www.meditecna.com\/\">www.meditecna.com<\/a><br \/>\ud83d\udce7 <a href=\"mailto:ventas@meditecna.com.ar\">ventas@meditecna.com.ar<\/a><\/p>\t\t\n\t\t\t\t\t\t<h3>Indon\u00e9sie<\/h3>\t\t\t\t\t\n\t\t\t<p><strong>PT Mitra Prana Abadi Sentosa<\/strong><br \/>Kokan Permata Kelapa Gading Blok D No. 27,<br \/>Jl. Boulevard Bukit Gading Raya,<br \/>Jakarta 14240<br \/>\ud83d\udcde +62 21 4529256<br \/>\ud83c\udf10 <a href=\"https:\/\/www.ptmpas.com\/\">www.ptmpas.com<\/a><br \/>\ud83d\udce7 <a href=\"mailto:salesmpas@ptmpas.com\">salesmpas@ptmpas.com<\/a><\/p>\t\t\n\t\t\t\t\t\t<h3>Malaisie<\/h3>\t\t\t\t\t\n\t\t\t<p><strong>Mash Four Sdn Bhd<\/strong><br \/>10, Jalan 4\/4C,<br \/>Desa Melawati,<br \/>53100 Kuala Lumpur, W.P. Kuala Lumpur<br \/>\ud83d\udcde +60 3-4161 5027<br \/>\ud83c\udf10 <a href=\"https:\/\/www.mashfour.com\/\">www.mashfour.com<\/a><br \/>\ud83d\udce7 <a href=\"mailto:info@mashfour.com\">info@mashfour.com<\/a><br \/><\/p>\t\t\n\t\t\t\t\t\t<h3>Malaisie<\/h3>\t\t\t\t\t\n\t\t\t<p><strong>Advanced Phase Solutions Sdn Bhd<\/strong><br \/>17, Jalan Pengetua U1\/32,<br \/>Parc industriel Hicom-Glenmarie, <br \/>40150 Shah Alam, Selangor<br \/>\ud83d\udcde +60 3-5569 6496<br \/>\ud83c\udf10 <a href=\"https:\/\/www.aps.com.my\/\">www.aps.com.my<\/a><br \/>\ud83d\udce7 <a href=\"mailto:enquiry@aps.com.my\">enquiry@aps.com.my<\/a><\/p>\t\t\n\t<h3>Adresse postale<\/h3>\n5409 Aldrin Ct.<br \/>Bakersfield, CA 93313, U.S.A.<br \/>\nP +1.661.241.8041\n\t<h3>Envoyez-nous un message<\/h3>\n                <form method='post' enctype='multipart\/form-data' target='gform_ajax_frame_5' id='gform_5'  action='https:\/\/www.accuflow.com\/fr\/contact-us\/?fl_builder&#038;fl_builder_ui_iframe#gf_5' data-formid='5' novalidate data-trp-original-action=\"https:\/\/www.accuflow.com\/contact-us\/?fl_builder&#038;fl_builder_ui_iframe#gf_5\">\n                        <ul id='gform_fields_5' class='gform_fields top_label form_sublabel_above description_above validation_below'><li id=\"field_5_11\"><label class='gfield_label gform-field-label' for='input_5_11'>LinkedIn<\/label>Ce champ est utilis\u00e9 \u00e0 des fins de validation et ne doit pas \u00eatre modifi\u00e9.<input name='input_11' id='input_5_11' type='text' value='' autocomplete='new-password'\/><\/li><li id=\"field_5_9\"><label class='gfield_label gform-field-label' for='input_5_9'>Nom de famille*<\/label><input name='input_9' id='input_5_9' type='text' value='' class='medium'   tabindex='100' placeholder='Pr\u00e9nom' aria-required=\"true\" aria-invalid=\"false\"   \/><\/li><li id=\"field_5_7\"><label class='gfield_label gform-field-label' for='input_5_7'>Nom de famille*<\/label><input name='input_7' id='input_5_7' type='text' value='' class='medium'   tabindex='101' placeholder='Nom de famille' aria-required=\"true\" aria-invalid=\"false\"   \/><\/li><li id=\"field_5_8\"><label class='gfield_label gform-field-label' for='input_5_8'>Entreprise*<\/label><input name='input_8' id='input_5_8' type='text' value='' class='medium'   tabindex='102' placeholder='Soci\u00e9t\u00e9' aria-required=\"true\" aria-invalid=\"false\"   \/><\/li><li id=\"field_5_3\"><label class='gfield_label gform-field-label' for='input_5_3'>T\u00e9l\u00e9phone*<\/label><input name='input_3' id='input_5_3' type='tel' value='' class='medium' tabindex='103' placeholder='T\u00e9l\u00e9phone' aria-required=\"true\" aria-invalid=\"false\"   \/><\/li><li id=\"field_5_4\"><label class='gfield_label gform-field-label' for='input_5_4'>Courriel*<\/label>\n                            <input name='input_4' id='input_5_4' type='email' value='' class='medium' tabindex='104'  placeholder='Courriel' aria-required=\"true\" aria-invalid=\"false\"  \/>\n                        <\/li><li id=\"field_5_6\"><label class='gfield_label gform-field-label' for='input_5_6'>Message*<\/label><textarea name='input_6' id='input_5_6' class='textarea medium' tabindex='105'   placeholder='Votre message' aria-required=\"true\" aria-invalid=\"false\"   rows='10' cols='50'><\/textarea><\/li><li id=\"field_5_10\"><label class='gfield_label gform-field-label' for='input_5_10'>CAPTCHA<\/label><\/li><\/ul>\n         <input type='submit' id='gform_submit_button_5' class='gform_button button' onclick='gform.submission.handleButtonClick(this);' data-submission-type='submit' value='Soumettre' tabindex='107' \/> <input type='hidden' name='gform_ajax' value='form_id=5&amp;title=&amp;description=&amp;tabindex=100&amp;theme=legacy&amp;styles=[]&amp;hash=a9b587e25a80649960930dd1c13313cc' \/>\n            <input type='hidden' class='gform_hidden' name='gform_submission_method' data-js='gform_submission_method_5' value='iframe' \/>\n            <input type='hidden' class='gform_hidden' name='gform_theme' data-js='gform_theme_5' id='gform_theme_5' value='legacy' \/>\n            <input type='hidden' class='gform_hidden' name='gform_style_settings' data-js='gform_style_settings_5' id='gform_style_settings_5' value='[]' \/>\n            <input type='hidden' class='gform_hidden' name='is_submit_5' value='1' \/>\n            <input type='hidden' class='gform_hidden' name='gform_submit' value='5' \/>\n            <input type='hidden' class='gform_hidden' name='gform_unique_id' value='' \/>\n            <input type='hidden' class='gform_hidden' name='state_5' value='WyJbXSIsIjRjNzQ2ZWQwMTFmNjc3MmY5YTIyZDFlZmUxNGE4MWY3Il0=' \/>\n            <input type='hidden' autocomplete='off' class='gform_hidden' name='gform_target_page_number_5' id='gform_target_page_number_5' value='0' \/>\n            <input type='hidden' autocomplete='off' class='gform_hidden' name='gform_source_page_number_5' id='gform_source_page_number_5' value='1' \/>\n            <input type='hidden' name='gform_field_values' value='' \/>\n                        <input type=\"hidden\" name=\"trp-form-language\" value=\"fr\"\/><\/form>\n\t\t                <iframe style='display:none;width:0px;height:0px;' src='about:blank' name='gform_ajax_frame_5' id='gform_ajax_frame_5' title='Cette iframe contient la logique n\u00e9cessaire pour g\u00e9rer les formulaires Gravity aliment\u00e9s par Ajax.'><\/iframe>\n\t<iframe loading=\"lazy\" src=\"https:\/\/www.google.com\/maps\/embed?pb=!1m18!1m12!1m3!1d3255.7461168172!2d-119.05759108475127!3d35.31228938028188!2m3!1f0!2f0!3f0!3m2!1i1024!2i768!4f13.1!3m3!1m2!1s0x80ea402f85e55555%3A0xe3ba2f77aa4da8e1!2sAccuflow!5e0!3m2!1sen!2sus!4v1587065578023!5m2!1sen!2sus\" width=\"600\" height=\"650\" frameborder=\"0\" allowfullscreen=\"\" aria-hidden=\"false\" tabindex=\"0\"><\/iframe>","protected":false},"excerpt":{"rendered":"<p>Headquarters Accuflow5409 Aldrin Ct.Bakersfield, CA 93313\ud83d\udcde +1.661.241.8041\ud83c\udf10 www.accuflow.com\ud83d\udce7 accuflow@accuflow.com Argentina Meditecna S.R.L.A. Magari\u00f1os Cervantes 1767 (C1416ECH),C.A.B.A.\ud83d\udcde +54 11 7078-0413\ud83c\udf10 www.meditecna.com\ud83d\udce7 ventas@meditecna.com.ar Indonesia PT Mitra Prana Abadi SentosaKokan Permata Kelapa Gading Blok D No. 27,Jl. Boulevard Bukit Gading Raya,Jakarta 14240\ud83d\udcde +62 21 4529256\ud83c\udf10 www.ptmpas.com\ud83d\udce7 salesmpas@ptmpas.com Malaysia Mash Four Sdn Bhd10, Jalan 4\/4C,Desa Melawati,53100 Kuala Lumpur, W.P.&hellip;<\/p>","protected":false},"author":8,"featured_media":0,"parent":0,"menu_order":0,"comment_status":"closed","ping_status":"closed","template":"","meta":{"_seopress_robots_primary_cat":"","_seopress_titles_title":"","_seopress_titles_desc":"Connect with Accuflow to explore our cutting-edge multiphase flow measurement solutions, designed to optimize your oil and gas operations. Our headquarters are located in Bakersfield, CA, U.S.A. For international inquiries, we have representatives in Argentina, Indonesia, and Malaysia, ready to assist with your project needs. Contact us today to discuss your requirements and discover how we can support your operations with tailored solutions.","_seopress_robots_index":"","_seopress_analysis_target_kw":"","footnotes":""},"class_list":["post-51","page","type-page","status-publish","hentry"],"_links":{"self":[{"href":"https:\/\/www.accuflow.com\/fr\/wp-json\/wp\/v2\/pages\/51","targetHints":{"allow":["GET"]}}],"collection":[{"href":"https:\/\/www.accuflow.com\/fr\/wp-json\/wp\/v2\/pages"}],"about":[{"href":"https:\/\/www.accuflow.com\/fr\/wp-json\/wp\/v2\/types\/page"}],"author":[{"embeddable":true,"href":"https:\/\/www.accuflow.com\/fr\/wp-json\/wp\/v2\/users\/8"}],"replies":[{"embeddable":true,"href":"https:\/\/www.accuflow.com\/fr\/wp-json\/wp\/v2\/comments?post=51"}],"version-history":[{"count":0,"href":"https:\/\/www.accuflow.com\/fr\/wp-json\/wp\/v2\/pages\/51\/revisions"}],"wp:attachment":[{"href":"https:\/\/www.accuflow.com\/fr\/wp-json\/wp\/v2\/media?parent=51"}],"curies":[{"name":"wp","href":"https:\/\/api.w.org\/{rel}","templated":true}]}}