{"id":22311,"date":"2020-04-16T14:20:21","date_gmt":"2020-04-16T21:20:21","guid":{"rendered":"https:\/\/www.accuflow.com\/?page_id=22311"},"modified":"2025-03-14T11:18:06","modified_gmt":"2025-03-14T18:18:06","slug":"custom-piping-and-engineering","status":"publish","type":"page","link":"https:\/\/www.accuflow.com\/fr\/services\/custom-piping-and-engineering\/","title":{"rendered":"Tuyauterie et ing\u00e9nierie sur mesure"},"content":{"rendered":"<h4>Vous avez un projet sp\u00e9cial\/custom qui n\u00e9cessite une mesure et\/ou un contr\u00f4le du d\u00e9bit ?<\/h4>\n<p>Nous pouvons concevoir, \u00e9tudier et construire des skids de tuyauterie pour n'importe quelle application. Nous avons cr\u00e9\u00e9 divers skids avec des d\u00e9bitm\u00e8tres, des pompes, des VFD, des vannes de contr\u00f4le, des instruments d'analyse, etc. pour une vari\u00e9t\u00e9 d'applications sp\u00e9ciales. Voir quelques-unes de nos r\u00e9alisations ci-dessous.<\/p>\n\t\t\t\t<img decoding=\"async\" src=\"https:\/\/www.accuflow.com\/wp-content\/uploads\/2020\/04\/3-phase-flow-test-loop-for-testing-gas-void-fraction-flow-meter-capability-600x538.jpg\" alt=\"3-phase flow test loop for testing gas void fraction flow meter capability\" itemprop=\"image\" height=\"538\" width=\"600\" title=\"Boucle d&#039;essai d&#039;\u00e9coulement triphas\u00e9 pour tester la capacit\u00e9 du d\u00e9bitm\u00e8tre de la fraction de vide gazeux\" onerror=\"this.style.display='none'\"  \/>\n\t<h5>Une boucle d'essai de d\u00e9bit multiphase compl\u00e8te avec des d\u00e9bitm\u00e8tres, des vannes de contr\u00f4le, un s\u00e9parateur, des pompes, des VFD, etc.<\/h5>\n\t<p>Plusieurs fabricants de d\u00e9bitm\u00e8tres nous ont demand\u00e9 de tester la capacit\u00e9 de leurs d\u00e9bitm\u00e8tres \u00e0 effet Coriolis \u00e0 traiter les gaz entra\u00een\u00e9s. Nous avons con\u00e7u et construit une boucle compl\u00e8te de test de d\u00e9bit leur permettant de comparer avec un s\u00e9parateur de r\u00e9f\u00e9rence et de composer des d\u00e9bits pr\u00e9cis, des coupures d'eau et des fractions de vide de gaz \u00e0 un co\u00fbt nettement inf\u00e9rieur \u00e0 celui d'autres installations de test de d\u00e9bit.<\/p>\n\t\t\t\t<img decoding=\"async\" src=\"https:\/\/www.accuflow.com\/wp-content\/uploads\/2020\/04\/solar-powered-water-injection-controller-600x478.jpg\" alt=\"Solar-powered water injection controller\" itemprop=\"image\" height=\"478\" width=\"600\" title=\"R\u00e9gulateur d&#039;injection d&#039;eau \u00e0 \u00e9nergie solaire\" onerror=\"this.style.display='none'\"  \/>\n\t<h5>Un r\u00e9gulateur d'injection d'eau aliment\u00e9 par l'\u00e9nergie solaire<br \/>\npour une application d'injection d'eau<\/h5>\n\t<p>Un producteur de p\u00e9trole californien nous a contact\u00e9s au sujet d'une application sp\u00e9ciale de contr\u00f4le de l'injection d'eau. CalGEM fixe des limites strictes pour la pression d'injection, et le producteur \u00e9tait cit\u00e9 pour avoir d\u00e9pass\u00e9 ces limites. Nous avons cr\u00e9\u00e9 un sch\u00e9ma \u00e0 double injecteur pour le tubage et le tubage avec contr\u00f4le du d\u00e9bit et de la pression, et nous avons reli\u00e9 les contr\u00f4leurs d'injection \u00e0 leur syst\u00e8me SCADA par l'interm\u00e9diaire de radios Ethernet 900 MHz. Notre solution leur a permis de contr\u00f4ler les d\u00e9bits d'injection et la pression tout au long de la concession \u00e0 un co\u00fbt nettement inf\u00e9rieur \u00e0 celui des autres solutions, tout en r\u00e9ussissant \u00e0 \u00e9viter d'autres citations.<\/p>\n\t\t\t<a href=\"\/fr\/contact-us\/\" target=\"_self\">\n\t\t\t\t\t\t\tContactez-nous\n\t\t\t\t\t<\/a>","protected":false},"excerpt":{"rendered":"<p>Avez-vous un projet sp\u00e9cial ou personnalis\u00e9 n\u00e9cessitant une mesure et\/ou un contr\u00f4le du d\u00e9bit ? Nous pouvons concevoir, \u00e9tudier et construire des skids de tuyauterie pour n'importe quelle application. Nous avons cr\u00e9\u00e9 diff\u00e9rents skids avec des d\u00e9bitm\u00e8tres, des pompes, des VFD, des vannes de contr\u00f4le, des instruments analytiques, etc. pour une vari\u00e9t\u00e9 d'applications sp\u00e9ciales. Voir quelques-unes de nos r\u00e9alisations ci-dessous. Une boucle de test de d\u00e9bit multiphase...<\/p>","protected":false},"author":8,"featured_media":0,"parent":21880,"menu_order":0,"comment_status":"closed","ping_status":"closed","template":"","meta":{"_seopress_robots_primary_cat":"","_seopress_titles_title":"","_seopress_titles_desc":"Accuflow specializes in designing, engineering, and constructing custom piping skids tailored for diverse flow measurement and control applications. Our expertise encompasses integrating components such as flow meters, pumps, variable frequency drives (VFDs), control valves, and analytical instrumentation to meet unique project requirements. Notable projects include developing a multiphase flow test loop for evaluating Coriolis flow meters' performance with entrained gas and creating a solar-powered water injection controller for waterflooding applications.","_seopress_robots_index":"","footnotes":""},"class_list":["post-22311","page","type-page","status-publish","hentry"],"_links":{"self":[{"href":"https:\/\/www.accuflow.com\/fr\/wp-json\/wp\/v2\/pages\/22311","targetHints":{"allow":["GET"]}}],"collection":[{"href":"https:\/\/www.accuflow.com\/fr\/wp-json\/wp\/v2\/pages"}],"about":[{"href":"https:\/\/www.accuflow.com\/fr\/wp-json\/wp\/v2\/types\/page"}],"author":[{"embeddable":true,"href":"https:\/\/www.accuflow.com\/fr\/wp-json\/wp\/v2\/users\/8"}],"replies":[{"embeddable":true,"href":"https:\/\/www.accuflow.com\/fr\/wp-json\/wp\/v2\/comments?post=22311"}],"version-history":[{"count":0,"href":"https:\/\/www.accuflow.com\/fr\/wp-json\/wp\/v2\/pages\/22311\/revisions"}],"up":[{"embeddable":true,"href":"https:\/\/www.accuflow.com\/fr\/wp-json\/wp\/v2\/pages\/21880"}],"wp:attachment":[{"href":"https:\/\/www.accuflow.com\/fr\/wp-json\/wp\/v2\/media?parent=22311"}],"curies":[{"name":"wp","href":"https:\/\/api.w.org\/{rel}","templated":true}]}}