{"id":22302,"date":"2020-04-16T14:14:54","date_gmt":"2020-04-16T21:14:54","guid":{"rendered":"https:\/\/www.accuflow.com\/?page_id=22302"},"modified":"2025-03-14T11:17:29","modified_gmt":"2025-03-14T18:17:29","slug":"separator-performance-auditing","status":"publish","type":"page","link":"https:\/\/www.accuflow.com\/fr\/services\/separator-performance-auditing\/","title":{"rendered":"Audit de performance des s\u00e9parateurs"},"content":{"rendered":"<h4>Avez-vous besoin d'experts en mesure de d\u00e9bit multiphase pour v\u00e9rifier vos s\u00e9parateurs d'essai de puits ou vos s\u00e9parateurs de d\u00e9bit de production pour l'un des points suivants ?<\/h4>\n<ul>\n<li>R\u00e9sultats de tests mauvais\/incorrects<\/li>\n<li>Probl\u00e8mes de proc\u00e9d\u00e9 : \u00e9mulsion \u00e9tanche, gaz entra\u00een\u00e9, moussage, etc.<\/li>\n<li>Mauvaise mesure du d\u00e9bit brut de liquide<\/li>\n<li>Coupure d'eau\/mesure du contenu incorrecte<\/li>\n<li>Mauvaise mesure du d\u00e9bit de gaz<\/li>\n<li>Probl\u00e8mes ou perturbations sporadiques des processus<\/li>\n<li>Mauvais contr\u00f4le ou r\u00e9glage du PID<\/li>\n<li>Mauvais calibrage des instruments<\/li>\n<\/ul>\n<h4>Nos experts en mesure de d\u00e9bit multiphasique peuvent \u00e9valuer vos s\u00e9parateurs de d\u00e9bit existants pour les \u00e9l\u00e9ments suivants :<\/h4>\n<ul>\n<li><strong>Base de conception :<\/strong> Ce s\u00e9parateur est-il correctement dimensionn\u00e9 et con\u00e7u pour l'application ? Quels sont les probl\u00e8mes qui peuvent r\u00e9sulter de la conception ? Comment peut-on l'am\u00e9liorer ?<\/li>\n<li><strong>S\u00e9lection du d\u00e9bitm\u00e8tre et de l'instrumentation :<\/strong> Les d\u00e9bitm\u00e8tres et les instruments du s\u00e9parateur sont-ils correctement dimensionn\u00e9s et adapt\u00e9s \u00e0 l'application ?<\/li>\n<li><strong>Calibration<\/strong>: Le(s) d\u00e9bitm\u00e8tre(s), le(s) compteur(s) d'eau et les instruments du s\u00e9parateur sont-ils calibr\u00e9s avec pr\u00e9cision ? \u00c0 quelle fr\u00e9quence doivent-ils \u00eatre \u00e9talonn\u00e9s ?<\/li>\n<li><strong>Int\u00e9gration des syst\u00e8mes \/ SCADA :<\/strong> Les mesures de d\u00e9bit et les relev\u00e9s des instruments sont-ils recueillis, corrig\u00e9s et utilis\u00e9s de mani\u00e8re appropri\u00e9e pour produire des r\u00e9sultats significatifs ?<\/li>\n<\/ul>\n\t\t\t<a href=\"\/fr\/contact-us\/\" target=\"_self\">\n\t\t\t\t\t\t\tContactez-nous\n\t\t\t\t\t<\/a>\n\t\t\t\t<img decoding=\"async\" src=\"https:\/\/www.accuflow.com\/wp-content\/uploads\/2020\/04\/performance-auditing.jpg\" alt=\"performance auditing\" itemprop=\"image\" height=\"1350\" width=\"2560\" title=\"Audit de performance\" onerror=\"this.style.display='none'\"  \/>","protected":false},"excerpt":{"rendered":"<p>Avez-vous besoin d'experts en mesure de d\u00e9bit multiphasique pour v\u00e9rifier vos s\u00e9parateurs d'essai de puits ou vos s\u00e9parateurs de d\u00e9bit de production pour l'un des probl\u00e8mes suivants ? R\u00e9sultats d'essais mauvais\/incorrects Probl\u00e8mes de processus : \u00e9mulsion serr\u00e9e, gaz entra\u00een\u00e9, moussage, etc. Mauvaise mesure du d\u00e9bit brut de liquide Mesure incorrecte de la teneur en eau Mauvaise mesure du d\u00e9bit de gaz Probl\u00e8mes de processus sporadiques ou interruptions de processus Mauvais contr\u00f4le...<\/p>","protected":false},"author":8,"featured_media":22175,"parent":21880,"menu_order":0,"comment_status":"closed","ping_status":"closed","template":"","meta":{"_seopress_robots_primary_cat":"","_seopress_titles_title":"","_seopress_titles_desc":"Accuflow's separator performance auditing services evaluate and optimize well test and production flow separators to address issues such as inaccurate test results, process inefficiencies, and instrumentation calibration problems. Our experts assess design adequacy, instrumentation selection, calibration accuracy, and systems integration to enhance separator performance.","_seopress_robots_index":"","footnotes":""},"class_list":["post-22302","page","type-page","status-publish","has-post-thumbnail","hentry"],"_links":{"self":[{"href":"https:\/\/www.accuflow.com\/fr\/wp-json\/wp\/v2\/pages\/22302","targetHints":{"allow":["GET"]}}],"collection":[{"href":"https:\/\/www.accuflow.com\/fr\/wp-json\/wp\/v2\/pages"}],"about":[{"href":"https:\/\/www.accuflow.com\/fr\/wp-json\/wp\/v2\/types\/page"}],"author":[{"embeddable":true,"href":"https:\/\/www.accuflow.com\/fr\/wp-json\/wp\/v2\/users\/8"}],"replies":[{"embeddable":true,"href":"https:\/\/www.accuflow.com\/fr\/wp-json\/wp\/v2\/comments?post=22302"}],"version-history":[{"count":0,"href":"https:\/\/www.accuflow.com\/fr\/wp-json\/wp\/v2\/pages\/22302\/revisions"}],"up":[{"embeddable":true,"href":"https:\/\/www.accuflow.com\/fr\/wp-json\/wp\/v2\/pages\/21880"}],"wp:featuredmedia":[{"embeddable":true,"href":"https:\/\/www.accuflow.com\/fr\/wp-json\/wp\/v2\/media\/22175"}],"wp:attachment":[{"href":"https:\/\/www.accuflow.com\/fr\/wp-json\/wp\/v2\/media?parent=22302"}],"curies":[{"name":"wp","href":"https:\/\/api.w.org\/{rel}","templated":true}]}}