{"id":22286,"date":"2020-04-16T14:09:47","date_gmt":"2020-04-16T21:09:47","guid":{"rendered":"https:\/\/www.accuflow.com\/?page_id=22286"},"modified":"2025-03-14T11:16:52","modified_gmt":"2025-03-14T18:16:52","slug":"consulting","status":"publish","type":"page","link":"https:\/\/www.accuflow.com\/fr\/services\/consulting\/","title":{"rendered":"Consultation"},"content":{"rendered":"<h4>Les s\u00e9parateurs de puits ou les MPFM rencontrent-ils des probl\u00e8mes de processus et\/ou donnent-ils de mauvais r\u00e9sultats ?<\/h4>\n<h4>Vous avez besoin d'experts en mesure de d\u00e9bit multiphasique pour un projet sp\u00e9cial ou personnalis\u00e9 ? <\/h4>\n<p>Notre large \u00e9ventail d'expertise et d'exp\u00e9rience nous permet d'intervenir dans les domaines suivants :<\/p>\n<ul>\n<li>Flow measurement &#8211; traditional and multiphase<\/li>\n<li>Phase separation &#8211; 2-phase, 3-phase, and beyond<\/li>\n<li>Process troubleshooting\/issues &#8211; tight emulsion, entrained gas, foaming, and more<\/li>\n<li>Systems integration &#8211; control systems design, PLC programming, computer programming, and more<\/li>\n<li>Instrumentation selection and calibration &#8211; liquid and gas flow meters, water cut meters, analytical instruments, and more<\/li>\n<li>Custom design engineering &#8211; piping skids, multiphase flow test loops, and more<\/li>\n<li>Demandez-nous !<\/li>\n<\/ul>\n\t\t\t<a href=\"\/fr\/contact-us\/\" target=\"_self\">\n\t\t\t\t\t\t\tContactez-nous\n\t\t\t\t\t<\/a>\n\t\t\t\t<img decoding=\"async\" src=\"https:\/\/www.accuflow.com\/wp-content\/uploads\/2020\/04\/presentation-of-working-data.jpg\" alt=\"consulting\" itemprop=\"image\" height=\"1333\" width=\"2000\" title=\"Pr\u00e9sentation des donn\u00e9es de travail\" onerror=\"this.style.display='none'\"  \/>","protected":false},"excerpt":{"rendered":"<p>Are your well test separators or MPFMs experiencing process issues and\/or giving bad test results? Do you need multiphase flow measurement experts for a special\/custom project? Our wide range of expertise and experience allows us to consult on: Flow measurement &#8211; traditional and multiphase Phase separation &#8211; 2-phase, 3-phase, and beyond Process troubleshooting\/issues &#8211; tight&hellip;<\/p>","protected":false},"author":8,"featured_media":22176,"parent":21880,"menu_order":0,"comment_status":"closed","ping_status":"closed","template":"","meta":{"_seopress_robots_primary_cat":"","_seopress_titles_title":"","_seopress_titles_desc":"Accuflow provides expert consulting services in multiphase flow measurement, phase separation, process troubleshooting, systems integration, instrumentation selection and calibration, and custom design engineering.","_seopress_robots_index":"","footnotes":""},"class_list":["post-22286","page","type-page","status-publish","has-post-thumbnail","hentry"],"_links":{"self":[{"href":"https:\/\/www.accuflow.com\/fr\/wp-json\/wp\/v2\/pages\/22286","targetHints":{"allow":["GET"]}}],"collection":[{"href":"https:\/\/www.accuflow.com\/fr\/wp-json\/wp\/v2\/pages"}],"about":[{"href":"https:\/\/www.accuflow.com\/fr\/wp-json\/wp\/v2\/types\/page"}],"author":[{"embeddable":true,"href":"https:\/\/www.accuflow.com\/fr\/wp-json\/wp\/v2\/users\/8"}],"replies":[{"embeddable":true,"href":"https:\/\/www.accuflow.com\/fr\/wp-json\/wp\/v2\/comments?post=22286"}],"version-history":[{"count":0,"href":"https:\/\/www.accuflow.com\/fr\/wp-json\/wp\/v2\/pages\/22286\/revisions"}],"up":[{"embeddable":true,"href":"https:\/\/www.accuflow.com\/fr\/wp-json\/wp\/v2\/pages\/21880"}],"wp:featuredmedia":[{"embeddable":true,"href":"https:\/\/www.accuflow.com\/fr\/wp-json\/wp\/v2\/media\/22176"}],"wp:attachment":[{"href":"https:\/\/www.accuflow.com\/fr\/wp-json\/wp\/v2\/media?parent=22286"}],"curies":[{"name":"wp","href":"https:\/\/api.w.org\/{rel}","templated":true}]}}