{"id":22021,"date":"2020-04-07T18:16:09","date_gmt":"2020-04-08T01:16:09","guid":{"rendered":"https:\/\/www.accuflow.com\/?page_id=22021"},"modified":"2025-08-28T16:16:35","modified_gmt":"2025-08-28T23:16:35","slug":"mobile-test-separators","status":"publish","type":"page","link":"https:\/\/www.accuflow.com\/fr\/products\/mobile-test-separators\/","title":{"rendered":"S\u00e9parateurs d'essai mobiles"},"content":{"rendered":"<p>Pour votre application de test de puits sur roues. Tous nos syst\u00e8mes peuvent \u00eatre rendus mobiles. Chaque application est con\u00e7ue sur mesure pour l'utilisation pr\u00e9vue. Qu'il s'agisse de routes pav\u00e9es ou de terrains accident\u00e9s, de simples ombrages ou d'installations climatis\u00e9es, Accuflow peut fournir une solution pour vos besoins d'essais mobiles. Des camions enti\u00e8rement charg\u00e9s avec des salles de conduite climatis\u00e9es et des laboratoires mobiles sont disponibles.<\/p>\n<h3>\n\t\t\tCaract\u00e9ristiques\t<\/h3>\n\t<ul>\n<li>Incertitudes de mesure :\n<ul>\n<li>Coupe d'eau \/ rapport eau-liquide (WLR) :\n<ul>\n<li>2 phases : 2% absolu<\/li>\n<li>Triphas\u00e9 : 0,25% absolu<\/li>\n<\/ul>\n<\/li>\n<li>D\u00e9bit du liquide : 0,25% de lecture<\/li>\n<li>D\u00e9bit de gaz : 3% de lecture<\/li>\n<\/ul>\n<\/li>\n<li>Fonctionne en 0-100% GVF et dans tous les r\u00e9gimes d'\u00e9coulement<\/li>\n<li>100% efficacit\u00e9 de la s\u00e9paration et s\u00e9paration compl\u00e8te des phases gazeuse et liquide<\/li>\n<li>Perte de charge inf\u00e9rieure \u00e0 0,3 bar \/ 5 psi sur l'ensemble du patin<\/li>\n<li>Utilise les technologies de d\u00e9bitm\u00e8tre les plus pr\u00e9cises (Coriolis pour les liquides, ultrasons pour les gaz) avec des ratios de r\u00e9duction \u00e9lev\u00e9s (&gt;100:1).<\/li>\n<li>D\u00e9termination de la coupure d'eau et corrections de d\u00e9bit selon les normes API MPMS, ISO et AGA<\/li>\n<\/ul>\n<h3>\n\t\t\tAvantages\t<\/h3>\n\t<ul>\n<li>Plus petits, plus l\u00e9gers, moins co\u00fbteux et n\u00e9cessitant moins d'entretien que les s\u00e9parateurs d'essai de puits conventionnels.<\/li>\n<li>Donn\u00e9es d'essai de puits continues et de haute qualit\u00e9 avec des donn\u00e9es de diagnostic suppl\u00e9mentaires pour :\n<ul>\n<li>\u00c9valuation des propri\u00e9t\u00e9s des r\u00e9servoirs, de la performance des puits et des caract\u00e9ristiques des fluides<\/li>\n<li>Optimisation de la production<\/li>\n<li>Mod\u00e9lisation des r\u00e9servoirs<\/li>\n<li>Orienter les d\u00e9cisions \u00e9conomiques<\/li>\n<li>Formation aux mod\u00e8les d'IA\/ML<\/li>\n<\/ul>\n<\/li>\n<\/ul>\n<h2>\n\t\t\tGalerie\t<\/h2>\n\t\t\t\t<a\n\t\t\thref=\"https:\/\/www.accuflow.com\/wp-content\/uploads\/2020\/05\/exxonmobil-chad-africa-2-phase-SR-trailer-2-1-1024x768.jpg\"\n\t\t\t\t\t\tdata-fancybox=\"images\" \n\t\t\ttitle=\"Remorque mobile s\u00e9paratrice d&#039;essai \u00e0 2 phases SR multiphase\" \n\t\t\t\t\t\tdata-caption=\"\"\n\t\t\t\t\t\tdata-description=\"\" \n\t\t\titemprop=\"contentUrl\">\n\t\t\t<img decoding=\"async\" src=\"https:\/\/www.accuflow.com\/wp-content\/uploads\/2020\/05\/exxonmobil-chad-africa-2-phase-SR-trailer-2-1-1024x768.jpg\" alt=\"2-phase SR multiphase test separator mobile trailer\" data-no-lazy=\"1\" itemprop=\"thumbnail\" width=\"1024\" height=\"768\" \/>\n\t\t\t<!-- Overlay Wrapper -->\n\t\t\t <!-- Overlay Wrapper Closed -->\n\t\t\t\t<\/a>\n\t\t\t\t\t\t\t<meta itemprop=\"width\" content=\"1024\" \/>\n\t\t\t<meta itemprop=\"height\" content=\"768\" \/>\n\t\t\t\t<a\n\t\t\thref=\"https:\/\/www.accuflow.com\/wp-content\/uploads\/2020\/05\/ExxonMobil-Chad-Africa-2-phase-SR-trailer-1-1-1024x768.jpg\"\n\t\t\t\t\t\tdata-fancybox=\"images\" \n\t\t\ttitle=\"Remorque mobile s\u00e9paratrice d&#039;essai \u00e0 2 phases SR multiphase\" \n\t\t\t\t\t\tdata-caption=\"\"\n\t\t\t\t\t\tdata-description=\"\" \n\t\t\titemprop=\"contentUrl\">\n\t\t\t<img decoding=\"async\" src=\"https:\/\/www.accuflow.com\/wp-content\/uploads\/2020\/05\/ExxonMobil-Chad-Africa-2-phase-SR-trailer-1-1-1024x768.jpg\" alt=\"2-phase SR multiphase test separator mobile trailer\" data-no-lazy=\"1\" itemprop=\"thumbnail\" width=\"1024\" height=\"768\" \/>\n\t\t\t<!-- Overlay Wrapper -->\n\t\t\t <!-- Overlay Wrapper Closed -->\n\t\t\t\t<\/a>\n\t\t\t\t\t\t\t<meta itemprop=\"width\" content=\"1024\" \/>\n\t\t\t<meta itemprop=\"height\" content=\"768\" \/>\n\t\t\t\t<a\n\t\t\thref=\"https:\/\/www.accuflow.com\/wp-content\/uploads\/2020\/05\/2-phase-jr-multiphase-test-separator-mobile-trailer-2-768x1024.jpg\"\n\t\t\t\t\t\tdata-fancybox=\"images\" \n\t\t\ttitle=\"Remorque mobile \u00e0 s\u00e9parateur d&#039;essai multiphas\u00e9 JR\" \n\t\t\t\t\t\tdata-caption=\"\"\n\t\t\t\t\t\tdata-description=\"\" \n\t\t\titemprop=\"contentUrl\">\n\t\t\t<img decoding=\"async\" src=\"https:\/\/www.accuflow.com\/wp-content\/uploads\/2020\/05\/2-phase-jr-multiphase-test-separator-mobile-trailer-2-768x1024.jpg\" alt=\"2-phase JR multiphase test separator mobile trailer\" data-no-lazy=\"1\" itemprop=\"thumbnail\" width=\"768\" height=\"1024\" \/>\n\t\t\t<!-- Overlay Wrapper -->\n\t\t\t <!-- Overlay Wrapper Closed -->\n\t\t\t\t<\/a>\n\t\t\t\t\t\t\t<meta itemprop=\"width\" content=\"768\" \/>\n\t\t\t<meta itemprop=\"height\" content=\"1024\" \/>\n\t\t\t\t<a\n\t\t\thref=\"https:\/\/www.accuflow.com\/wp-content\/uploads\/2020\/05\/3-phase-jr-multiphase-test-separator-mobile-trailer-1024x768.jpg\"\n\t\t\t\t\t\tdata-fancybox=\"images\" \n\t\t\ttitle=\"Essai triphas\u00e9 JR multiphas\u00e9 s\u00e9parateur mobile\" \n\t\t\t\t\t\tdata-caption=\"\"\n\t\t\t\t\t\tdata-description=\"\" \n\t\t\titemprop=\"contentUrl\">\n\t\t\t<img decoding=\"async\" src=\"https:\/\/www.accuflow.com\/wp-content\/uploads\/2020\/05\/3-phase-jr-multiphase-test-separator-mobile-trailer-1024x768.jpg\" alt=\"3-phase JR multiphase test separator mobile trailer\" data-no-lazy=\"1\" itemprop=\"thumbnail\" width=\"1024\" height=\"768\" \/>\n\t\t\t<!-- Overlay Wrapper -->\n\t\t\t <!-- Overlay Wrapper Closed -->\n\t\t\t\t<\/a>\n\t\t\t\t\t\t\t<meta itemprop=\"width\" content=\"1024\" \/>\n\t\t\t<meta itemprop=\"height\" content=\"768\" \/>\n\t\t\t\t<a\n\t\t\thref=\"https:\/\/www.accuflow.com\/wp-content\/uploads\/2020\/05\/3-phase-sr-multiphase-test-separator-1024x768.jpg\"\n\t\t\t\t\t\tdata-fancybox=\"images\" \n\t\t\ttitle=\"S\u00e9parateur d&#039;essai triphas\u00e9 SR multiphase\" \n\t\t\t\t\t\tdata-caption=\"\"\n\t\t\t\t\t\tdata-description=\"\" \n\t\t\titemprop=\"contentUrl\">\n\t\t\t<img decoding=\"async\" src=\"https:\/\/www.accuflow.com\/wp-content\/uploads\/2020\/05\/3-phase-sr-multiphase-test-separator-1024x768.jpg\" alt=\"3-phase SR multiphase test separator\" data-no-lazy=\"1\" itemprop=\"thumbnail\" width=\"1024\" height=\"768\" \/>\n\t\t\t<!-- Overlay Wrapper -->\n\t\t\t <!-- Overlay Wrapper Closed -->\n\t\t\t\t<\/a>\n\t\t\t\t\t\t\t<meta itemprop=\"width\" content=\"1024\" \/>\n\t\t\t<meta itemprop=\"height\" content=\"768\" \/>\n\t\t\t\t<a\n\t\t\thref=\"https:\/\/www.accuflow.com\/wp-content\/uploads\/2020\/04\/3-phase-sr-multiphase-test-separator-mobile-trailer-indonesia-3.jpg\"\n\t\t\t\t\t\tdata-fancybox=\"images\" \n\t\t\ttitle=\"Essai triphas\u00e9 SR multiphase remorque mobile s\u00e9paratrice Indon\u00e9sie\" \n\t\t\t\t\t\tdata-caption=\"\"\n\t\t\t\t\t\tdata-description=\"\" \n\t\t\titemprop=\"contentUrl\">\n\t\t\t<img decoding=\"async\" src=\"https:\/\/www.accuflow.com\/wp-content\/uploads\/2020\/04\/3-phase-sr-multiphase-test-separator-mobile-trailer-indonesia-3.jpg\" alt=\"3-phase SR multiphase test separator mobile trailer Indonesia\" data-no-lazy=\"1\" itemprop=\"thumbnail\" width=\"770\" height=\"485\" \/>\n\t\t\t<!-- Overlay Wrapper -->\n\t\t\t <!-- Overlay Wrapper Closed -->\n\t\t\t\t<\/a>\n\t\t\t\t\t\t\t<meta itemprop=\"width\" content=\"770\" \/>\n\t\t\t<meta itemprop=\"height\" content=\"485\" \/>\n\t\t\t\t<a\n\t\t\thref=\"https:\/\/www.accuflow.com\/wp-content\/uploads\/2020\/04\/2-phase-sr-multiphase-test-separator-mobile-trailer.jpg\"\n\t\t\t\t\t\tdata-fancybox=\"images\" \n\t\t\ttitle=\"Remorque mobile s\u00e9paratrice d&#039;essai \u00e0 2 phases SR multiphase\" \n\t\t\t\t\t\tdata-caption=\"\"\n\t\t\t\t\t\tdata-description=\"\" \n\t\t\titemprop=\"contentUrl\">\n\t\t\t<img decoding=\"async\" src=\"https:\/\/www.accuflow.com\/wp-content\/uploads\/2020\/04\/2-phase-sr-multiphase-test-separator-mobile-trailer.jpg\" alt=\"2-phase SR multiphase test separator mobile trailer\" data-no-lazy=\"1\" itemprop=\"thumbnail\" width=\"1024\" height=\"768\" \/>\n\t\t\t<!-- Overlay Wrapper -->\n\t\t\t <!-- Overlay Wrapper Closed -->\n\t\t\t\t<\/a>\n\t\t\t\t\t\t\t<meta itemprop=\"width\" content=\"1024\" \/>\n\t\t\t<meta itemprop=\"height\" content=\"768\" \/>\n\t\t\t\t<a\n\t\t\thref=\"https:\/\/www.accuflow.com\/wp-content\/uploads\/2020\/04\/2-phase-sr-multiphase-test-separator-mobile-trailer-2-1024x768.jpg\"\n\t\t\t\t\t\tdata-fancybox=\"images\" \n\t\t\ttitle=\"Remorque mobile s\u00e9paratrice d&#039;essai \u00e0 2 phases SR multiphase\" \n\t\t\t\t\t\tdata-caption=\"\"\n\t\t\t\t\t\tdata-description=\"\" \n\t\t\titemprop=\"contentUrl\">\n\t\t\t<img decoding=\"async\" src=\"https:\/\/www.accuflow.com\/wp-content\/uploads\/2020\/04\/2-phase-sr-multiphase-test-separator-mobile-trailer-2-1024x768.jpg\" alt=\"2-phase SR multiphase test separator mobile trailer\" data-no-lazy=\"1\" itemprop=\"thumbnail\" width=\"1024\" height=\"768\" \/>\n\t\t\t<!-- Overlay Wrapper -->\n\t\t\t <!-- Overlay Wrapper Closed -->\n\t\t\t\t<\/a>\n\t\t\t\t\t\t\t<meta itemprop=\"width\" content=\"1024\" \/>\n\t\t\t<meta itemprop=\"height\" content=\"768\" \/>\n\t\t\t\t<a\n\t\t\thref=\"https:\/\/www.accuflow.com\/wp-content\/uploads\/2020\/04\/3-phase-sr-multiphase-test-separator-mobile-trailer.jpg\"\n\t\t\t\t\t\tdata-fancybox=\"images\" \n\t\t\ttitle=\"Remorque mobile de s\u00e9parateur d&#039;essai triphas\u00e9 SR multiphase\" \n\t\t\t\t\t\tdata-caption=\"\"\n\t\t\t\t\t\tdata-description=\"\" \n\t\t\titemprop=\"contentUrl\">\n\t\t\t<img decoding=\"async\" src=\"https:\/\/www.accuflow.com\/wp-content\/uploads\/2020\/04\/3-phase-sr-multiphase-test-separator-mobile-trailer.jpg\" alt=\"3-phase SR multiphase test separator mobile trailer\" data-no-lazy=\"1\" itemprop=\"thumbnail\" width=\"1024\" height=\"768\" \/>\n\t\t\t<!-- Overlay Wrapper -->\n\t\t\t <!-- Overlay Wrapper Closed -->\n\t\t\t\t<\/a>\n\t\t\t\t\t\t\t<meta itemprop=\"width\" content=\"1024\" \/>\n\t\t\t<meta itemprop=\"height\" content=\"768\" \/>\n\t\t\t\t<a\n\t\t\thref=\"https:\/\/www.accuflow.com\/wp-content\/uploads\/2020\/04\/2-phase-jr-multiphase-test-separator-mobile-trailer.jpg\"\n\t\t\t\t\t\tdata-fancybox=\"images\" \n\t\t\ttitle=\"Remorque mobile \u00e0 s\u00e9parateur d&#039;essai multiphas\u00e9 JR\" \n\t\t\t\t\t\tdata-caption=\"\"\n\t\t\t\t\t\tdata-description=\"\" \n\t\t\titemprop=\"contentUrl\">\n\t\t\t<img decoding=\"async\" src=\"https:\/\/www.accuflow.com\/wp-content\/uploads\/2020\/04\/2-phase-jr-multiphase-test-separator-mobile-trailer.jpg\" alt=\"2-phase JR multiphase test separator mobile trailer\" data-no-lazy=\"1\" itemprop=\"thumbnail\" width=\"1024\" height=\"768\" \/>\n\t\t\t<!-- Overlay Wrapper -->\n\t\t\t <!-- Overlay Wrapper Closed -->\n\t\t\t\t<\/a>\n\t\t\t\t\t\t\t<meta itemprop=\"width\" content=\"1024\" \/>\n\t\t\t<meta itemprop=\"height\" content=\"768\" \/>\n\t\t\t\t<a\n\t\t\thref=\"https:\/\/www.accuflow.com\/wp-content\/uploads\/2020\/04\/3-phase-sr-multiphase-test-separator-mobile-trailer-indonesia-2.jpg\"\n\t\t\t\t\t\tdata-fancybox=\"images\" \n\t\t\ttitle=\"Essai triphas\u00e9 SR multiphase remorque mobile s\u00e9paratrice Indon\u00e9sie\" \n\t\t\t\t\t\tdata-caption=\"\"\n\t\t\t\t\t\tdata-description=\"\" \n\t\t\titemprop=\"contentUrl\">\n\t\t\t<img decoding=\"async\" src=\"https:\/\/www.accuflow.com\/wp-content\/uploads\/2020\/04\/3-phase-sr-multiphase-test-separator-mobile-trailer-indonesia-2.jpg\" alt=\"3-phase SR multiphase test separator mobile trailer Indonesia\" data-no-lazy=\"1\" itemprop=\"thumbnail\" width=\"1024\" height=\"768\" \/>\n\t\t\t<!-- Overlay Wrapper -->\n\t\t\t <!-- Overlay Wrapper Closed -->\n\t\t\t\t<\/a>\n\t\t\t\t\t\t\t<meta itemprop=\"width\" content=\"1024\" \/>\n\t\t\t<meta itemprop=\"height\" content=\"768\" \/>\n\t\t\t\t<a\n\t\t\thref=\"https:\/\/www.accuflow.com\/wp-content\/uploads\/2020\/04\/2-phase-lt-multiphase-test-separator-mobile-trailer-1024x768.jpg\"\n\t\t\t\t\t\tdata-fancybox=\"images\" \n\t\t\ttitle=\"LT 2-phase test multiphase s\u00e9parateur remorque mobile\" \n\t\t\t\t\t\tdata-caption=\"\"\n\t\t\t\t\t\tdata-description=\"\" \n\t\t\titemprop=\"contentUrl\">\n\t\t\t<img decoding=\"async\" src=\"https:\/\/www.accuflow.com\/wp-content\/uploads\/2020\/04\/2-phase-lt-multiphase-test-separator-mobile-trailer-1024x768.jpg\" alt=\"2-phase LT multiphase test separator mobile trailer\" data-no-lazy=\"1\" itemprop=\"thumbnail\" width=\"1024\" height=\"768\" \/>\n\t\t\t<!-- Overlay Wrapper -->\n\t\t\t <!-- Overlay Wrapper Closed -->\n\t\t\t\t<\/a>\n\t\t\t\t\t\t\t<meta itemprop=\"width\" content=\"1024\" \/>\n\t\t\t<meta itemprop=\"height\" content=\"768\" \/>\n\t\t\t\t<a\n\t\t\thref=\"https:\/\/www.accuflow.com\/wp-content\/uploads\/2020\/04\/3-phase-sr-multiphase-test-separator-mobile-trailer-indonesia.jpg\"\n\t\t\t\t\t\tdata-fancybox=\"images\" \n\t\t\ttitle=\"Essai triphas\u00e9 SR multiphase remorque mobile s\u00e9paratrice Indon\u00e9sie\" \n\t\t\t\t\t\tdata-caption=\"\"\n\t\t\t\t\t\tdata-description=\"\" \n\t\t\titemprop=\"contentUrl\">\n\t\t\t<img decoding=\"async\" src=\"https:\/\/www.accuflow.com\/wp-content\/uploads\/2020\/04\/3-phase-sr-multiphase-test-separator-mobile-trailer-indonesia.jpg\" alt=\"3-phase SR multiphase test separator mobile trailer Indonesia\" data-no-lazy=\"1\" itemprop=\"thumbnail\" width=\"800\" height=\"600\" \/>\n\t\t\t<!-- Overlay Wrapper -->\n\t\t\t <!-- Overlay Wrapper Closed -->\n\t\t\t\t<\/a>\n\t\t\t\t\t\t\t<meta itemprop=\"width\" content=\"800\" \/>\n\t\t\t<meta itemprop=\"height\" content=\"600\" \/>\n\t\t\t\t<a\n\t\t\thref=\"https:\/\/www.accuflow.com\/wp-content\/uploads\/2020\/04\/2-phase-sr-multiphase-test-separator-mobile-trailer-indonesia-2.jpg\"\n\t\t\t\t\t\tdata-fancybox=\"images\" \n\t\t\ttitle=\"SR 2-phase test multiphase s\u00e9parateur remorque mobile Indon\u00e9sie\" \n\t\t\t\t\t\tdata-caption=\"\"\n\t\t\t\t\t\tdata-description=\"\" \n\t\t\titemprop=\"contentUrl\">\n\t\t\t<img decoding=\"async\" src=\"https:\/\/www.accuflow.com\/wp-content\/uploads\/2020\/04\/2-phase-sr-multiphase-test-separator-mobile-trailer-indonesia-2.jpg\" alt=\"2-phase SR multiphase test separator mobile trailer Indonesia\" data-no-lazy=\"1\" itemprop=\"thumbnail\" width=\"648\" height=\"486\" \/>\n\t\t\t<!-- Overlay Wrapper -->\n\t\t\t <!-- Overlay Wrapper Closed -->\n\t\t\t\t<\/a>\n\t\t\t\t\t\t\t<meta itemprop=\"width\" content=\"648\" \/>\n\t\t\t<meta itemprop=\"height\" content=\"486\" \/>\n\t\t\t\t<a\n\t\t\thref=\"https:\/\/www.accuflow.com\/wp-content\/uploads\/2020\/04\/3-phase-sr-multiphase-test-separator-mobile-trailer-indonesia.png\"\n\t\t\t\t\t\tdata-fancybox=\"images\" \n\t\t\ttitle=\"Essai triphas\u00e9 SR multiphase remorque mobile s\u00e9paratrice Indon\u00e9sie\" \n\t\t\t\t\t\tdata-caption=\"\"\n\t\t\t\t\t\tdata-description=\"\" \n\t\t\titemprop=\"contentUrl\">\n\t\t\t<img decoding=\"async\" src=\"https:\/\/www.accuflow.com\/wp-content\/uploads\/2020\/04\/3-phase-sr-multiphase-test-separator-mobile-trailer-indonesia.png\" alt=\"3-phase SR multiphase test separator mobile trailer Indonesia\" data-no-lazy=\"1\" itemprop=\"thumbnail\" width=\"753\" height=\"583\" \/>\n\t\t\t<!-- Overlay Wrapper -->\n\t\t\t <!-- Overlay Wrapper Closed -->\n\t\t\t\t<\/a>\n\t\t\t\t\t\t\t<meta itemprop=\"width\" content=\"753\" \/>\n\t\t\t<meta itemprop=\"height\" content=\"583\" \/>","protected":false},"excerpt":{"rendered":"<p>Pour votre application de test de puits sur roues. Tous nos syst\u00e8mes peuvent \u00eatre rendus mobiles. Chaque application est con\u00e7ue sur mesure pour l'utilisation pr\u00e9vue. Qu'il s'agisse de routes pav\u00e9es ou de terrains accident\u00e9s, de simples ombrages ou d'installations climatis\u00e9es, Accuflow peut fournir une solution pour vos besoins d'essais mobiles. Des camions enti\u00e8rement charg\u00e9s, avec des salles d'op\u00e9rateur climatis\u00e9es et...<\/p>","protected":false},"author":8,"featured_media":22890,"parent":22045,"menu_order":0,"comment_status":"closed","ping_status":"closed","template":"","meta":{"_seopress_robots_primary_cat":"","_seopress_titles_title":"","_seopress_titles_desc":"Accuflow&#039;s mobile multiphase flow test separators. Our designs ensure the highest level of accuracy and reliability while remaining cost-effective.","_seopress_robots_index":"","footnotes":""},"class_list":["post-22021","page","type-page","status-publish","has-post-thumbnail","hentry"],"_links":{"self":[{"href":"https:\/\/www.accuflow.com\/fr\/wp-json\/wp\/v2\/pages\/22021","targetHints":{"allow":["GET"]}}],"collection":[{"href":"https:\/\/www.accuflow.com\/fr\/wp-json\/wp\/v2\/pages"}],"about":[{"href":"https:\/\/www.accuflow.com\/fr\/wp-json\/wp\/v2\/types\/page"}],"author":[{"embeddable":true,"href":"https:\/\/www.accuflow.com\/fr\/wp-json\/wp\/v2\/users\/8"}],"replies":[{"embeddable":true,"href":"https:\/\/www.accuflow.com\/fr\/wp-json\/wp\/v2\/comments?post=22021"}],"version-history":[{"count":0,"href":"https:\/\/www.accuflow.com\/fr\/wp-json\/wp\/v2\/pages\/22021\/revisions"}],"up":[{"embeddable":true,"href":"https:\/\/www.accuflow.com\/fr\/wp-json\/wp\/v2\/pages\/22045"}],"wp:featuredmedia":[{"embeddable":true,"href":"https:\/\/www.accuflow.com\/fr\/wp-json\/wp\/v2\/media\/22890"}],"wp:attachment":[{"href":"https:\/\/www.accuflow.com\/fr\/wp-json\/wp\/v2\/media?parent=22021"}],"curies":[{"name":"wp","href":"https:\/\/api.w.org\/{rel}","templated":true}]}}