{"id":22019,"date":"2020-04-07T18:15:32","date_gmt":"2020-04-08T01:15:32","guid":{"rendered":"https:\/\/www.accuflow.com\/?page_id=22019"},"modified":"2025-08-28T16:17:43","modified_gmt":"2025-08-28T23:17:43","slug":"3-phase-jr-separators","status":"publish","type":"page","link":"https:\/\/www.accuflow.com\/fr\/products\/3-phase-jr-separators\/","title":{"rendered":"S\u00e9parateurs JR en 3 phases"},"content":{"rendered":"<p>Des conditions de forte coupure d'eau peuvent se produire dans les productions d'eau et de vapeur par inondation ainsi que dans les r\u00e9servoirs matures. L'incertitude de mesure du p\u00e9trole net utilisant un s\u00e9parateur \u00e0 deux phases augmente de mani\u00e8re exponentielle lors des coupures d'eau importantes (&gt;85%).<\/p>\n\t\t\t\t<img decoding=\"async\" src=\"https:\/\/www.accuflow.com\/wp-content\/uploads\/2020\/04\/2-vs-3-phase-net-oil-uncertainty-measurement.jpg\" alt=\"2 vs. 3-phase Net Oil Uncertainty measurement\" itemprop=\"image\" height=\"240\" width=\"353\" title=\"Mesure de l&#039;incertitude nette du p\u00e9trole en 2 ou 3 phases\" onerror=\"this.style.display='none'\" loading=\"lazy\" \/>\n\t<h3>Entrez la mesure en 3 phases<\/h3>\n<p>Le syst\u00e8me de mesure de s\u00e9paration Accuflow 3-Phase JR traite cette question de l'incertitude de mesure lors de coupures d'eau importantes, en prenant une mesure suppl\u00e9mentaire de s\u00e9paration de l'eau du p\u00e9trole. Le syst\u00e8me Accuflow 3-Phase JR est constitu\u00e9 d'un tuyau vertical initial et d'un tron\u00e7on de tuyau horizontal reli\u00e9s entre eux comme indiqu\u00e9.<\/p>\n\t\t\t\t<img decoding=\"async\" src=\"https:\/\/www.accuflow.com\/wp-content\/uploads\/2020\/05\/3-phase-jr-multiphase-test-separator-879x1024.png\" alt=\"3-phase JR multiphase test separator\" itemprop=\"image\" height=\"1024\" width=\"879\" title=\"S\u00e9parateur d&#039;essai triphas\u00e9 JR multiphase\" onerror=\"this.style.display='none'\" loading=\"lazy\" \/>\n\t<h3>Comment \u00e7a marche<\/h3>\n<p>Le fluide de production (p\u00e9trole, eau et gaz) entre tangentiellement dans la conduite verticale, cr\u00e9ant une action cyclonique dans la conduite o\u00f9 la majorit\u00e9 du gaz est s\u00e9par\u00e9e et s'\u00e9coule vers le haut jusqu'\u00e0 la conduite de gaz situ\u00e9e au-dessus. Le liquide s'\u00e9coule ensuite dans une section secondaire de la conduite verticale o\u00f9 l'eau libre s'\u00e9coule sur la face avant d'une plaque d\u00e9flectrice. Cette plaque sert \u00e0 emp\u00eacher que l'interface eau\/huile ne soit perturb\u00e9e par le fluide entrant. Sur la face arri\u00e8re de la plaque de d\u00e9flection, l'interface eau\/huile est surveill\u00e9e. Selon la hauteur de l'interface, soit la jambe d'eau se d\u00e9charge, soit la jambe d'huile se d\u00e9charge.<\/p>\n<p>Pour la mesure des liquides, un compteur Coriolis est utilis\u00e9 pour d\u00e9terminer le d\u00e9bit, ainsi qu'un compteur \u00e0 coupure d'eau dans la jambe d'huile pour mesurer l'eau restante dans l'\u00e9mulsion. Le gaz est mesur\u00e9 par ultrasons, par vortex ou par effet Coriolis.<\/p>\n<h3>\n\t\t\tCaract\u00e9ristiques\t<\/h3>\n\t<ul>\n<li>Incertitudes de mesure :\n<ul>\n<li>Coupe d'eau \/ rapport eau-liquide (WLR) : 0,25% absolu<\/li>\n<li>D\u00e9bit du liquide : 0,25% de lecture<\/li>\n<li>D\u00e9bit de gaz : 3% de lecture<\/li>\n<\/ul>\n<\/li>\n<li>Fonctionne en 0-100% GVF et dans tous les r\u00e9gimes d'\u00e9coulement<\/li>\n<li>100% efficacit\u00e9 de la s\u00e9paration et s\u00e9paration compl\u00e8te des phases gazeuse et liquide<\/li>\n<li>Perte de charge inf\u00e9rieure \u00e0 0,3 bar \/ 5 psi sur l'ensemble du patin<\/li>\n<li>Utilise les technologies de d\u00e9bitm\u00e8tre les plus pr\u00e9cises (Coriolis pour les liquides, ultrasons pour les gaz) avec des ratios de r\u00e9duction \u00e9lev\u00e9s (&gt;100:1).<\/li>\n<li>D\u00e9termination de la coupure d'eau et corrections de d\u00e9bit selon les normes API MPMS, ISO et AGA<\/li>\n<\/ul>\n<h3>\n\t\t\tAvantages\t<\/h3>\n\t<ul>\n<li>Plus petits, plus l\u00e9gers, moins co\u00fbteux et n\u00e9cessitant moins d'entretien que les s\u00e9parateurs d'essai de puits conventionnels.<\/li>\n<li>Donn\u00e9es d'essai de puits continues et de haute qualit\u00e9 avec des donn\u00e9es de diagnostic suppl\u00e9mentaires pour :\n<ul>\n<li>\u00c9valuation des propri\u00e9t\u00e9s des r\u00e9servoirs, de la performance des puits et des caract\u00e9ristiques des fluides<\/li>\n<li>Optimisation de la production<\/li>\n<li>Mod\u00e9lisation des r\u00e9servoirs<\/li>\n<li>Orienter les d\u00e9cisions \u00e9conomiques<\/li>\n<li>Formation aux mod\u00e8les d'IA\/ML<\/li>\n<\/ul>\n<\/li>\n<\/ul>\n\t\t\t\t<img decoding=\"async\" src=\"https:\/\/www.accuflow.com\/wp-content\/uploads\/2025\/03\/3-phase-jr-multiphase-test-separator-diagram-1536x994.png\" alt=\"3-phase JR multiphase test separator diagram\" itemprop=\"image\" height=\"994\" width=\"1536\" title=\"Sch\u00e9ma du s\u00e9parateur d&#039;essai triphas\u00e9 JR\" onerror=\"this.style.display='none'\" loading=\"lazy\" \/>\n<h2>\n\t\t\tGalerie\t<\/h2>\n\t\t\t\t<a\n\t\t\thref=\"https:\/\/www.accuflow.com\/wp-content\/uploads\/2020\/05\/3-phase-jr-multiphase-test-separator-10-795x1024.jpg\"\n\t\t\t\t\t\tdata-fancybox=\"images\" \n\t\t\ttitle=\"S\u00e9parateur d&#039;essai triphas\u00e9 JR multiphase\" \n\t\t\t\t\t\tdata-caption=\"\"\n\t\t\t\t\t\tdata-description=\"\" \n\t\t\titemprop=\"contentUrl\">\n\t\t\t<img decoding=\"async\" src=\"https:\/\/www.accuflow.com\/wp-content\/uploads\/2020\/05\/3-phase-jr-multiphase-test-separator-10-795x1024.jpg\" alt=\"3-phase JR multiphase test separator\" data-no-lazy=\"1\" itemprop=\"thumbnail\" width=\"795\" height=\"1024\" \/>\n\t\t\t<!-- Overlay Wrapper -->\n\t\t\t <!-- Overlay Wrapper Closed -->\n\t\t\t\t<\/a>\n\t\t\t\t\t\t\t<meta itemprop=\"width\" content=\"795\" \/>\n\t\t\t<meta itemprop=\"height\" content=\"1024\" \/>\n\t\t\t\t<a\n\t\t\thref=\"https:\/\/www.accuflow.com\/wp-content\/uploads\/2020\/05\/3-phase-jr-multiphase-test-separator-11-768x1024.jpg\"\n\t\t\t\t\t\tdata-fancybox=\"images\" \n\t\t\ttitle=\"S\u00e9parateur d&#039;essai triphas\u00e9 JR multiphase\" \n\t\t\t\t\t\tdata-caption=\"\"\n\t\t\t\t\t\tdata-description=\"\" \n\t\t\titemprop=\"contentUrl\">\n\t\t\t<img decoding=\"async\" src=\"https:\/\/www.accuflow.com\/wp-content\/uploads\/2020\/05\/3-phase-jr-multiphase-test-separator-11-768x1024.jpg\" alt=\"3-phase JR multiphase test separator\" data-no-lazy=\"1\" itemprop=\"thumbnail\" width=\"768\" height=\"1024\" \/>\n\t\t\t<!-- Overlay Wrapper -->\n\t\t\t <!-- Overlay Wrapper Closed -->\n\t\t\t\t<\/a>\n\t\t\t\t\t\t\t<meta itemprop=\"width\" content=\"768\" \/>\n\t\t\t<meta itemprop=\"height\" content=\"1024\" \/>\n\t\t\t\t<a\n\t\t\thref=\"https:\/\/www.accuflow.com\/wp-content\/uploads\/2020\/05\/aera-belridge-DTR-field-CA-3-929x1024.jpg\"\n\t\t\t\t\t\tdata-fancybox=\"images\" \n\t\t\ttitle=\"S\u00e9parateur d&#039;essai triphas\u00e9 JR multiphase\" \n\t\t\t\t\t\tdata-caption=\"\"\n\t\t\t\t\t\tdata-description=\"\" \n\t\t\titemprop=\"contentUrl\">\n\t\t\t<img decoding=\"async\" src=\"https:\/\/www.accuflow.com\/wp-content\/uploads\/2020\/05\/aera-belridge-DTR-field-CA-3-929x1024.jpg\" alt=\"3-phase JR multiphase test separator\" data-no-lazy=\"1\" itemprop=\"thumbnail\" width=\"929\" height=\"1024\" \/>\n\t\t\t<!-- Overlay Wrapper -->\n\t\t\t <!-- Overlay Wrapper Closed -->\n\t\t\t\t<\/a>\n\t\t\t\t\t\t\t<meta itemprop=\"width\" content=\"929\" \/>\n\t\t\t<meta itemprop=\"height\" content=\"1024\" \/>\n\t\t\t\t<a\n\t\t\thref=\"https:\/\/www.accuflow.com\/wp-content\/uploads\/2020\/05\/aera-belridge-DTR-field-CA-4-1024x768.jpg\"\n\t\t\t\t\t\tdata-fancybox=\"images\" \n\t\t\ttitle=\"S\u00e9parateur d&#039;essai triphas\u00e9 JR multiphase\" \n\t\t\t\t\t\tdata-caption=\"\"\n\t\t\t\t\t\tdata-description=\"\" \n\t\t\titemprop=\"contentUrl\">\n\t\t\t<img decoding=\"async\" src=\"https:\/\/www.accuflow.com\/wp-content\/uploads\/2020\/05\/aera-belridge-DTR-field-CA-4-1024x768.jpg\" alt=\"3-phase JR multiphase test separator\" data-no-lazy=\"1\" itemprop=\"thumbnail\" width=\"1024\" height=\"768\" \/>\n\t\t\t<!-- Overlay Wrapper -->\n\t\t\t <!-- Overlay Wrapper Closed -->\n\t\t\t\t<\/a>\n\t\t\t\t\t\t\t<meta itemprop=\"width\" content=\"1024\" \/>\n\t\t\t<meta itemprop=\"height\" content=\"768\" \/>\n\t\t\t\t<a\n\t\t\thref=\"https:\/\/www.accuflow.com\/wp-content\/uploads\/2020\/05\/3-phase-jr-multiphase-test-separator-14-1024x997.jpg\"\n\t\t\t\t\t\tdata-fancybox=\"images\" \n\t\t\ttitle=\"S\u00e9parateur d&#039;essai triphas\u00e9 JR multiphase\" \n\t\t\t\t\t\tdata-caption=\"\"\n\t\t\t\t\t\tdata-description=\"\" \n\t\t\titemprop=\"contentUrl\">\n\t\t\t<img decoding=\"async\" src=\"https:\/\/www.accuflow.com\/wp-content\/uploads\/2020\/05\/3-phase-jr-multiphase-test-separator-14-1024x997.jpg\" alt=\"3-phase JR multiphase test separator\" data-no-lazy=\"1\" itemprop=\"thumbnail\" width=\"1024\" height=\"997\" \/>\n\t\t\t<!-- Overlay Wrapper -->\n\t\t\t <!-- Overlay Wrapper Closed -->\n\t\t\t\t<\/a>\n\t\t\t\t\t\t\t<meta itemprop=\"width\" content=\"1024\" \/>\n\t\t\t<meta itemprop=\"height\" content=\"997\" \/>\n\t\t\t\t<a\n\t\t\thref=\"https:\/\/www.accuflow.com\/wp-content\/uploads\/2020\/05\/grapevine-energy-bordeaux-site-CA-1-1024x768.jpg\"\n\t\t\t\t\t\tdata-fancybox=\"images\" \n\t\t\ttitle=\"S\u00e9parateur d&#039;essai triphas\u00e9 JR multiphase\" \n\t\t\t\t\t\tdata-caption=\"\"\n\t\t\t\t\t\tdata-description=\"\" \n\t\t\titemprop=\"contentUrl\">\n\t\t\t<img decoding=\"async\" src=\"https:\/\/www.accuflow.com\/wp-content\/uploads\/2020\/05\/grapevine-energy-bordeaux-site-CA-1-1024x768.jpg\" alt=\"3-phase JR multiphase test separator\" data-no-lazy=\"1\" itemprop=\"thumbnail\" width=\"1024\" height=\"768\" \/>\n\t\t\t<!-- Overlay Wrapper -->\n\t\t\t <!-- Overlay Wrapper Closed -->\n\t\t\t\t<\/a>\n\t\t\t\t\t\t\t<meta itemprop=\"width\" content=\"1024\" \/>\n\t\t\t<meta itemprop=\"height\" content=\"768\" \/>\n\t\t\t\t<a\n\t\t\thref=\"https:\/\/www.accuflow.com\/wp-content\/uploads\/2020\/05\/3-phase-jr-multiphase-test-separator-8-768x1024.jpg\"\n\t\t\t\t\t\tdata-fancybox=\"images\" \n\t\t\ttitle=\"S\u00e9parateur d&#039;essai triphas\u00e9 JR multiphase\" \n\t\t\t\t\t\tdata-caption=\"\"\n\t\t\t\t\t\tdata-description=\"\" \n\t\t\titemprop=\"contentUrl\">\n\t\t\t<img decoding=\"async\" src=\"https:\/\/www.accuflow.com\/wp-content\/uploads\/2020\/05\/3-phase-jr-multiphase-test-separator-8-768x1024.jpg\" alt=\"3-phase JR multiphase test separator\" data-no-lazy=\"1\" itemprop=\"thumbnail\" width=\"768\" height=\"1024\" \/>\n\t\t\t<!-- Overlay Wrapper -->\n\t\t\t <!-- Overlay Wrapper Closed -->\n\t\t\t\t<\/a>\n\t\t\t\t\t\t\t<meta itemprop=\"width\" content=\"768\" \/>\n\t\t\t<meta itemprop=\"height\" content=\"1024\" \/>\n\t\t\t\t<a\n\t\t\thref=\"https:\/\/www.accuflow.com\/wp-content\/uploads\/2020\/05\/aera-ventura-field-CA-1-1-1024x768.jpg\"\n\t\t\t\t\t\tdata-fancybox=\"images\" \n\t\t\ttitle=\"S\u00e9parateur d&#039;essai triphas\u00e9 JR multiphase\" \n\t\t\t\t\t\tdata-caption=\"\"\n\t\t\t\t\t\tdata-description=\"\" \n\t\t\titemprop=\"contentUrl\">\n\t\t\t<img decoding=\"async\" src=\"https:\/\/www.accuflow.com\/wp-content\/uploads\/2020\/05\/aera-ventura-field-CA-1-1-1024x768.jpg\" alt=\"3-phase JR multiphase test separator\" data-no-lazy=\"1\" itemprop=\"thumbnail\" width=\"1024\" height=\"768\" \/>\n\t\t\t<!-- Overlay Wrapper -->\n\t\t\t <!-- Overlay Wrapper Closed -->\n\t\t\t\t<\/a>\n\t\t\t\t\t\t\t<meta itemprop=\"width\" content=\"1024\" \/>\n\t\t\t<meta itemprop=\"height\" content=\"768\" \/>\n\t\t\t\t<a\n\t\t\thref=\"https:\/\/www.accuflow.com\/wp-content\/uploads\/2020\/05\/aera-ventura-field-CA-2-768x1024.jpg\"\n\t\t\t\t\t\tdata-fancybox=\"images\" \n\t\t\ttitle=\"S\u00e9parateur d&#039;essai triphas\u00e9 JR multiphase\" \n\t\t\t\t\t\tdata-caption=\"\"\n\t\t\t\t\t\tdata-description=\"\" \n\t\t\titemprop=\"contentUrl\">\n\t\t\t<img decoding=\"async\" src=\"https:\/\/www.accuflow.com\/wp-content\/uploads\/2020\/05\/aera-ventura-field-CA-2-768x1024.jpg\" alt=\"3-phase JR multiphase test separator\" data-no-lazy=\"1\" itemprop=\"thumbnail\" width=\"768\" height=\"1024\" \/>\n\t\t\t<!-- Overlay Wrapper -->\n\t\t\t <!-- Overlay Wrapper Closed -->\n\t\t\t\t<\/a>\n\t\t\t\t\t\t\t<meta itemprop=\"width\" content=\"768\" \/>\n\t\t\t<meta itemprop=\"height\" content=\"1024\" \/>","protected":false},"excerpt":{"rendered":"<p>Des conditions de forte coupure d'eau peuvent se produire dans les productions d'eau et de vapeur par inondation ainsi que dans les r\u00e9servoirs matures. L'incertitude de mesure du p\u00e9trole net utilisant un s\u00e9parateur \u00e0 deux phases augmente de mani\u00e8re exponentielle lors des coupures d'eau importantes (&gt;85%). Entrer dans la mesure triphas\u00e9e Le syst\u00e8me de mesure de la s\u00e9paration Accuflow 3-Phase JR r\u00e9pond \u00e0 ce probl\u00e8me d'incertitude de mesure lors de coupures d'eau importantes, en ...<\/p>","protected":false},"author":8,"featured_media":22240,"parent":22045,"menu_order":0,"comment_status":"closed","ping_status":"closed","template":"","meta":{"_seopress_robots_primary_cat":"","_seopress_titles_title":"","_seopress_titles_desc":"Accuflow&#039;s 3-phase JR series of ultra-compact 3-phase flow test separators. Our designs ensure the highest level of accuracy and reliability while remaining cost-effective.","_seopress_robots_index":"","footnotes":""},"class_list":["post-22019","page","type-page","status-publish","has-post-thumbnail","hentry"],"_links":{"self":[{"href":"https:\/\/www.accuflow.com\/fr\/wp-json\/wp\/v2\/pages\/22019","targetHints":{"allow":["GET"]}}],"collection":[{"href":"https:\/\/www.accuflow.com\/fr\/wp-json\/wp\/v2\/pages"}],"about":[{"href":"https:\/\/www.accuflow.com\/fr\/wp-json\/wp\/v2\/types\/page"}],"author":[{"embeddable":true,"href":"https:\/\/www.accuflow.com\/fr\/wp-json\/wp\/v2\/users\/8"}],"replies":[{"embeddable":true,"href":"https:\/\/www.accuflow.com\/fr\/wp-json\/wp\/v2\/comments?post=22019"}],"version-history":[{"count":0,"href":"https:\/\/www.accuflow.com\/fr\/wp-json\/wp\/v2\/pages\/22019\/revisions"}],"up":[{"embeddable":true,"href":"https:\/\/www.accuflow.com\/fr\/wp-json\/wp\/v2\/pages\/22045"}],"wp:featuredmedia":[{"embeddable":true,"href":"https:\/\/www.accuflow.com\/fr\/wp-json\/wp\/v2\/media\/22240"}],"wp:attachment":[{"href":"https:\/\/www.accuflow.com\/fr\/wp-json\/wp\/v2\/media?parent=22019"}],"curies":[{"name":"wp","href":"https:\/\/api.w.org\/{rel}","templated":true}]}}