{"id":22015,"date":"2020-04-07T18:13:38","date_gmt":"2020-04-08T01:13:38","guid":{"rendered":"https:\/\/www.accuflow.com\/?page_id=22015"},"modified":"2025-08-28T16:17:19","modified_gmt":"2025-08-28T23:17:19","slug":"2-phase-jr-separators","status":"publish","type":"page","link":"https:\/\/www.accuflow.com\/fr\/products\/2-phase-jr-separators\/","title":{"rendered":"S\u00e9parateurs JR \u00e0 2 phases"},"content":{"rendered":"<img decoding=\"async\" src=\"https:\/\/www.accuflow.com\/wp-content\/uploads\/2020\/05\/2-phase-jr-multiphase-test-separator-2-391x600.png\" alt=\"2-phase JR multiphase test separator\" itemprop=\"image\" height=\"600\" width=\"391\" title=\"S\u00e9parateur d&#039;essai polyphas\u00e9 JR \u00e0 2 phases\" onerror=\"this.style.display='none'\" loading=\"lazy\" \/>\n\t<p>Le syst\u00e8me de comptage multiphasique Accuflow 2-phase de la s\u00e9rie JR se compose d'une section de tuyau verticale, d'une ligne d'\u00e9coulement de gaz et d'une ligne d'\u00e9coulement de liquide, comme illustr\u00e9. Le fluide multiphasique (p\u00e9trole, eau, gaz) entre tangentiellement dans la conduite verticale, cr\u00e9ant une action cyclonique dans la conduite o\u00f9 le liquide et le gaz sont s\u00e9par\u00e9s en courants distincts.<\/p>\n<p>Une fois que le liquide et le gaz sont s\u00e9par\u00e9s, chaque phase est mesur\u00e9e ind\u00e9pendamment \u00e0 l'aide d'appareils de mesure \u00e9prouv\u00e9s dans l'industrie. Un compteur de liquide classique (coriolis, turbine, etc.) est utilis\u00e9 pour mesurer le d\u00e9bit du liquide. La mesure de la coupure d'eau peut \u00e9galement \u00eatre obtenue \u00e0 l'aide de technologies ou de m\u00e9thodes conventionnelles (diff\u00e9rentiel de densit\u00e9, micro-ondes, etc.).<\/p>\n<p>Le d\u00e9bit de gaz est \u00e9galement mesur\u00e9 \u00e0 l'aide de technologies classiques (vortex, turbine, ultrasons, etc.). Apr\u00e8s la mesure, les flux gazeux et liquides sont recombin\u00e9s et renvoy\u00e9s dans la ligne d'\u00e9coulement multiphasique.<\/p>\n<p>En concevant correctement l'Accuflow JR, un syst\u00e8me de contr\u00f4le actif du niveau de liquide n'est PAS n\u00e9cessaire. Le niveau de liquide dans la section verticale est autor\u00e9gul\u00e9 et ne n\u00e9cessite donc pas l'utilisation de vannes de contr\u00f4le. C'est la mise en \u0153uvre de cette technique qui fait de la s\u00e9rie Accuflow JR un syst\u00e8me de mesure vraiment peu co\u00fbteux et efficace.<\/p>\n<h3>\n\t\t\tCaract\u00e9ristiques\t<\/h3>\n\t<ul>\n<li>Incertitudes de mesure :\n<ul>\n<li>Coupe d'eau \/ rapport eau-liquide (WLR) : 2% absolu<\/li>\n<li>D\u00e9bit du liquide : 0,25% de lecture<\/li>\n<li>D\u00e9bit de gaz : 3% de lecture<\/li>\n<\/ul>\n<\/li>\n<li>Fonctionne en 0-100% GVF et dans tous les r\u00e9gimes d'\u00e9coulement<\/li>\n<li>100% efficacit\u00e9 de la s\u00e9paration et s\u00e9paration compl\u00e8te des phases gazeuse et liquide<\/li>\n<li>Perte de charge inf\u00e9rieure \u00e0 0,3 bar \/ 5 psi sur l'ensemble du patin<\/li>\n<li>Utilise les technologies de d\u00e9bitm\u00e8tre les plus pr\u00e9cises (Coriolis pour les liquides, ultrasons pour les gaz) avec des ratios de r\u00e9duction \u00e9lev\u00e9s (&gt;100:1).<\/li>\n<li>D\u00e9termination de la coupure d'eau et corrections de d\u00e9bit selon les normes API MPMS, ISO et AGA<\/li>\n<\/ul>\n<h3>\n\t\t\tAvantages\t<\/h3>\n\t<ul>\n<li>Plus petits, plus l\u00e9gers, moins co\u00fbteux et n\u00e9cessitant moins d'entretien que les s\u00e9parateurs d'essai de puits conventionnels.<\/li>\n<li>Donn\u00e9es d'essai de puits continues et de haute qualit\u00e9 avec des donn\u00e9es de diagnostic suppl\u00e9mentaires pour :\n<ul>\n<li>\u00c9valuation des propri\u00e9t\u00e9s des r\u00e9servoirs, de la performance des puits et des caract\u00e9ristiques des fluides<\/li>\n<li>Optimisation de la production<\/li>\n<li>Mod\u00e9lisation des r\u00e9servoirs<\/li>\n<li>Orienter les d\u00e9cisions \u00e9conomiques<\/li>\n<li>Formation aux mod\u00e8les d'IA\/ML<\/li>\n<\/ul>\n<\/li>\n<\/ul>\n\t\t\t\t<img decoding=\"async\" src=\"https:\/\/www.accuflow.com\/wp-content\/uploads\/2025\/03\/2-phase-jr-multiphase-test-separator-diagram-1536x994.png\" alt=\"2-phase JR multiphase test separator diagram\" itemprop=\"image\" height=\"994\" width=\"1536\" title=\"Sch\u00e9ma du s\u00e9parateur d&#039;essai multiphas\u00e9 JR\" onerror=\"this.style.display='none'\" loading=\"lazy\" \/>\n<h2>\n\t\t\tGalerie\t<\/h2>\n\t\t\t\t<a\n\t\t\thref=\"https:\/\/www.accuflow.com\/wp-content\/uploads\/2020\/05\/2-phase-jr-multiphase-test-separator-argentina-628x1024.jpg\"\n\t\t\t\t\t\tdata-fancybox=\"images\" \n\t\t\ttitle=\"S\u00e9parateur d&#039;essai multiphas\u00e9 JR \u00e0 2 phases Argentine\" \n\t\t\t\t\t\tdata-caption=\"\"\n\t\t\t\t\t\tdata-description=\"\" \n\t\t\titemprop=\"contentUrl\">\n\t\t\t<img decoding=\"async\" src=\"https:\/\/www.accuflow.com\/wp-content\/uploads\/2020\/05\/2-phase-jr-multiphase-test-separator-argentina-628x1024.jpg\" alt=\"2-phase JR multiphase test separator Argentina\" data-no-lazy=\"1\" itemprop=\"thumbnail\" width=\"628\" height=\"1024\" \/>\n\t\t\t<!-- Overlay Wrapper -->\n\t\t\t <!-- Overlay Wrapper Closed -->\n\t\t\t\t<\/a>\n\t\t\t\t\t\t\t<meta itemprop=\"width\" content=\"628\" \/>\n\t\t\t<meta itemprop=\"height\" content=\"1024\" \/>\n\t\t\t\t<a\n\t\t\thref=\"https:\/\/www.accuflow.com\/wp-content\/uploads\/2020\/05\/pan-american-energy-PAE-neuqun-argentina-768x1024.jpg\"\n\t\t\t\t\t\tdata-fancybox=\"images\" \n\t\t\ttitle=\"S\u00e9parateur d&#039;essai multiphas\u00e9 JR \u00e0 2 phases Argentine\" \n\t\t\t\t\t\tdata-caption=\"\"\n\t\t\t\t\t\tdata-description=\"\" \n\t\t\titemprop=\"contentUrl\">\n\t\t\t<img decoding=\"async\" src=\"https:\/\/www.accuflow.com\/wp-content\/uploads\/2020\/05\/pan-american-energy-PAE-neuqun-argentina-768x1024.jpg\" alt=\"2-phase JR multiphase test separator Argentina\" data-no-lazy=\"1\" itemprop=\"thumbnail\" width=\"768\" height=\"1024\" \/>\n\t\t\t<!-- Overlay Wrapper -->\n\t\t\t <!-- Overlay Wrapper Closed -->\n\t\t\t\t<\/a>\n\t\t\t\t\t\t\t<meta itemprop=\"width\" content=\"768\" \/>\n\t\t\t<meta itemprop=\"height\" content=\"1024\" \/>\n\t\t\t\t<a\n\t\t\thref=\"https:\/\/www.accuflow.com\/wp-content\/uploads\/2020\/05\/2-phase-jr-multiphase-test-separator-mobile-trailer-768x1024.jpg\"\n\t\t\t\t\t\tdata-fancybox=\"images\" \n\t\t\ttitle=\"Remorque mobile \u00e0 s\u00e9parateur d&#039;essai multiphas\u00e9 JR\" \n\t\t\t\t\t\tdata-caption=\"\"\n\t\t\t\t\t\tdata-description=\"\" \n\t\t\titemprop=\"contentUrl\">\n\t\t\t<img decoding=\"async\" src=\"https:\/\/www.accuflow.com\/wp-content\/uploads\/2020\/05\/2-phase-jr-multiphase-test-separator-mobile-trailer-768x1024.jpg\" alt=\"2-phase JR multiphase test separator mobile trailer\" data-no-lazy=\"1\" itemprop=\"thumbnail\" width=\"768\" height=\"1024\" \/>\n\t\t\t<!-- Overlay Wrapper -->\n\t\t\t <!-- Overlay Wrapper Closed -->\n\t\t\t\t<\/a>\n\t\t\t\t\t\t\t<meta itemprop=\"width\" content=\"768\" \/>\n\t\t\t<meta itemprop=\"height\" content=\"1024\" \/>\n\t\t\t\t<a\n\t\t\thref=\"https:\/\/www.accuflow.com\/wp-content\/uploads\/2020\/04\/2-phase-jr-multiphase-test-separator-2.jpg\"\n\t\t\t\t\t\tdata-fancybox=\"images\" \n\t\t\ttitle=\"S\u00e9parateur d&#039;essai polyphas\u00e9 JR \u00e0 2 phases\" \n\t\t\t\t\t\tdata-caption=\"\"\n\t\t\t\t\t\tdata-description=\"\" \n\t\t\titemprop=\"contentUrl\">\n\t\t\t<img decoding=\"async\" src=\"https:\/\/www.accuflow.com\/wp-content\/uploads\/2020\/04\/2-phase-jr-multiphase-test-separator-2.jpg\" alt=\"2-phase JR multiphase test separator\" data-no-lazy=\"1\" itemprop=\"thumbnail\" width=\"768\" height=\"1024\" \/>\n\t\t\t<!-- Overlay Wrapper -->\n\t\t\t <!-- Overlay Wrapper Closed -->\n\t\t\t\t<\/a>\n\t\t\t\t\t\t\t<meta itemprop=\"width\" content=\"768\" \/>\n\t\t\t<meta itemprop=\"height\" content=\"1024\" \/>\n\t\t\t\t<a\n\t\t\thref=\"https:\/\/www.accuflow.com\/wp-content\/uploads\/2020\/04\/2-phase-jr-multiphase-test-separator-3.jpg\"\n\t\t\t\t\t\tdata-fancybox=\"images\" \n\t\t\ttitle=\"S\u00e9parateur d&#039;essai polyphas\u00e9 JR \u00e0 2 phases\" \n\t\t\t\t\t\tdata-caption=\"\"\n\t\t\t\t\t\tdata-description=\"\" \n\t\t\titemprop=\"contentUrl\">\n\t\t\t<img decoding=\"async\" src=\"https:\/\/www.accuflow.com\/wp-content\/uploads\/2020\/04\/2-phase-jr-multiphase-test-separator-3.jpg\" alt=\"2-phase JR multiphase test separator\" data-no-lazy=\"1\" itemprop=\"thumbnail\" width=\"768\" height=\"1024\" \/>\n\t\t\t<!-- Overlay Wrapper -->\n\t\t\t <!-- Overlay Wrapper Closed -->\n\t\t\t\t<\/a>\n\t\t\t\t\t\t\t<meta itemprop=\"width\" content=\"768\" \/>\n\t\t\t<meta itemprop=\"height\" content=\"1024\" \/>\n\t\t\t\t<a\n\t\t\thref=\"https:\/\/www.accuflow.com\/wp-content\/uploads\/2020\/04\/2-phase-jr-multiphase-test-separator-4.jpg\"\n\t\t\t\t\t\tdata-fancybox=\"images\" \n\t\t\ttitle=\"S\u00e9parateur d&#039;essai polyphas\u00e9 JR \u00e0 2 phases\" \n\t\t\t\t\t\tdata-caption=\"\"\n\t\t\t\t\t\tdata-description=\"\" \n\t\t\titemprop=\"contentUrl\">\n\t\t\t<img decoding=\"async\" src=\"https:\/\/www.accuflow.com\/wp-content\/uploads\/2020\/04\/2-phase-jr-multiphase-test-separator-4.jpg\" alt=\"2-phase JR multiphase test separator\" data-no-lazy=\"1\" itemprop=\"thumbnail\" width=\"1024\" height=\"768\" \/>\n\t\t\t<!-- Overlay Wrapper -->\n\t\t\t <!-- Overlay Wrapper Closed -->\n\t\t\t\t<\/a>\n\t\t\t\t\t\t\t<meta itemprop=\"width\" content=\"1024\" \/>\n\t\t\t<meta itemprop=\"height\" content=\"768\" \/>\n\t\t\t\t<a\n\t\t\thref=\"https:\/\/www.accuflow.com\/wp-content\/uploads\/2020\/04\/2-phase-jr-multiphase-test-separator-mobile-trailer.jpg\"\n\t\t\t\t\t\tdata-fancybox=\"images\" \n\t\t\ttitle=\"Remorque mobile \u00e0 s\u00e9parateur d&#039;essai multiphas\u00e9 JR\" \n\t\t\t\t\t\tdata-caption=\"\"\n\t\t\t\t\t\tdata-description=\"\" \n\t\t\titemprop=\"contentUrl\">\n\t\t\t<img decoding=\"async\" src=\"https:\/\/www.accuflow.com\/wp-content\/uploads\/2020\/04\/2-phase-jr-multiphase-test-separator-mobile-trailer.jpg\" alt=\"2-phase JR multiphase test separator mobile trailer\" data-no-lazy=\"1\" itemprop=\"thumbnail\" width=\"1024\" height=\"768\" \/>\n\t\t\t<!-- Overlay Wrapper -->\n\t\t\t <!-- Overlay Wrapper Closed -->\n\t\t\t\t<\/a>\n\t\t\t\t\t\t\t<meta itemprop=\"width\" content=\"1024\" \/>\n\t\t\t<meta itemprop=\"height\" content=\"768\" \/>","protected":false},"excerpt":{"rendered":"<p>Le syst\u00e8me de comptage multiphasique Accuflow 2-phase de la s\u00e9rie JR se compose d'une section de tuyau verticale, d'une ligne d'\u00e9coulement de gaz et d'une ligne d'\u00e9coulement de liquide, comme illustr\u00e9. Le fluide multiphasique (p\u00e9trole, eau, gaz) entre tangentiellement dans la conduite verticale, cr\u00e9ant une action cyclonique dans la conduite o\u00f9 le liquide et le gaz sont s\u00e9par\u00e9s en courants distincts. Une fois que le liquide et...<\/p>","protected":false},"author":8,"featured_media":22241,"parent":22045,"menu_order":0,"comment_status":"closed","ping_status":"closed","template":"","meta":{"_seopress_robots_primary_cat":"","_seopress_titles_title":"","_seopress_titles_desc":"Accuflow&#039;s 2-phase JR series of ultra-compact 2-phase flow test separators. Our designs ensure the highest level of accuracy and reliability while remaining cost-effective.","_seopress_robots_index":"","footnotes":""},"class_list":["post-22015","page","type-page","status-publish","has-post-thumbnail","hentry"],"_links":{"self":[{"href":"https:\/\/www.accuflow.com\/fr\/wp-json\/wp\/v2\/pages\/22015","targetHints":{"allow":["GET"]}}],"collection":[{"href":"https:\/\/www.accuflow.com\/fr\/wp-json\/wp\/v2\/pages"}],"about":[{"href":"https:\/\/www.accuflow.com\/fr\/wp-json\/wp\/v2\/types\/page"}],"author":[{"embeddable":true,"href":"https:\/\/www.accuflow.com\/fr\/wp-json\/wp\/v2\/users\/8"}],"replies":[{"embeddable":true,"href":"https:\/\/www.accuflow.com\/fr\/wp-json\/wp\/v2\/comments?post=22015"}],"version-history":[{"count":0,"href":"https:\/\/www.accuflow.com\/fr\/wp-json\/wp\/v2\/pages\/22015\/revisions"}],"up":[{"embeddable":true,"href":"https:\/\/www.accuflow.com\/fr\/wp-json\/wp\/v2\/pages\/22045"}],"wp:featuredmedia":[{"embeddable":true,"href":"https:\/\/www.accuflow.com\/fr\/wp-json\/wp\/v2\/media\/22241"}],"wp:attachment":[{"href":"https:\/\/www.accuflow.com\/fr\/wp-json\/wp\/v2\/media?parent=22015"}],"curies":[{"name":"wp","href":"https:\/\/api.w.org\/{rel}","templated":true}]}}