{"id":22013,"date":"2020-04-07T18:13:14","date_gmt":"2020-04-08T01:13:14","guid":{"rendered":"https:\/\/www.accuflow.com\/?page_id=22013"},"modified":"2025-08-28T16:16:58","modified_gmt":"2025-08-28T23:16:58","slug":"3-phase-separators","status":"publish","type":"page","link":"https:\/\/www.accuflow.com\/fr\/products\/3-phase-separators\/","title":{"rendered":"S\u00e9parateurs \u00e0 3 phases"},"content":{"rendered":"<p>Des conditions de forte coupure d'eau peuvent se produire dans les productions d'eau et de vapeur par inondation ainsi que dans les r\u00e9servoirs matures. L'incertitude de mesure du p\u00e9trole net utilisant un s\u00e9parateur \u00e0 deux phases augmente de mani\u00e8re exponentielle lors des coupures d'eau importantes (&gt;85%).<\/p>\n\t\t\t\t<img decoding=\"async\" src=\"https:\/\/www.accuflow.com\/wp-content\/uploads\/2020\/04\/2-vs-3-phase-net-oil-uncertainty-measurement.jpg\" alt=\"2 vs. 3-phase Net Oil Uncertainty measurement\" itemprop=\"image\" height=\"240\" width=\"353\" title=\"Mesure de l&#039;incertitude nette du p\u00e9trole en 2 ou 3 phases\" onerror=\"this.style.display='none'\" loading=\"lazy\" \/>\n\t<h3>Entrez la mesure en 3 phases<\/h3>\n<p>Le syst\u00e8me de mesure de s\u00e9paration en trois phases Accuflow r\u00e9sout le probl\u00e8me de l'incertitude de mesure lors de coupures d'eau importantes en prenant une \u00e9tape suppl\u00e9mentaire de s\u00e9paration de l'eau et du p\u00e9trole. La s\u00e9rie Accuflow 3-phase se compose d'un tube vertical et d'un tube horizontal reli\u00e9s entre eux comme indiqu\u00e9. Le fluide de production (p\u00e9trole, eau et gaz) entre tangentiellement dans le tuyau vertical, cr\u00e9ant une action cyclonique dans le tuyau o\u00f9 la majorit\u00e9 du gaz est s\u00e9par\u00e9e et s'\u00e9coule vers le haut jusqu'\u00e0 la conduite de gaz situ\u00e9e au-dessus. Le reste du gaz, sous forme de petites bulles de gaz, est entra\u00een\u00e9 vers le bas avec le courant liquide et entre dans la conduite horizontale.<\/p>\n\t\t\t\t<img decoding=\"async\" src=\"https:\/\/www.accuflow.com\/wp-content\/uploads\/2020\/05\/3-phase-sr-multiphase-test-separator-1024x969.png\" alt=\"3-phase SR multiphase test separator\" itemprop=\"image\" height=\"969\" width=\"1024\" title=\"S\u00e9parateur d&#039;essai triphas\u00e9 SR multiphase\" onerror=\"this.style.display='none'\" loading=\"lazy\" \/>\n\t<h3>Comment \u00e7a marche<\/h3>\n<p>Lorsque le liquide circule dans le tuyau horizontal, les bulles de gaz restantes sont compl\u00e8tement s\u00e9par\u00e9es. Pendant ce temps, la phase liquide est encore s\u00e9par\u00e9e \u00e0 l'aide d'un d\u00e9versoir. L'interface p\u00e9trole\/eau est contr\u00f4l\u00e9e en dessous du d\u00e9versoir, ce qui permet de recueillir toute l'eau libre devant le d\u00e9versoir. Le p\u00e9trole est \u00e9cr\u00e9m\u00e9 au-dessus du d\u00e9versoir et recueilli derri\u00e8re celui-ci. Le niveau de l'interface d\u00e9termine le d\u00e9versement du p\u00e9trole ou de l'eau. L'eau libre s'\u00e9coule alors de la ligne de flottaison et est mesur\u00e9e par le d\u00e9bitm\u00e8tre. Le processus de contr\u00f4le se r\u00e9p\u00e8te, en fonction de la position de l'interface p\u00e9trole\/eau. Pour la mesure des liquides, on utilise g\u00e9n\u00e9ralement un d\u00e9bitm\u00e8tre de Coriolis et un compteur d'eau de type capacitif. Pour la mesure des gaz, on utilise g\u00e9n\u00e9ralement un compteur \u00e0 ultrasons, un compteur \u00e0 tourbillon ou un compteur Coriolis.<\/p>\n<h3>\n\t\t\tCaract\u00e9ristiques\t<\/h3>\n\t<ul>\n<li>Incertitudes de mesure :\n<ul>\n<li>Coupe d'eau \/ rapport eau-liquide (WLR) : 0,25% absolu<\/li>\n<li>D\u00e9bit du liquide : 0,25% de lecture<\/li>\n<li>D\u00e9bit de gaz : 3% de lecture<\/li>\n<\/ul>\n<\/li>\n<li>Fonctionne en 0-100% GVF et dans tous les r\u00e9gimes d'\u00e9coulement<\/li>\n<li>100% efficacit\u00e9 de la s\u00e9paration et s\u00e9paration compl\u00e8te des phases gazeuse et liquide<\/li>\n<li>Perte de charge inf\u00e9rieure \u00e0 0,3 bar \/ 5 psi sur l'ensemble du patin<\/li>\n<li>Utilise les technologies de d\u00e9bitm\u00e8tre les plus pr\u00e9cises (Coriolis pour les liquides, ultrasons pour les gaz) avec des ratios de r\u00e9duction \u00e9lev\u00e9s (&gt;100:1).<\/li>\n<li>D\u00e9termination de la coupure d'eau et corrections de d\u00e9bit selon les normes API MPMS, ISO et AGA<\/li>\n<\/ul>\n<h3>\n\t\t\tAvantages\t<\/h3>\n\t<ul>\n<li>Plus petits, plus l\u00e9gers, moins co\u00fbteux et n\u00e9cessitant moins d'entretien que les s\u00e9parateurs d'essai de puits conventionnels.<\/li>\n<li>Donn\u00e9es d'essai de puits continues et de haute qualit\u00e9 avec des donn\u00e9es de diagnostic suppl\u00e9mentaires pour :\n<ul>\n<li>\u00c9valuation des propri\u00e9t\u00e9s des r\u00e9servoirs, de la performance des puits et des caract\u00e9ristiques des fluides<\/li>\n<li>Optimisation de la production<\/li>\n<li>Mod\u00e9lisation des r\u00e9servoirs<\/li>\n<li>Orienter les d\u00e9cisions \u00e9conomiques<\/li>\n<li>Formation aux mod\u00e8les d'IA\/ML<\/li>\n<\/ul>\n<\/li>\n<\/ul>\n\t\t\t\t<img decoding=\"async\" src=\"https:\/\/www.accuflow.com\/wp-content\/uploads\/2025\/03\/3-phase-multiphase-test-separator-diagram-1536x994.png\" alt=\"3-phase multiphase test separator diagram\" itemprop=\"image\" height=\"994\" width=\"1536\" title=\"Diagramme du s\u00e9parateur d&#039;essai triphas\u00e9 et multiphas\u00e9\" onerror=\"this.style.display='none'\" loading=\"lazy\" \/>\n<h2>\n\t\t\tGalerie\t<\/h2>\n\t\t\t\t<a\n\t\t\thref=\"https:\/\/www.accuflow.com\/wp-content\/uploads\/2020\/05\/3-phase-sr-multiphase-test-separator-mobile-trailer-2-1024x768.jpg\"\n\t\t\t\t\t\tdata-fancybox=\"images\" \n\t\t\ttitle=\"Remorque mobile de s\u00e9parateur d&#039;essai triphas\u00e9 SR multiphase\" \n\t\t\t\t\t\tdata-caption=\"\"\n\t\t\t\t\t\tdata-description=\"\" \n\t\t\titemprop=\"contentUrl\">\n\t\t\t<img decoding=\"async\" src=\"https:\/\/www.accuflow.com\/wp-content\/uploads\/2020\/05\/3-phase-sr-multiphase-test-separator-mobile-trailer-2-1024x768.jpg\" alt=\"3-phase SR multiphase test separator mobile trailer\" data-no-lazy=\"1\" itemprop=\"thumbnail\" width=\"1024\" height=\"768\" \/>\n\t\t\t<!-- Overlay Wrapper -->\n\t\t\t <!-- Overlay Wrapper Closed -->\n\t\t\t\t<\/a>\n\t\t\t\t\t\t\t<meta itemprop=\"width\" content=\"1024\" \/>\n\t\t\t<meta itemprop=\"height\" content=\"768\" \/>\n\t\t\t\t<a\n\t\t\thref=\"https:\/\/www.accuflow.com\/wp-content\/uploads\/2020\/05\/aera-ventura-field-CA-3-phase-SR-2-1024x768.jpg\"\n\t\t\t\t\t\tdata-fancybox=\"images\" \n\t\t\ttitle=\"Remorque mobile de s\u00e9parateur d&#039;essai triphas\u00e9 SR multiphase\" \n\t\t\t\t\t\tdata-caption=\"\"\n\t\t\t\t\t\tdata-description=\"\" \n\t\t\titemprop=\"contentUrl\">\n\t\t\t<img decoding=\"async\" src=\"https:\/\/www.accuflow.com\/wp-content\/uploads\/2020\/05\/aera-ventura-field-CA-3-phase-SR-2-1024x768.jpg\" alt=\"3-phase SR multiphase test separator mobile trailer\" data-no-lazy=\"1\" itemprop=\"thumbnail\" width=\"1024\" height=\"768\" \/>\n\t\t\t<!-- Overlay Wrapper -->\n\t\t\t <!-- Overlay Wrapper Closed -->\n\t\t\t\t<\/a>\n\t\t\t\t\t\t\t<meta itemprop=\"width\" content=\"1024\" \/>\n\t\t\t<meta itemprop=\"height\" content=\"768\" \/>\n\t\t\t\t<a\n\t\t\thref=\"https:\/\/www.accuflow.com\/wp-content\/uploads\/2020\/05\/berry-petroleum-north-midway-sunset-field-CA-3-phase-LT-1024x768.jpg\"\n\t\t\t\t\t\tdata-fancybox=\"images\" \n\t\t\ttitle=\"S\u00e9parateur d&#039;essai triphas\u00e9 LT multiphase\" \n\t\t\t\t\t\tdata-caption=\"\"\n\t\t\t\t\t\tdata-description=\"\" \n\t\t\titemprop=\"contentUrl\">\n\t\t\t<img decoding=\"async\" src=\"https:\/\/www.accuflow.com\/wp-content\/uploads\/2020\/05\/berry-petroleum-north-midway-sunset-field-CA-3-phase-LT-1024x768.jpg\" alt=\"3-phase LT multiphase test separator\" data-no-lazy=\"1\" itemprop=\"thumbnail\" width=\"1024\" height=\"768\" \/>\n\t\t\t<!-- Overlay Wrapper -->\n\t\t\t <!-- Overlay Wrapper Closed -->\n\t\t\t\t<\/a>\n\t\t\t\t\t\t\t<meta itemprop=\"width\" content=\"1024\" \/>\n\t\t\t<meta itemprop=\"height\" content=\"768\" \/>\n\t\t\t\t<a\n\t\t\thref=\"https:\/\/www.accuflow.com\/wp-content\/uploads\/2020\/05\/santos-zeus-field-queensland-australia-1024x765.jpg\"\n\t\t\t\t\t\tdata-fancybox=\"images\" \n\t\t\ttitle=\"S\u00e9parateur d&#039;essai triphas\u00e9 SR multiphase Australie\" \n\t\t\t\t\t\tdata-caption=\"\"\n\t\t\t\t\t\tdata-description=\"\" \n\t\t\titemprop=\"contentUrl\">\n\t\t\t<img decoding=\"async\" src=\"https:\/\/www.accuflow.com\/wp-content\/uploads\/2020\/05\/santos-zeus-field-queensland-australia-1024x765.jpg\" alt=\"3-phase SR multiphase test separator Australia\" data-no-lazy=\"1\" itemprop=\"thumbnail\" width=\"1024\" height=\"765\" \/>\n\t\t\t<!-- Overlay Wrapper -->\n\t\t\t <!-- Overlay Wrapper Closed -->\n\t\t\t\t<\/a>\n\t\t\t\t\t\t\t<meta itemprop=\"width\" content=\"1024\" \/>\n\t\t\t<meta itemprop=\"height\" content=\"765\" \/>\n\t\t\t\t<a\n\t\t\thref=\"https:\/\/www.accuflow.com\/wp-content\/uploads\/2020\/04\/3-phase-sr-multiphase-test-separator-3.jpg\"\n\t\t\t\t\t\tdata-fancybox=\"images\" \n\t\t\ttitle=\"S\u00e9parateur d&#039;essai triphas\u00e9 SR multiphase\" \n\t\t\t\t\t\tdata-caption=\"\"\n\t\t\t\t\t\tdata-description=\"\" \n\t\t\titemprop=\"contentUrl\">\n\t\t\t<img decoding=\"async\" src=\"https:\/\/www.accuflow.com\/wp-content\/uploads\/2020\/04\/3-phase-sr-multiphase-test-separator-3.jpg\" alt=\"3-phase SR multiphase test separator\" data-no-lazy=\"1\" itemprop=\"thumbnail\" width=\"1024\" height=\"768\" \/>\n\t\t\t<!-- Overlay Wrapper -->\n\t\t\t <!-- Overlay Wrapper Closed -->\n\t\t\t\t<\/a>\n\t\t\t\t\t\t\t<meta itemprop=\"width\" content=\"1024\" \/>\n\t\t\t<meta itemprop=\"height\" content=\"768\" \/>\n\t\t\t\t<a\n\t\t\thref=\"https:\/\/www.accuflow.com\/wp-content\/uploads\/2020\/04\/3-phase-sr-multiphase-test-separator-2.jpg\"\n\t\t\t\t\t\tdata-fancybox=\"images\" \n\t\t\ttitle=\"S\u00e9parateur d&#039;essai triphas\u00e9 SR multiphase\" \n\t\t\t\t\t\tdata-caption=\"\"\n\t\t\t\t\t\tdata-description=\"\" \n\t\t\titemprop=\"contentUrl\">\n\t\t\t<img decoding=\"async\" src=\"https:\/\/www.accuflow.com\/wp-content\/uploads\/2020\/04\/3-phase-sr-multiphase-test-separator-2.jpg\" alt=\"3-phase SR multiphase test separator\" data-no-lazy=\"1\" itemprop=\"thumbnail\" width=\"692\" height=\"485\" \/>\n\t\t\t<!-- Overlay Wrapper -->\n\t\t\t <!-- Overlay Wrapper Closed -->\n\t\t\t\t<\/a>\n\t\t\t\t\t\t\t<meta itemprop=\"width\" content=\"692\" \/>\n\t\t\t<meta itemprop=\"height\" content=\"485\" \/>\n\t\t\t\t<a\n\t\t\thref=\"https:\/\/www.accuflow.com\/wp-content\/uploads\/2020\/04\/3-phase-sr-multiphase-test-separator-mobile-trailer.jpg\"\n\t\t\t\t\t\tdata-fancybox=\"images\" \n\t\t\ttitle=\"Remorque mobile de s\u00e9parateur d&#039;essai triphas\u00e9 SR multiphase\" \n\t\t\t\t\t\tdata-caption=\"\"\n\t\t\t\t\t\tdata-description=\"\" \n\t\t\titemprop=\"contentUrl\">\n\t\t\t<img decoding=\"async\" src=\"https:\/\/www.accuflow.com\/wp-content\/uploads\/2020\/04\/3-phase-sr-multiphase-test-separator-mobile-trailer.jpg\" alt=\"3-phase SR multiphase test separator mobile trailer\" data-no-lazy=\"1\" itemprop=\"thumbnail\" width=\"1024\" height=\"768\" \/>\n\t\t\t<!-- Overlay Wrapper -->\n\t\t\t <!-- Overlay Wrapper Closed -->\n\t\t\t\t<\/a>\n\t\t\t\t\t\t\t<meta itemprop=\"width\" content=\"1024\" \/>\n\t\t\t<meta itemprop=\"height\" content=\"768\" \/>","protected":false},"excerpt":{"rendered":"<p>Des conditions de forte coupure d'eau peuvent se produire dans les productions d'eau et de vapeur par inondation ainsi que dans les r\u00e9servoirs matures. L'incertitude de mesure du p\u00e9trole net utilisant un s\u00e9parateur \u00e0 deux phases augmente de mani\u00e8re exponentielle lors des coupures d'eau importantes (&gt;85%). Entrer dans la mesure triphas\u00e9e Le syst\u00e8me de mesure de s\u00e9paration triphas\u00e9e Accuflow aborde cette question de l'incertitude de mesure lors de coupures d'eau importantes en prenant...<\/p>","protected":false},"author":8,"featured_media":22886,"parent":22045,"menu_order":0,"comment_status":"closed","ping_status":"closed","template":"","meta":{"_seopress_robots_primary_cat":"","_seopress_titles_title":"","_seopress_titles_desc":"Accuflow&#039;s 3-phase series of compact 3-phase flow test separators. Our designs ensure the highest level of accuracy and reliability while remaining cost-effective.","_seopress_robots_index":"","footnotes":""},"class_list":["post-22013","page","type-page","status-publish","has-post-thumbnail","hentry"],"_links":{"self":[{"href":"https:\/\/www.accuflow.com\/fr\/wp-json\/wp\/v2\/pages\/22013","targetHints":{"allow":["GET"]}}],"collection":[{"href":"https:\/\/www.accuflow.com\/fr\/wp-json\/wp\/v2\/pages"}],"about":[{"href":"https:\/\/www.accuflow.com\/fr\/wp-json\/wp\/v2\/types\/page"}],"author":[{"embeddable":true,"href":"https:\/\/www.accuflow.com\/fr\/wp-json\/wp\/v2\/users\/8"}],"replies":[{"embeddable":true,"href":"https:\/\/www.accuflow.com\/fr\/wp-json\/wp\/v2\/comments?post=22013"}],"version-history":[{"count":0,"href":"https:\/\/www.accuflow.com\/fr\/wp-json\/wp\/v2\/pages\/22013\/revisions"}],"up":[{"embeddable":true,"href":"https:\/\/www.accuflow.com\/fr\/wp-json\/wp\/v2\/pages\/22045"}],"wp:featuredmedia":[{"embeddable":true,"href":"https:\/\/www.accuflow.com\/fr\/wp-json\/wp\/v2\/media\/22886"}],"wp:attachment":[{"href":"https:\/\/www.accuflow.com\/fr\/wp-json\/wp\/v2\/media?parent=22013"}],"curies":[{"name":"wp","href":"https:\/\/api.w.org\/{rel}","templated":true}]}}