{"id":21897,"date":"2018-06-08T21:48:48","date_gmt":"2018-06-09T04:48:48","guid":{"rendered":"https:\/\/www.accuflow.com\/?page_id=21897"},"modified":"2025-03-14T14:23:22","modified_gmt":"2025-03-14T21:23:22","slug":"about-us","status":"publish","type":"page","link":"https:\/\/www.accuflow.com\/fr\/about-us\/","title":{"rendered":"\u00c0 propos de nous"},"content":{"rendered":"<h2>\n\t\t\u00c0 propos d'Accuflow\n\t<\/h2>\n\t<p>Accuflow a \u00e9t\u00e9 fond\u00e9e par Ke-Tien (KT) Liu en 1994 avec l'id\u00e9e de cr\u00e9er un s\u00e9parateur d'essai de puits compact, nouveau et innovant, afin de faire progresser l'\u00e9tat de l'art en mati\u00e8re de mesure du d\u00e9bit multiphasique pour les essais de puits. KT est titulaire d'un doctorat en g\u00e9nie chimique de l'Universit\u00e9 du Wisconsin-Madison et a \u00e9t\u00e9 le pionnier de plusieurs m\u00e9thodes de mesure d'essais de puits qui restent aujourd'hui des normes industrielles, y compris le calcul de la coupure d'eau par la densit\u00e9 et la s\u00e9paration cyclonique gaz-liquide.<\/p>\n<p>Avant Accuflow, KT a travaill\u00e9 pour Chevron Oil Field Research Company (COFRC) en tant que chef de groupe pour la mesure du p\u00e9trole brut, en se concentrant sur l'am\u00e9lioration du transfert de garde et de la pr\u00e9cision de la mesure des essais de puits. C'est l\u00e0 qu'il a d\u00e9velopp\u00e9 et brevet\u00e9 la m\u00e9thode de coupure d'eau par densit\u00e9 pour la mesure des essais de puits. Cette m\u00e9thode permet de calculer la teneur en eau du liquide en interpolant la densit\u00e9 du liquide mesur\u00e9e entre les densit\u00e9s corrig\u00e9es du p\u00e9trole et de l'eau. Chevron a ensuite conc\u00e9d\u00e9 cette m\u00e9thode \u00e0 Micro Motion, qui en a fait la base de son produit Net Oil Computer (NOC). Aujourd'hui, cette m\u00e9thode est largement disponible - soit int\u00e9gr\u00e9e, soit en option dans chaque ordinateur de d\u00e9bit et transmetteur de d\u00e9bitm\u00e8tre \u00e0 effet Coriolis.<\/p>\n<p>Il a \u00e9galement d\u00e9velopp\u00e9 et brevet\u00e9 la technologie de s\u00e9paration gaz-liquide cyclonique, connue \u00e0 l'\u00e9poque sous le nom de Chevron Multiphase Measurement System (CMMS). Cette technologie de s\u00e9paration cyclonique permet de s\u00e9parer tr\u00e8s efficacement le gaz du flux en le faisant tourner comme une centrifugeuse, tout en utilisant une fraction des mat\u00e9riaux et de l'encombrement d'un s\u00e9parateur conventionnel. Aujourd'hui, de nombreux grands producteurs de p\u00e9trole et soci\u00e9t\u00e9s de services p\u00e9troliers utilisent encore des variantes de cette conception.<\/p>\n<p>KT a \u00e9galement obtenu un brevet sur une m\u00e9thode permettant de corriger le d\u00e9bit massique et la densit\u00e9 dans les \u00e9coulements gaz-liquide en deux phases dans les d\u00e9bitm\u00e8tres \u00e0 effet Coriolis et a donc \u00e9t\u00e9 l'un des premiers \u00e0 \u00e9tudier les effets des gaz entra\u00een\u00e9s sur leurs performances.<\/p>\n<p>Apr\u00e8s avoir quitt\u00e9 Chevron et \u00eatre devenu consultant ind\u00e9pendant, KT a vu des opportunit\u00e9s d'am\u00e9liorer la conception du CMMS et a commenc\u00e9 \u00e0 travailler sur ce qui allait devenir la premi\u00e8re conception \u00e0 2 phases d'Accuflow. Un brevet a \u00e9t\u00e9 d\u00e9pos\u00e9 et Accuflow a \u00e9t\u00e9 fond\u00e9e peu apr\u00e8s. Accuflow s'est rapidement impos\u00e9 dans l'industrie, vendant des centaines de s\u00e9parateurs en moins de dix ans, et est devenu une solution de confiance pour la mesure des essais de puits. Par la suite, KT a d\u00e9velopp\u00e9 et brevet\u00e9 le reste de nos conceptions de s\u00e9parateurs compacts et les m\u00e9thodes de d\u00e9termination de la coupure d'eau que nous continuons d'utiliser.<\/p>\n<p>Aujourd'hui, Accuflow poursuit sa qu\u00eate de solutions meilleures et optimales en mati\u00e8re de mesure de d\u00e9bit multiphase et de conception de s\u00e9parateurs compacts. Depuis les premi\u00e8res conceptions de KT jusqu'aux conceptions sophistiqu\u00e9es que nous cr\u00e9ons aujourd'hui, l'innovation a toujours \u00e9t\u00e9 au c\u0153ur de tout ce que nous faisons. Au fur et \u00e0 mesure que de nouveaux d\u00e9fis se pr\u00e9sentent et que de nouvelles technologies de mesure \u00e9mergent, nous restons d\u00e9termin\u00e9s \u00e0 d\u00e9velopper des solutions r\u00e9volutionnaires qui \u00e9tablissent la norme en mati\u00e8re de mesure des essais de puits.<\/p>\n\t\t\t\t<img decoding=\"async\" src=\"https:\/\/www.accuflow.com\/wp-content\/uploads\/2020\/04\/Copy-of-iStock-175398021-400x600.jpg\" alt=\"about accuflow - worker in oilfield\" itemprop=\"image\" height=\"600\" width=\"400\" title=\"Travailleur du p\u00e9trole dans un champ\" onerror=\"this.style.display='none'\"  \/>\n<h2>\n\t\tNotre mission\n\t<\/h2>\n\t<p>Fournir \u00e0 nos clients des solutions de mesure de d\u00e9bit multiphase pour le p\u00e9trole et le gaz qui soient \u00e0 la fois tr\u00e8s pr\u00e9cises et \u00e9conomiques, en utilisant les technologies les plus r\u00e9centes et des principes d'ing\u00e9nierie \u00e9prouv\u00e9s.<\/p>\n<h2>\n\t\tNotre vision\n\t<\/h2>\n\t<p>\u00c9tudier les technologies de pointe en mati\u00e8re de mesure des flux multiphasiques et forger des partenariats significatifs afin de continuer \u00e0 fournir \u00e0 nos clients les solutions les plus optimales possibles.<\/p>\n<h2>\n\t\tAccuflow fournit des syst\u00e8mes de mesure de d\u00e9bit multiphasique dans le monde entier\n\t<\/h2>\n\t\t\t\t\t\t<img decoding=\"async\" src=\"https:\/\/www.accuflow.com\/wp-content\/uploads\/2020\/04\/Shell-logo.png\" alt=\"Shell\" data-no-lazy=\"1\" \/>\t\t\t\t\t\n                            <p>Shell<\/p>\n\t\t\t\t\t\t<img decoding=\"async\" src=\"https:\/\/www.accuflow.com\/wp-content\/uploads\/2020\/04\/chevron-logo.png\" alt=\"Chevron\" data-no-lazy=\"1\" \/>\t\t\t\t\t\n                            <p>Chevron<\/p>\n\t\t\t\t\t\t<img decoding=\"async\" src=\"https:\/\/www.accuflow.com\/wp-content\/uploads\/2020\/04\/exxonmobil-logo.png\" alt=\"ExxonMobil\" data-no-lazy=\"1\" \/>\t\t\t\t\t\n                            <p>ExxonMobil<\/p>\n\t\t\t\t\t\t<img decoding=\"async\" src=\"https:\/\/www.accuflow.com\/wp-content\/uploads\/2020\/04\/aera-energy-logo.jpg\" alt=\"Aera Energy\" data-no-lazy=\"1\" \/>\t\t\t\t\t\n                            <p>Aera Energy<\/p>\n\t\t\t\t\t\t<img decoding=\"async\" src=\"https:\/\/www.accuflow.com\/wp-content\/uploads\/2020\/04\/Berry-logo.jpg\" alt=\"Berry Petroleum\" data-no-lazy=\"1\" \/>\t\t\t\t\t\n                            <p>P\u00e9trole des baies<\/p>\n\t\t\t\t\t\t<img decoding=\"async\" src=\"https:\/\/www.accuflow.com\/wp-content\/uploads\/2020\/04\/california-resources-corporation-logo.png\" alt=\"California Resources Corporation\" data-no-lazy=\"1\" \/>\t\t\t\t\t\n                            <p>Corporation des ressources de Californie<\/p>\n\t\t\t\t\t\t<img decoding=\"async\" src=\"https:\/\/www.accuflow.com\/wp-content\/uploads\/2020\/04\/oxy-logo-2.png\" alt=\"OXY\" data-no-lazy=\"1\" \/>\t\t\t\t\t\n                            <p>OXY<\/p>\n\t\t\t\t\t\t<img decoding=\"async\" src=\"https:\/\/www.accuflow.com\/wp-content\/uploads\/2020\/04\/pemex-logo-2.png\" alt=\"Pemex\" data-no-lazy=\"1\" \/>\t\t\t\t\t\n                            <p>Pemex<\/p>\n\t\t\t\t\t\t<img decoding=\"async\" src=\"https:\/\/www.accuflow.com\/wp-content\/uploads\/2020\/04\/conocophillips-logo.png\" alt=\"ConocoPhillips\" data-no-lazy=\"1\" \/>\t\t\t\t\t\n                            <p>ConocoPhillips<\/p>\n\t\t\t\t\t\t<img decoding=\"async\" src=\"https:\/\/www.accuflow.com\/wp-content\/uploads\/2020\/04\/santos-logo.png\" alt=\"Santos\" data-no-lazy=\"1\" \/>\t\t\t\t\t\n                            <p>Santos<\/p>\n\t\t\t\t\t\t<img decoding=\"async\" src=\"https:\/\/www.accuflow.com\/wp-content\/uploads\/2020\/04\/perenco-logo.png\" alt=\"Perenco\" data-no-lazy=\"1\" \/>\t\t\t\t\t\n                            <p>Perenco<\/p>\n\t\t\t\t\t\t<img decoding=\"async\" src=\"https:\/\/www.accuflow.com\/wp-content\/uploads\/2020\/04\/linn-energy-logo.jpg\" alt=\"LINN Energy\" data-no-lazy=\"1\" \/>\t\t\t\t\t\n                            <p>LINN \u00c9nergie<\/p>\n\t\t\t\t\t\t<img decoding=\"async\" src=\"https:\/\/www.accuflow.com\/wp-content\/uploads\/2020\/04\/talisman-energy-logo.png\" alt=\"Talisman Energy\" data-no-lazy=\"1\" \/>\t\t\t\t\t\n                            <p>Talisman Energy<\/p>\n\t\t\t\t\t\t<img decoding=\"async\" src=\"https:\/\/www.accuflow.com\/wp-content\/uploads\/2020\/04\/esso-logo.png\" alt=\"Esso\" data-no-lazy=\"1\" \/>\t\t\t\t\t\n                            <p>Esso<\/p>\n\t\t\t\t\t\t<img decoding=\"async\" src=\"https:\/\/www.accuflow.com\/wp-content\/uploads\/2020\/04\/beta-offshore-logo.jpg\" alt=\"Beta Offshore\" data-no-lazy=\"1\" \/>\t\t\t\t\t\n                            <p>Beta Offshore<\/p>\n\t\t\t\t\t\t<img decoding=\"async\" src=\"https:\/\/www.accuflow.com\/wp-content\/uploads\/2020\/04\/vico-indonesia-logo.png\" alt=\"VICO\" data-no-lazy=\"1\" \/>\t\t\t\t\t\n                            <p>VICO<\/p>\n\t\t\t\t\t\t<img decoding=\"async\" src=\"https:\/\/www.accuflow.com\/wp-content\/uploads\/2020\/04\/petronas-logo.png\" alt=\"Petronas\" data-no-lazy=\"1\" \/>\t\t\t\t\t\n                            <p>Petronas<\/p>\n\t\t\t\t\t\t<img decoding=\"async\" src=\"https:\/\/www.accuflow.com\/wp-content\/uploads\/2020\/04\/caltex-logo.png\" alt=\"Caltex\" data-no-lazy=\"1\" \/>\t\t\t\t\t\n                            <p>Caltex<\/p>\n\t\t\t<button>Suivant<\/button>\n\t\t<button>Pr\u00e9c\u00e9dent<\/button>\n<h2>\n\t\tComment fonctionnent les s\u00e9parateurs d'essai de puits Accuflow ?\n\t<\/h2>\n\t<a href=\"#\" id=\"trigger-\" role=\"button\" data-modal=\"\" data-node=\"\">\n\t\t\t\t\t<\/a>\n\t\t\t\t\t\tAper\u00e7u\n\t\t\tmodal-\n\t\t\t\t\t\t<iframe loading=\"lazy\" width=\"700\" height=\"400\" src=\"https:\/\/www.youtube.com\/embed\/CKlAFeQOXYI\" frameborder=\"0\" allow=\"accelerometer; autoplay; encrypted-media; gyroscope; picture-in-picture\" allowfullscreen><\/iframe>","protected":false},"excerpt":{"rendered":"<p>\u00c0 propos d'Accuflow Accuflow a \u00e9t\u00e9 fond\u00e9 par Ke-Tien (KT) Liu en 1994 avec l'id\u00e9e de cr\u00e9er un s\u00e9parateur d'essai de puits compact, nouveau et innovant, afin de faire progresser l'\u00e9tat de l'art en mati\u00e8re de mesure du d\u00e9bit multiphasique pour les essais de puits. KT est titulaire d'un doctorat en g\u00e9nie chimique de l'Universit\u00e9 du Wisconsin-Madison et a \u00e9t\u00e9 le pionnier de plusieurs m\u00e9thodes de mesure...<\/p>","protected":false},"author":8,"featured_media":0,"parent":0,"menu_order":0,"comment_status":"closed","ping_status":"closed","template":"","meta":{"_seopress_robots_primary_cat":"","_seopress_titles_title":"","_seopress_titles_desc":"Accuflow, established in 1994 by Dr. Ke-Tien Liu, specializes in compact well test separators for precise multiphase flow measurement. Our innovative designs bridge the gap between traditional separators and multiphase flow meters (MPFMs), offering 100% separation efficiency across all flow regimes. Utilizing advanced flowmeter technologies, we deliver accurate, reliable, and cost-effective solutions for the oil and gas industry.","_seopress_robots_index":"","footnotes":""},"class_list":["post-21897","page","type-page","status-publish","hentry"],"_links":{"self":[{"href":"https:\/\/www.accuflow.com\/fr\/wp-json\/wp\/v2\/pages\/21897","targetHints":{"allow":["GET"]}}],"collection":[{"href":"https:\/\/www.accuflow.com\/fr\/wp-json\/wp\/v2\/pages"}],"about":[{"href":"https:\/\/www.accuflow.com\/fr\/wp-json\/wp\/v2\/types\/page"}],"author":[{"embeddable":true,"href":"https:\/\/www.accuflow.com\/fr\/wp-json\/wp\/v2\/users\/8"}],"replies":[{"embeddable":true,"href":"https:\/\/www.accuflow.com\/fr\/wp-json\/wp\/v2\/comments?post=21897"}],"version-history":[{"count":0,"href":"https:\/\/www.accuflow.com\/fr\/wp-json\/wp\/v2\/pages\/21897\/revisions"}],"wp:attachment":[{"href":"https:\/\/www.accuflow.com\/fr\/wp-json\/wp\/v2\/media?parent=21897"}],"curies":[{"name":"wp","href":"https:\/\/api.w.org\/{rel}","templated":true}]}}