{"id":21835,"date":"2017-10-17T08:01:07","date_gmt":"2017-10-17T15:01:07","guid":{"rendered":"https:\/\/www.accuflow.com\/?page_id=21835"},"modified":"2025-03-14T11:30:53","modified_gmt":"2025-03-14T18:30:53","slug":"privacy-policy","status":"publish","type":"page","link":"https:\/\/www.accuflow.com\/fr\/privacy-policy\/","title":{"rendered":"Politique de confidentialit\u00e9"},"content":{"rendered":"<h2>Politique de confidentialit\u00e9<\/h2>\n<p>Votre vie priv\u00e9e est importante pour nous. Accuflow a pour politique de respecter votre vie priv\u00e9e en ce qui concerne les informations que nous pouvons recueillir aupr\u00e8s de vous sur notre site web, <a href=\"https:\/\/www.accuflow.com\/fr\/\">https:\/\/www.accuflow.com\/<\/a>et d'autres sites que nous poss\u00e9dons et exploitons.<\/p>\n<p>We only ask for personal information when we truly need it to provide a service to you. We collect it by fair and lawful means, with your knowledge and consent. We also let you know why we&#8217;re collecting it and how it will be used.<\/p>\n<p>We only retain collected information for as long as necessary to provide you with your requested service. What data we store, we&#8217;ll protect within commercially acceptable means to prevent loss and theft, as well as unauthorized access, disclosure, copying, use or modification.<\/p>\n<p>We don&#8217;t share any personally identifying information publicly or with third-parties, except when required to by law.<\/p>\n<p>Notre site web peut contenir des liens vers des sites externes qui ne sont pas g\u00e9r\u00e9s par nous. Sachez que nous n'avons aucun contr\u00f4le sur le contenu et les pratiques de ces sites, et que nous ne pouvons accepter aucune responsabilit\u00e9 quant \u00e0 leurs politiques de confidentialit\u00e9 respectives.<\/p>\n<p>Vous \u00eates libre de refuser notre demande d'informations personnelles, \u00e9tant entendu que nous pourrions ne pas \u00eatre en mesure de vous fournir certains des services que vous souhaitez.<\/p>\n<p>Votre utilisation continue de notre site web sera consid\u00e9r\u00e9e comme une acceptation de nos pratiques en mati\u00e8re de protection de la vie priv\u00e9e et des informations personnelles. Si vous avez des questions sur la mani\u00e8re dont nous traitons les donn\u00e9es et les informations personnelles des utilisateurs, n'h\u00e9sitez pas \u00e0 nous contacter.<\/p>\n<p>Cette politique est effective \u00e0 partir du 1er avril 2020.<\/p>","protected":false},"excerpt":{"rendered":"<p>Politique de confidentialit\u00e9 Votre vie priv\u00e9e est importante pour nous. Accuflow a pour politique de respecter votre vie priv\u00e9e concernant toute information que nous pourrions recueillir aupr\u00e8s de vous sur notre site web, https:\/\/www.accuflow.com\/, et sur d'autres sites que nous poss\u00e9dons et exploitons. Nous ne demandons des informations personnelles que lorsque nous en avons r\u00e9ellement besoin pour vous fournir un service. Nous les recueillons...<\/p>","protected":false},"author":8,"featured_media":0,"parent":0,"menu_order":0,"comment_status":"closed","ping_status":"closed","template":"","meta":{"_seopress_robots_primary_cat":"","_seopress_titles_title":"","_seopress_titles_desc":"Discover how Accuflow protects your privacy and handles your personal data. Read our Privacy Policy to learn about data collection, usage, and security measures.","_seopress_robots_index":"","footnotes":""},"class_list":["post-21835","page","type-page","status-publish","hentry"],"_links":{"self":[{"href":"https:\/\/www.accuflow.com\/fr\/wp-json\/wp\/v2\/pages\/21835","targetHints":{"allow":["GET"]}}],"collection":[{"href":"https:\/\/www.accuflow.com\/fr\/wp-json\/wp\/v2\/pages"}],"about":[{"href":"https:\/\/www.accuflow.com\/fr\/wp-json\/wp\/v2\/types\/page"}],"author":[{"embeddable":true,"href":"https:\/\/www.accuflow.com\/fr\/wp-json\/wp\/v2\/users\/8"}],"replies":[{"embeddable":true,"href":"https:\/\/www.accuflow.com\/fr\/wp-json\/wp\/v2\/comments?post=21835"}],"version-history":[{"count":0,"href":"https:\/\/www.accuflow.com\/fr\/wp-json\/wp\/v2\/pages\/21835\/revisions"}],"wp:attachment":[{"href":"https:\/\/www.accuflow.com\/fr\/wp-json\/wp\/v2\/media?parent=21835"}],"curies":[{"name":"wp","href":"https:\/\/api.w.org\/{rel}","templated":true}]}}