{"id":77,"date":"2016-09-29T18:36:32","date_gmt":"2016-09-30T01:36:32","guid":{"rendered":"https:\/\/gxtesting.com\/core\/?page_id=77"},"modified":"2025-03-14T14:34:43","modified_gmt":"2025-03-14T21:34:43","slug":"home","status":"publish","type":"page","link":"https:\/\/www.accuflow.com\/es\/","title":{"rendered":"Inicio"},"content":{"rendered":"<h1>\n\t\tSeparadores de prueba de flujo multif\u00e1sico de Accuflow\n\t<\/h1>\n\t\t\t\t<img decoding=\"async\" src=\"https:\/\/www.accuflow.com\/wp-content\/uploads\/2020\/05\/3-phase-sr-multiphase-test-separator-2-600x541.png\" alt=\"3-phase SR multiphase test separator\" itemprop=\"image\" height=\"541\" width=\"600\" title=\"Separador de pruebas multif\u00e1sicas SR trif\u00e1sico\" onerror=\"this.style.display='none'\"  \/>\n<h2>\n\t\tAccuflow es un proveedor de soluciones de medici\u00f3n de flujo de producci\u00f3n multif\u00e1sica de petr\u00f3leo y gas\n\t<\/h2>\n\t<p>Nuestros compactos separadores de pruebas de pozos proporcionan una medici\u00f3n continua y en tiempo real del flujo multif\u00e1sico de petr\u00f3leo, agua y gas. Son la soluci\u00f3n de pruebas de pozos m\u00e1s \u00f3ptima disponible, ya que garantizan el m\u00e1ximo nivel de precisi\u00f3n y fiabilidad sin dejar de ser rentables.\u00a0<\/p>\n\t\t\t<a href=\"https:\/\/www.accuflow.com\/es\/request-for-quote\/\" target=\"_self\">\n\t\t\t\t\t\t\tSolicite un presupuesto\n\t\t\t\t\t<\/a>\n<h2>\n\t\tC\u00f3mo funcionan los separadores de pruebas de pozos Accuflow\n\t<\/h2>\n\t<a href=\"#\" id=\"trigger-\" role=\"button\" data-modal=\"\" data-node=\"\">\n\t\t\t\t\t<\/a>\n\t\t\t\t\t\tVista previa\n\t\t\tmodal-\n\t\t\t\t\t\t<iframe loading=\"lazy\" width=\"700\" height=\"400\" src=\"https:\/\/www.youtube.com\/embed\/CKlAFeQOXYI\" frameborder=\"0\" allow=\"accelerometer; autoplay; encrypted-media; gyroscope; picture-in-picture\" allowfullscreen><\/iframe>\t\t\t\t\t\n\t\t\t\t\t\t\t\t\t<a href=\"https:\/\/www.accuflow.com\/es\/products\/2-phase-separators\/\" rel=\"bookmark\" title=\"Separadores bif\u00e1sicos\">\n\t\t\t\t\t\t\t\t\t\t<img width=\"600\" height=\"450\" src=\"https:\/\/www.accuflow.com\/wp-content\/uploads\/2025\/01\/2-phase-lt-multiphase-compact-flow-separator-600x450.jpg\" alt=\"2-phase LT multiphase compact flow separator\" decoding=\"async\" srcset=\"https:\/\/www.accuflow.com\/wp-content\/uploads\/2025\/01\/2-phase-lt-multiphase-compact-flow-separator-600x450.jpg 600w, https:\/\/www.accuflow.com\/wp-content\/uploads\/2025\/01\/2-phase-lt-multiphase-compact-flow-separator-1024x768.jpg 1024w, https:\/\/www.accuflow.com\/wp-content\/uploads\/2025\/01\/2-phase-lt-multiphase-compact-flow-separator-768x576.jpg 768w, https:\/\/www.accuflow.com\/wp-content\/uploads\/2025\/01\/2-phase-lt-multiphase-compact-flow-separator-1536x1152.jpg 1536w, https:\/\/www.accuflow.com\/wp-content\/uploads\/2025\/01\/2-phase-lt-multiphase-compact-flow-separator-2048x1536.jpg 2048w, https:\/\/www.accuflow.com\/wp-content\/uploads\/2025\/01\/2-phase-lt-multiphase-compact-flow-separator-16x12.jpg 16w\" sizes=\"(max-width: 600px) 100vw, 600px\" \/>\t\t\t\t\t\t\t\t\t<\/a>\n\t\t\t<h3 itemprop=\"headline\">\n\t\t\t\t\t\t\t\t<a href=\"https:\/\/www.accuflow.com\/es\/products\/2-phase-separators\/\" rel=\"bookmark\" title=\"Separadores bif\u00e1sicos\">\n\t\t\t\t\t\t\t\t\tSeparadores bif\u00e1sicos\t\t\t\t\t\t\t\t<\/a>\n\t\t\t\t\t\t\t<\/h3>\n\t\t\t\t\t\t\t\t\t<a href=\"https:\/\/www.accuflow.com\/es\/products\/3-phase-separators\/\" rel=\"bookmark\" title=\"Separadores trif\u00e1sicos\">\n\t\t\t\t\t\t\t\t\t\t<img width=\"600\" height=\"450\" src=\"https:\/\/www.accuflow.com\/wp-content\/uploads\/2025\/01\/3-phase-sr-multiphase-test-separator-trailer-600x450.jpg\" alt=\"3-phase SR multiphase test separator trailer\" decoding=\"async\" srcset=\"https:\/\/www.accuflow.com\/wp-content\/uploads\/2025\/01\/3-phase-sr-multiphase-test-separator-trailer-600x450.jpg 600w, https:\/\/www.accuflow.com\/wp-content\/uploads\/2025\/01\/3-phase-sr-multiphase-test-separator-trailer-1024x768.jpg 1024w, https:\/\/www.accuflow.com\/wp-content\/uploads\/2025\/01\/3-phase-sr-multiphase-test-separator-trailer-768x576.jpg 768w, https:\/\/www.accuflow.com\/wp-content\/uploads\/2025\/01\/3-phase-sr-multiphase-test-separator-trailer-1536x1152.jpg 1536w, https:\/\/www.accuflow.com\/wp-content\/uploads\/2025\/01\/3-phase-sr-multiphase-test-separator-trailer-16x12.jpg 16w, https:\/\/www.accuflow.com\/wp-content\/uploads\/2025\/01\/3-phase-sr-multiphase-test-separator-trailer.jpg 1566w\" sizes=\"(max-width: 600px) 100vw, 600px\" \/>\t\t\t\t\t\t\t\t\t<\/a>\n\t\t\t<h3 itemprop=\"headline\">\n\t\t\t\t\t\t\t\t<a href=\"https:\/\/www.accuflow.com\/es\/products\/3-phase-separators\/\" rel=\"bookmark\" title=\"Separadores trif\u00e1sicos\">\n\t\t\t\t\t\t\t\t\tSeparadores trif\u00e1sicos\t\t\t\t\t\t\t\t<\/a>\n\t\t\t\t\t\t\t<\/h3>\n\t\t\t\t\t\t\t\t\t<a href=\"https:\/\/www.accuflow.com\/es\/products\/mobile-test-separators\/\" rel=\"bookmark\" title=\"Separadores m\u00f3viles de prueba\">\n\t\t\t\t\t\t\t\t\t\t<img width=\"600\" height=\"450\" src=\"https:\/\/www.accuflow.com\/wp-content\/uploads\/2025\/01\/2-phase-sr-multiphase-test-separator-mobile-trailer-in-colombia-600x450.jpg\" alt=\"2-phase SR multiphase test separator mobile trailer in Colombia\" decoding=\"async\" srcset=\"https:\/\/www.accuflow.com\/wp-content\/uploads\/2025\/01\/2-phase-sr-multiphase-test-separator-mobile-trailer-in-colombia-600x450.jpg 600w, https:\/\/www.accuflow.com\/wp-content\/uploads\/2025\/01\/2-phase-sr-multiphase-test-separator-mobile-trailer-in-colombia-1024x768.jpg 1024w, https:\/\/www.accuflow.com\/wp-content\/uploads\/2025\/01\/2-phase-sr-multiphase-test-separator-mobile-trailer-in-colombia-768x576.jpg 768w, https:\/\/www.accuflow.com\/wp-content\/uploads\/2025\/01\/2-phase-sr-multiphase-test-separator-mobile-trailer-in-colombia-1536x1152.jpg 1536w, https:\/\/www.accuflow.com\/wp-content\/uploads\/2025\/01\/2-phase-sr-multiphase-test-separator-mobile-trailer-in-colombia-2048x1536.jpg 2048w, https:\/\/www.accuflow.com\/wp-content\/uploads\/2025\/01\/2-phase-sr-multiphase-test-separator-mobile-trailer-in-colombia-16x12.jpg 16w\" sizes=\"(max-width: 600px) 100vw, 600px\" \/>\t\t\t\t\t\t\t\t\t<\/a>\n\t\t\t<h3 itemprop=\"headline\">\n\t\t\t\t\t\t\t\t<a href=\"https:\/\/www.accuflow.com\/es\/products\/mobile-test-separators\/\" rel=\"bookmark\" title=\"Separadores m\u00f3viles de prueba\">\n\t\t\t\t\t\t\t\t\tSeparadores m\u00f3viles de prueba\t\t\t\t\t\t\t\t<\/a>\n\t\t\t\t\t\t\t<\/h3>\n<h3>\n\t\tCaracter\u00edsticas principales\n\t<\/h3>\n\t<ul>\n\t\t\t<li>\n\t\t\t\tM\u00e1s peque\u00f1o, m\u00e1s ligero y m\u00e1s eficaz que los dise\u00f1os convencionales de separadores de pruebas de pozos\n\t\t\t<\/li>\n\t\t\t<li>\n\t\t\t\t100% eficacia de separaci\u00f3n y separaci\u00f3n completa de las fases gaseosa y l\u00edquida\n\t\t\t<\/li>\n\t\t\t<li>\n\t\t\t\tFunciona en GVF 0-100% y en todos los reg\u00edmenes de caudal\n\t\t\t<\/li>\n\t\t\t<li>\n\t\t\t\tUtiliza las tecnolog\u00edas de caudal\u00edmetro m\u00e1s precisas (Coriolis para l\u00edquidos, ultras\u00f3nico para gases) con relaciones de reducci\u00f3n elevadas (&gt;100:1)\n\t\t\t<\/li>\n\t\t\t<li>\n\t\t\t\tDeterminaci\u00f3n del corte de agua y correcciones del caudal seg\u00fan las normas API MPMS, ISO y AGA\n\t\t\t<\/li>\n\t\t<\/ul>\n\t\t\t<a href=\"https:\/\/www.accuflow.com\/es\/products\/\" target=\"_self\">\n\t\t\t\t\t\t\tM\u00e1s informaci\u00f3n sobre nuestros productos\n\t\t\t\t\t<\/a>\n<h2>\n\t\tSoluciones \u00fanicas\n\t<\/h2>\n\n\t\t\t<a href=\"https:\/\/www.accuflow.com\/es\/our-advantage\/\" target=\"_self\">\n\t\t\t\t\t\t\tDescubra las ventajas de Accuflow\n\t\t\t\t\t<\/a>\n<h3>\n\t\tDise\u00f1amos cada pat\u00edn a medida porque cada aplicaci\u00f3n es diferente.\n\t<\/h3>\n\t<p>Las soluciones de talla \u00fanica no son ideales, ya que se quedan cortas (arriesgando la precisi\u00f3n de las mediciones) o son demasiado grandes (derroche de capital).<\/p>\n\t\t\t\t\t\t<a href=\"https:\/\/www.accuflow.com\/es\/products\/\" target=\"_self\">\n\t\t\t\t\t\t\t\t\t\t\t\t<img decoding=\"async\" src=\"https:\/\/www.accuflow.com\/wp-content\/uploads\/2020\/05\/santos-zeus-field-queensland-australia-1024x765.jpg\" alt=\"3-phase SR multiphase test separator Australia\" \/>\n\t\t\t\t\t\t\t\t<h2>Productos<\/h2>\n\t\t\t\t\t\t\t\t\t<p>Separadores de prueba de pozos compactos dise\u00f1ados a medida para la medici\u00f3n continua y en tiempo real del caudal de petr\u00f3leo, agua y gas.<\/p>\n\t\t\t\t\t\t\t\t\t\t<\/a>\n\t\t\t\t\t\t<a href=\"https:\/\/www.accuflow.com\/es\/services\/\" target=\"_self\">\n\t\t\t\t\t\t\t\t\t\t\t\t<img decoding=\"async\" src=\"https:\/\/www.accuflow.com\/wp-content\/uploads\/2020\/05\/3-phase-sr-multiphase-test-separator.jpg\" alt=\"3-phase SR multiphase test separator\" \/>\n\t\t\t\t\t\t\t\t<h2>Servicios<\/h2>\n\t\t\t\t\t\t\t\t\t<p>Pruebas de pozos m\u00f3viles, consultor\u00eda y auditor\u00eda del rendimiento de los separadores.<\/p>\n\t\t\t\t\t\t\t\t\t\t<\/a>\n\t\t\t\t\t\t<a href=\"https:\/\/www.accuflow.com\/es\/request-for-quote\/\" target=\"_self\">\n\t\t\t\t\t\t\t\t\t\t\t\t<img decoding=\"async\" src=\"https:\/\/www.accuflow.com\/wp-content\/uploads\/2020\/04\/presentation-of-working-data-1024x682.jpg\" alt=\"consulting\" \/>\n\t\t\t\t\t\t\t\t<h2>Solicite un presupuesto<\/h2>\n\t\t\t\t\t\t\t\t\t<p>Rellene una hoja de datos de aplicaci\u00f3n para obtener una soluci\u00f3n de medici\u00f3n de flujo multif\u00e1sico dise\u00f1ada por expertos para sus necesidades de pruebas de pozos.<\/p>\n\t\t\t\t\t\t\t\t\t\t<\/a>\n<h2>\n\t\tAccuflow proporciona sistemas de medici\u00f3n de flujo multif\u00e1sico en todo el mundo.\n\t<\/h2>\n\t<p>Disponemos de sistemas compactos de separadores multif\u00e1sicos para pruebas de pozos en Norteam\u00e9rica (EE.UU., M\u00e9xico), Sudam\u00e9rica (Colombia, Venezuela, Argentina), \u00c1frica (Congo, Nigeria, Chad, R.D.C.), Asia (Arabia Saud\u00ed, Irak, Malasia, Indonesia, Bangladesh, Om\u00e1n, Tailandia, Vietnam) y Australia.<\/p>\n<p>Como l\u00edder mundial en tecnolog\u00eda de medici\u00f3n de flujo multif\u00e1sico, Accuflow se compromete a proporcionar a sus clientes soluciones fiables y precisas para la comprobaci\u00f3n de pozos, as\u00ed como una asistencia t\u00e9cnica y un servicio excepcionales.<\/p>\n\t\t\t<a href=\"https:\/\/www.accuflow.com\/es\/services\/\" target=\"_self\">\n\t\t\t\t\t\t\tLos servicios que ofrecemos\n\t\t\t\t\t<\/a>\n\t\t\t\t<img decoding=\"async\" src=\"https:\/\/www.accuflow.com\/wp-content\/uploads\/2020\/05\/3-phase-jr-multiphase-test-separator-515x600.png\" alt=\"3-phase JR multiphase test separator\" itemprop=\"image\" height=\"600\" width=\"515\" title=\"Separador de prueba multif\u00e1sico JR trif\u00e1sico\" onerror=\"this.style.display='none'\"  \/>\n<h2>\n\t\tAccuflow proporciona sistemas de medici\u00f3n de flujo multif\u00e1sico en todo el mundo\n\t<\/h2>\n\t\t\t\t\t\t<img decoding=\"async\" src=\"https:\/\/www.accuflow.com\/wp-content\/uploads\/2020\/04\/shell-logo.png\" alt=\"Shell\" data-no-lazy=\"1\" \/>\t\t\t\t\t\n                            <p>Shell<\/p>\n\t\t\t\t\t\t<img decoding=\"async\" src=\"https:\/\/www.accuflow.com\/wp-content\/uploads\/2020\/04\/chevron-logo.png\" alt=\"Chevron\" data-no-lazy=\"1\" \/>\t\t\t\t\t\n                            <p>Chevron<\/p>\n\t\t\t\t\t\t<img decoding=\"async\" src=\"https:\/\/www.accuflow.com\/wp-content\/uploads\/2020\/04\/exxonmobil-logo.png\" alt=\"ExxonMobil\" data-no-lazy=\"1\" \/>\t\t\t\t\t\n                            <p>ExxonMobil<\/p>\n\t\t\t\t\t\t<img decoding=\"async\" src=\"https:\/\/www.accuflow.com\/wp-content\/uploads\/2020\/04\/aera-energy-logo.jpg\" alt=\"Aera Energy\" data-no-lazy=\"1\" \/>\t\t\t\t\t\n                            <p>Aera Energ\u00eda<\/p>\n\t\t\t\t\t\t<img decoding=\"async\" src=\"https:\/\/www.accuflow.com\/wp-content\/uploads\/2020\/04\/berry-logo.jpg\" alt=\"Berry Petroleum\" data-no-lazy=\"1\" \/>\t\t\t\t\t\n                            <p>Berry Petroleum<\/p>\n\t\t\t\t\t\t<img decoding=\"async\" src=\"https:\/\/www.accuflow.com\/wp-content\/uploads\/2020\/04\/california-resources-corporation-logo.png\" alt=\"California Resources Corporation\" data-no-lazy=\"1\" \/>\t\t\t\t\t\n                            <p>California Resources Corporation<\/p>\n\t\t\t\t\t\t<img decoding=\"async\" src=\"https:\/\/www.accuflow.com\/wp-content\/uploads\/2020\/04\/oxy-logo-2.png\" alt=\"OXY\" data-no-lazy=\"1\" \/>\t\t\t\t\t\n                            <p>OXY<\/p>\n\t\t\t\t\t\t<img decoding=\"async\" src=\"https:\/\/www.accuflow.com\/wp-content\/uploads\/2020\/04\/pemex-logo-2.png\" alt=\"Pemex\" data-no-lazy=\"1\" \/>\t\t\t\t\t\n                            <p>Pemex<\/p>\n\t\t\t\t\t\t<img decoding=\"async\" src=\"https:\/\/www.accuflow.com\/wp-content\/uploads\/2020\/04\/conocophillips-logo.png\" alt=\"ConocoPhillips\" data-no-lazy=\"1\" \/>\t\t\t\t\t\n                            <p>ConocoPhillips<\/p>\n\t\t\t\t\t\t<img decoding=\"async\" src=\"https:\/\/www.accuflow.com\/wp-content\/uploads\/2020\/04\/santos-logo.png\" alt=\"Santos\" data-no-lazy=\"1\" \/>\t\t\t\t\t\n                            <p>Santos<\/p>\n\t\t\t\t\t\t<img decoding=\"async\" src=\"https:\/\/www.accuflow.com\/wp-content\/uploads\/2020\/04\/perenco-logo.png\" alt=\"Perenco\" data-no-lazy=\"1\" \/>\t\t\t\t\t\n                            <p>Perenco<\/p>\n\t\t\t\t\t\t<img decoding=\"async\" src=\"https:\/\/www.accuflow.com\/wp-content\/uploads\/2020\/04\/linn-energy-logo.jpg\" alt=\"LINN Energy\" data-no-lazy=\"1\" \/>\t\t\t\t\t\n                            <p>Energ\u00eda LINN<\/p>\n\t\t\t\t\t\t<img decoding=\"async\" src=\"https:\/\/www.accuflow.com\/wp-content\/uploads\/2020\/04\/talisman-energy-logo.png\" alt=\"Talisman Energy\" data-no-lazy=\"1\" \/>\t\t\t\t\t\n                            <p>Energ\u00eda del talism\u00e1n<\/p>\n\t\t\t\t\t\t<img decoding=\"async\" src=\"https:\/\/www.accuflow.com\/wp-content\/uploads\/2020\/04\/esso-logo.png\" alt=\"Esso\" data-no-lazy=\"1\" \/>\t\t\t\t\t\n                            <p>Esso<\/p>\n\t\t\t\t\t\t<img decoding=\"async\" src=\"https:\/\/www.accuflow.com\/wp-content\/uploads\/2020\/04\/beta-offshore-logo.jpg\" alt=\"Beta Offshore\" data-no-lazy=\"1\" \/>\t\t\t\t\t\n                            <p>Beta Offshore<\/p>\n\t\t\t\t\t\t<img decoding=\"async\" src=\"https:\/\/www.accuflow.com\/wp-content\/uploads\/2020\/04\/vico-indonesia-logo.png\" alt=\"VICO\" data-no-lazy=\"1\" \/>\t\t\t\t\t\n                            <p>VICO<\/p>\n\t\t\t\t\t\t<img decoding=\"async\" src=\"https:\/\/www.accuflow.com\/wp-content\/uploads\/2020\/04\/petronas-logo.png\" alt=\"Petronas\" data-no-lazy=\"1\" \/>\t\t\t\t\t\n                            <p>Petronas<\/p>\n\t\t\t\t\t\t<img decoding=\"async\" src=\"https:\/\/www.accuflow.com\/wp-content\/uploads\/2020\/04\/caltex-logo.png\" alt=\"Caltex\" data-no-lazy=\"1\" \/>\t\t\t\t\t\n                            <p>Caltex<\/p>\n\t\t\t<button>Siguiente<\/button>\n\t\t<button>Anterior<\/button>","protected":false},"excerpt":{"rendered":"<p>Separadores de prueba de flujo multif\u00e1sico de Accuflow Accuflow es un proveedor de soluciones de medici\u00f3n de flujo de producci\u00f3n multif\u00e1sico de petr\u00f3leo y gas Nuestros separadores compactos de prueba de pozos proporcionan una medici\u00f3n de flujo multif\u00e1sico continua y en tiempo real de petr\u00f3leo, agua y gas. Son la soluci\u00f3n m\u00e1s \u00f3ptima disponible para pruebas de pozos, ya que garantizan el m\u00e1ximo nivel de precisi\u00f3n y fiabilidad sin dejar de ser rentables.  Solicite una...<\/p>","protected":false},"author":8,"featured_media":0,"parent":0,"menu_order":0,"comment_status":"closed","ping_status":"closed","template":"","meta":{"_seopress_robots_primary_cat":"","_seopress_titles_title":"Multiphase Flow Measurement Solutions by Accuflow","_seopress_titles_desc":"Accuflow engineers compact well test separators for production multiphase flow measurement in the oil & gas industry. Our designs ensure the highest level of accuracy and reliability while remaining cost-effective.","_seopress_robots_index":"","footnotes":""},"class_list":["post-77","page","type-page","status-publish","hentry"],"_links":{"self":[{"href":"https:\/\/www.accuflow.com\/es\/wp-json\/wp\/v2\/pages\/77","targetHints":{"allow":["GET"]}}],"collection":[{"href":"https:\/\/www.accuflow.com\/es\/wp-json\/wp\/v2\/pages"}],"about":[{"href":"https:\/\/www.accuflow.com\/es\/wp-json\/wp\/v2\/types\/page"}],"author":[{"embeddable":true,"href":"https:\/\/www.accuflow.com\/es\/wp-json\/wp\/v2\/users\/8"}],"replies":[{"embeddable":true,"href":"https:\/\/www.accuflow.com\/es\/wp-json\/wp\/v2\/comments?post=77"}],"version-history":[{"count":0,"href":"https:\/\/www.accuflow.com\/es\/wp-json\/wp\/v2\/pages\/77\/revisions"}],"wp:attachment":[{"href":"https:\/\/www.accuflow.com\/es\/wp-json\/wp\/v2\/media?parent=77"}],"curies":[{"name":"wp","href":"https:\/\/api.w.org\/{rel}","templated":true}]}}