{"id":22311,"date":"2020-04-16T14:20:21","date_gmt":"2020-04-16T21:20:21","guid":{"rendered":"https:\/\/www.accuflow.com\/?page_id=22311"},"modified":"2025-03-14T11:18:06","modified_gmt":"2025-03-14T18:18:06","slug":"custom-piping-and-engineering","status":"publish","type":"page","link":"https:\/\/www.accuflow.com\/es\/services\/custom-piping-and-engineering\/","title":{"rendered":"Tuber\u00edas e ingenier\u00eda a medida"},"content":{"rendered":"<h4>\u00bfTiene alg\u00fan proyecto especial o personalizado que requiera medici\u00f3n y\/o control de flujo?<\/h4>\n<p>Podemos dise\u00f1ar, realizar la ingenier\u00eda y construir skids de tuber\u00edas para cualquier aplicaci\u00f3n. Hemos creado varios skids con caudal\u00edmetros, bombas, VFDs, v\u00e1lvulas de control, instrumentaci\u00f3n anal\u00edtica, etc. para una gran variedad de aplicaciones especiales. Vea algunos de nuestros trabajos a continuaci\u00f3n.<\/p>\n\t\t\t\t<img decoding=\"async\" src=\"https:\/\/www.accuflow.com\/wp-content\/uploads\/2020\/04\/3-phase-flow-test-loop-for-testing-gas-void-fraction-flow-meter-capability-600x538.jpg\" alt=\"3-phase flow test loop for testing gas void fraction flow meter capability\" itemprop=\"image\" height=\"538\" width=\"600\" title=\"Lazo de prueba de flujo trif\u00e1sico para probar la capacidad del medidor de flujo de fracci\u00f3n vac\u00eda de gas\" onerror=\"this.style.display='none'\"  \/>\n\t<h5>Un bucle de prueba de flujo multif\u00e1sico completo con medidores de flujo, v\u00e1lvulas de control, separador, bombas, VFDs, etc.<\/h5>\n\t<p>Varios fabricantes de caudal\u00edmetros se han puesto en contacto con nosotros para probar la capacidad de sus caudal\u00edmetros Coriolis para manejar el gas arrastrado. Dise\u00f1amos y construimos un bucle de prueba de caudal completo que les permite comparar con un separador de referencia y marcar caudales precisos, cortes de agua y fracciones vac\u00edas de gas a un coste sustancialmente inferior al de otras instalaciones de prueba de caudal.<\/p>\n\t\t\t\t<img decoding=\"async\" src=\"https:\/\/www.accuflow.com\/wp-content\/uploads\/2020\/04\/solar-powered-water-injection-controller-600x478.jpg\" alt=\"Solar-powered water injection controller\" itemprop=\"image\" height=\"478\" width=\"600\" title=\"Controlador de inyecci\u00f3n de agua alimentado por energ\u00eda solar\" onerror=\"this.style.display='none'\"  \/>\n\t<h5>Un controlador de inyecci\u00f3n de agua alimentado por energ\u00eda solar<br \/>\npara una aplicaci\u00f3n de inyecci\u00f3n de agua<\/h5>\n\t<p>Un productor de petr\u00f3leo de California se puso en contacto con nosotros para una aplicaci\u00f3n especial de control de la inyecci\u00f3n de agua. CalGEM establece l\u00edmites estrictos para la presi\u00f3n de inyecci\u00f3n y el productor estaba recibiendo multas por sobrepasarlos. Creamos un esquema de inyector doble para la tuber\u00eda y la carcasa con control de caudal y presi\u00f3n, y conectamos los controladores de inyecci\u00f3n a su sistema SCADA mediante radios Ethernet de 900 MHz. Nuestra soluci\u00f3n les permiti\u00f3 controlar los caudales de inyecci\u00f3n y la presi\u00f3n en todo el contrato de arrendamiento a un coste sustancialmente inferior al de las alternativas, al tiempo que evitaba con \u00e9xito nuevas citaciones.<\/p>\n\t\t\t<a href=\"\/es\/contact-us\/\" target=\"_self\">\n\t\t\t\t\t\t\tCont\u00e1ctenos\n\t\t\t\t\t<\/a>","protected":false},"excerpt":{"rendered":"<p>\u00bfTiene un proyecto especial\/personalizado que requiere medici\u00f3n y\/o control de caudal? Podemos dise\u00f1ar, realizar la ingenier\u00eda y construir skids de tuber\u00edas para cualquier aplicaci\u00f3n. Hemos creado varios skids con caudal\u00edmetros, bombas, VFDs, v\u00e1lvulas de control, instrumentaci\u00f3n anal\u00edtica, etc. para una gran variedad de aplicaciones especiales. Vea algunos de nuestros trabajos a continuaci\u00f3n. Un lazo de prueba de flujo multif\u00e1sico...<\/p>","protected":false},"author":8,"featured_media":0,"parent":21880,"menu_order":0,"comment_status":"closed","ping_status":"closed","template":"","meta":{"_seopress_robots_primary_cat":"","_seopress_titles_title":"","_seopress_titles_desc":"Accuflow specializes in designing, engineering, and constructing custom piping skids tailored for diverse flow measurement and control applications. Our expertise encompasses integrating components such as flow meters, pumps, variable frequency drives (VFDs), control valves, and analytical instrumentation to meet unique project requirements. Notable projects include developing a multiphase flow test loop for evaluating Coriolis flow meters' performance with entrained gas and creating a solar-powered water injection controller for waterflooding applications.","_seopress_robots_index":"","footnotes":""},"class_list":["post-22311","page","type-page","status-publish","hentry"],"_links":{"self":[{"href":"https:\/\/www.accuflow.com\/es\/wp-json\/wp\/v2\/pages\/22311","targetHints":{"allow":["GET"]}}],"collection":[{"href":"https:\/\/www.accuflow.com\/es\/wp-json\/wp\/v2\/pages"}],"about":[{"href":"https:\/\/www.accuflow.com\/es\/wp-json\/wp\/v2\/types\/page"}],"author":[{"embeddable":true,"href":"https:\/\/www.accuflow.com\/es\/wp-json\/wp\/v2\/users\/8"}],"replies":[{"embeddable":true,"href":"https:\/\/www.accuflow.com\/es\/wp-json\/wp\/v2\/comments?post=22311"}],"version-history":[{"count":0,"href":"https:\/\/www.accuflow.com\/es\/wp-json\/wp\/v2\/pages\/22311\/revisions"}],"up":[{"embeddable":true,"href":"https:\/\/www.accuflow.com\/es\/wp-json\/wp\/v2\/pages\/21880"}],"wp:attachment":[{"href":"https:\/\/www.accuflow.com\/es\/wp-json\/wp\/v2\/media?parent=22311"}],"curies":[{"name":"wp","href":"https:\/\/api.w.org\/{rel}","templated":true}]}}