{"id":22302,"date":"2020-04-16T14:14:54","date_gmt":"2020-04-16T21:14:54","guid":{"rendered":"https:\/\/www.accuflow.com\/?page_id=22302"},"modified":"2025-03-14T11:17:29","modified_gmt":"2025-03-14T18:17:29","slug":"separator-performance-auditing","status":"publish","type":"page","link":"https:\/\/www.accuflow.com\/es\/services\/separator-performance-auditing\/","title":{"rendered":"Auditor\u00eda de rendimiento de los separadores"},"content":{"rendered":"<h4>\u00bfNecesita expertos en medici\u00f3n de flujo multif\u00e1sico para auditar sus separadores de pruebas de pozos o separadores de flujo de producci\u00f3n en relaci\u00f3n con cualquiera de los siguientes problemas?<\/h4>\n<ul>\n<li>Los resultados de las pruebas son malos o incorrectos<\/li>\n<li>Problemas de proceso: emulsi\u00f3n apretada, gas arrastrado, espuma, etc.<\/li>\n<li>Mala medici\u00f3n del flujo de l\u00edquido bruto<\/li>\n<li>Medici\u00f3n incorrecta del corte de agua\/contenido<\/li>\n<li>Mala medici\u00f3n del flujo de gas<\/li>\n<li>Problemas espor\u00e1dicos o alteraciones del proceso<\/li>\n<li>Control deficiente o ajuste de la EPI<\/li>\n<li>Malas calibraciones de los instrumentos<\/li>\n<\/ul>\n<h4>Nuestros expertos en medici\u00f3n de flujo multif\u00e1sico pueden evaluar sus separadores de flujo existentes para lo siguiente:<\/h4>\n<ul>\n<li><strong>Base de dise\u00f1o:<\/strong> \u00bfTiene este separador el tama\u00f1o y el dise\u00f1o adecuados para la aplicaci\u00f3n? \u00bfQu\u00e9 problemas puede plantear el dise\u00f1o? \u00bfC\u00f3mo puede mejorarse?<\/li>\n<li><strong>Selecci\u00f3n de caudal\u00edmetro e instrumentaci\u00f3n:<\/strong> \u00bfLos caudal\u00edmetros e instrumentos del separador est\u00e1n correctamente dimensionados y son adecuados para la aplicaci\u00f3n?<\/li>\n<li><strong>Calibraci\u00f3n<\/strong>: \u00bfEst\u00e1n calibrados con precisi\u00f3n el\/los caudal\u00edmetro(s), el\/los contador(es) de corte de agua y la instrumentaci\u00f3n del separador? \u00bfCon qu\u00e9 frecuencia deben calibrarse?<\/li>\n<li><strong>Integraci\u00f3n de sistemas \/ SCADA:<\/strong> \u00bfSe recogen, corrigen y utilizan adecuadamente las lecturas del caudal y de los instrumentos para obtener resultados significativos?<\/li>\n<\/ul>\n\t\t\t<a href=\"\/es\/contact-us\/\" target=\"_self\">\n\t\t\t\t\t\t\tCont\u00e1ctenos\n\t\t\t\t\t<\/a>\n\t\t\t\t<img decoding=\"async\" src=\"https:\/\/www.accuflow.com\/wp-content\/uploads\/2020\/04\/performance-auditing.jpg\" alt=\"performance auditing\" itemprop=\"image\" height=\"1350\" width=\"2560\" title=\"Auditor\u00eda de rendimiento\" onerror=\"this.style.display='none'\"  \/>","protected":false},"excerpt":{"rendered":"<p>\u00bfNecesita que expertos en medici\u00f3n de flujo multif\u00e1sico auditen sus separadores de pruebas de pozos o separadores de flujo de producci\u00f3n para detectar cualquiera de los siguientes problemas? Resultados de pruebas malos\/incorrectos Problemas de proceso: emulsi\u00f3n estanca, gas arrastrado, formaci\u00f3n de espuma, etc. Mala medici\u00f3n del caudal bruto de l\u00edquido Medici\u00f3n incorrecta del corte\/contenido de agua Mala medici\u00f3n del caudal de gas Problemas espor\u00e1dicos o alteraciones del proceso Mal control...<\/p>","protected":false},"author":8,"featured_media":22175,"parent":21880,"menu_order":0,"comment_status":"closed","ping_status":"closed","template":"","meta":{"_seopress_robots_primary_cat":"","_seopress_titles_title":"","_seopress_titles_desc":"Accuflow's separator performance auditing services evaluate and optimize well test and production flow separators to address issues such as inaccurate test results, process inefficiencies, and instrumentation calibration problems. Our experts assess design adequacy, instrumentation selection, calibration accuracy, and systems integration to enhance separator performance.","_seopress_robots_index":"","footnotes":""},"class_list":["post-22302","page","type-page","status-publish","has-post-thumbnail","hentry"],"_links":{"self":[{"href":"https:\/\/www.accuflow.com\/es\/wp-json\/wp\/v2\/pages\/22302","targetHints":{"allow":["GET"]}}],"collection":[{"href":"https:\/\/www.accuflow.com\/es\/wp-json\/wp\/v2\/pages"}],"about":[{"href":"https:\/\/www.accuflow.com\/es\/wp-json\/wp\/v2\/types\/page"}],"author":[{"embeddable":true,"href":"https:\/\/www.accuflow.com\/es\/wp-json\/wp\/v2\/users\/8"}],"replies":[{"embeddable":true,"href":"https:\/\/www.accuflow.com\/es\/wp-json\/wp\/v2\/comments?post=22302"}],"version-history":[{"count":0,"href":"https:\/\/www.accuflow.com\/es\/wp-json\/wp\/v2\/pages\/22302\/revisions"}],"up":[{"embeddable":true,"href":"https:\/\/www.accuflow.com\/es\/wp-json\/wp\/v2\/pages\/21880"}],"wp:featuredmedia":[{"embeddable":true,"href":"https:\/\/www.accuflow.com\/es\/wp-json\/wp\/v2\/media\/22175"}],"wp:attachment":[{"href":"https:\/\/www.accuflow.com\/es\/wp-json\/wp\/v2\/media?parent=22302"}],"curies":[{"name":"wp","href":"https:\/\/api.w.org\/{rel}","templated":true}]}}