{"id":22286,"date":"2020-04-16T14:09:47","date_gmt":"2020-04-16T21:09:47","guid":{"rendered":"https:\/\/www.accuflow.com\/?page_id=22286"},"modified":"2025-03-14T11:16:52","modified_gmt":"2025-03-14T18:16:52","slug":"consulting","status":"publish","type":"page","link":"https:\/\/www.accuflow.com\/es\/services\/consulting\/","title":{"rendered":"Consultor\u00eda"},"content":{"rendered":"<h4>\u00bfSus separadores de pruebas de pozos o MPFM experimentan problemas de proceso y\/o dan malos resultados en las pruebas?<\/h4>\n<h4>\u00bfNecesita expertos en medici\u00f3n de caudal multif\u00e1sico para un proyecto especial o personalizado? <\/h4>\n<p>Nuestros amplios conocimientos y experiencia nos permiten asesorar sobre:<\/p>\n<ul>\n<li>Medici\u00f3n de caudal - tradicional y multif\u00e1sico<\/li>\n<li>Separaci\u00f3n de fases: bif\u00e1sica, trif\u00e1sica y m\u00e1s all\u00e1<\/li>\n<li>Resoluci\u00f3n de problemas\/problemas de proceso: emulsi\u00f3n estanca, gas arrastrado, formaci\u00f3n de espuma, etc.<\/li>\n<li>Integraci\u00f3n de sistemas: dise\u00f1o de sistemas de control, programaci\u00f3n de PLC, programaci\u00f3n inform\u00e1tica, etc.<\/li>\n<li>Selecci\u00f3n y calibraci\u00f3n de instrumentaci\u00f3n: caudal\u00edmetros de l\u00edquidos y gases, medidores de corte de agua, instrumentos anal\u00edticos, etc.<\/li>\n<li>Ingenier\u00eda de dise\u00f1o personalizada: patines de tuber\u00edas, bucles de prueba de flujo multif\u00e1sico, etc.<\/li>\n<li>Preg\u00fantenos.<\/li>\n<\/ul>\n\t\t\t<a href=\"\/es\/contact-us\/\" target=\"_self\">\n\t\t\t\t\t\t\tCont\u00e1ctenos\n\t\t\t\t\t<\/a>\n\t\t\t\t<img decoding=\"async\" src=\"https:\/\/www.accuflow.com\/wp-content\/uploads\/2020\/04\/presentation-of-working-data.jpg\" alt=\"consulting\" itemprop=\"image\" height=\"1333\" width=\"2000\" title=\"Presentaci\u00f3n de los datos de trabajo\" onerror=\"this.style.display='none'\"  \/>","protected":false},"excerpt":{"rendered":"<p>\u00bfSus separadores de pruebas de pozos o MPFM experimentan problemas de proceso y\/o dan malos resultados en las pruebas? \u00bfNecesita expertos en medici\u00f3n de flujo multif\u00e1sico para un proyecto especial o personalizado? Nuestra amplia gama de conocimientos y experiencia nos permite asesorarle en: Medici\u00f3n de caudal: tradicional y multif\u00e1sico Separaci\u00f3n de fases: bif\u00e1sica, trif\u00e1sica y m\u00e1s...<\/p>","protected":false},"author":8,"featured_media":22176,"parent":21880,"menu_order":0,"comment_status":"closed","ping_status":"closed","template":"","meta":{"_seopress_robots_primary_cat":"","_seopress_titles_title":"","_seopress_titles_desc":"Accuflow provides expert consulting services in multiphase flow measurement, phase separation, process troubleshooting, systems integration, instrumentation selection and calibration, and custom design engineering.","_seopress_robots_index":"","footnotes":""},"class_list":["post-22286","page","type-page","status-publish","has-post-thumbnail","hentry"],"_links":{"self":[{"href":"https:\/\/www.accuflow.com\/es\/wp-json\/wp\/v2\/pages\/22286","targetHints":{"allow":["GET"]}}],"collection":[{"href":"https:\/\/www.accuflow.com\/es\/wp-json\/wp\/v2\/pages"}],"about":[{"href":"https:\/\/www.accuflow.com\/es\/wp-json\/wp\/v2\/types\/page"}],"author":[{"embeddable":true,"href":"https:\/\/www.accuflow.com\/es\/wp-json\/wp\/v2\/users\/8"}],"replies":[{"embeddable":true,"href":"https:\/\/www.accuflow.com\/es\/wp-json\/wp\/v2\/comments?post=22286"}],"version-history":[{"count":0,"href":"https:\/\/www.accuflow.com\/es\/wp-json\/wp\/v2\/pages\/22286\/revisions"}],"up":[{"embeddable":true,"href":"https:\/\/www.accuflow.com\/es\/wp-json\/wp\/v2\/pages\/21880"}],"wp:featuredmedia":[{"embeddable":true,"href":"https:\/\/www.accuflow.com\/es\/wp-json\/wp\/v2\/media\/22176"}],"wp:attachment":[{"href":"https:\/\/www.accuflow.com\/es\/wp-json\/wp\/v2\/media?parent=22286"}],"curies":[{"name":"wp","href":"https:\/\/api.w.org\/{rel}","templated":true}]}}