{"id":22045,"date":"2020-04-07T18:19:45","date_gmt":"2020-04-08T01:19:45","guid":{"rendered":"https:\/\/www.accuflow.com\/?page_id=22045"},"modified":"2025-03-14T14:05:56","modified_gmt":"2025-03-14T21:05:56","slug":"products","status":"publish","type":"page","link":"https:\/\/www.accuflow.com\/es\/products\/","title":{"rendered":"Productos"},"content":{"rendered":"<meta itemscope itemprop=\"mainEntityOfPage\" itemtype=\"https:\/\/schema.org\/WebPage\" itemid=\"http:\/\/22011\" content=\"2-Phase Separators\" \/><meta itemprop=\"datePublished\" content=\"2020-04-07\" \/><meta itemprop=\"dateModified\" content=\"2025-03-13\" \/><meta itemprop=\"name\" content=\"Accuflow\"\/><meta itemprop=\"url\" content=\"https:\/\/www.accuflow.com\/author\/jabel\/\" \/><meta itemprop=\"name\" content=\"Jacob Abel\" \/><meta itemprop=\"url\" content=\"https:\/\/www.accuflow.com\/wp-content\/uploads\/2025\/01\/2-phase-lt-multiphase-compact-flow-separator.jpg\" \/><meta itemprop=\"width\" content=\"2560\" \/><meta itemprop=\"height\" content=\"1920\" \/><meta itemprop=\"interactionType\" content=\"https:\/\/schema.org\/CommentAction\" \/><meta itemprop=\"userInteractionCount\" content=\"0\" \/>\n\t\t\t\t\t<a href=\"https:\/\/www.accuflow.com\/es\/products\/2-phase-separators\/\" title=\"Separadores bif\u00e1sicos\"><\/a>\n\t\t\t\t<img decoding=\"async\" src=\"https:\/\/www.accuflow.com\/wp-content\/uploads\/2025\/01\/2-phase-lt-multiphase-compact-flow-separator-1024x768.jpg\" alt=\"2-phase LT multiphase compact flow separator\" itemprop=\"image\" data-no-lazy=\"1\" height=\"768\" width=\"1024\" title=\"Separador de flujo compacto multif\u00e1sico LT bif\u00e1sico\" onerror=\"this.style.display='none'\"  \/>\n\t\t\t\t\t\t\t\t\t<h3 itemprop=\"headline\">\n\t\t\t\t\t\t\t\t\t\t\t\t\t\tSeparadores bif\u00e1sicos\t\t\t\t\t\t\t\t\t\t\t<\/h3>\n\t<meta itemscope itemprop=\"mainEntityOfPage\" itemtype=\"https:\/\/schema.org\/WebPage\" itemid=\"http:\/\/22013\" content=\"3-Phase Separators\" \/><meta itemprop=\"datePublished\" content=\"2020-04-07\" \/><meta itemprop=\"dateModified\" content=\"2025-03-13\" \/><meta itemprop=\"name\" content=\"Accuflow\"\/><meta itemprop=\"url\" content=\"https:\/\/www.accuflow.com\/author\/jabel\/\" \/><meta itemprop=\"name\" content=\"Jacob Abel\" \/><meta itemprop=\"url\" content=\"https:\/\/www.accuflow.com\/wp-content\/uploads\/2025\/01\/3-phase-sr-multiphase-test-separator-trailer.jpg\" \/><meta itemprop=\"width\" content=\"1566\" \/><meta itemprop=\"height\" content=\"1175\" \/><meta itemprop=\"interactionType\" content=\"https:\/\/schema.org\/CommentAction\" \/><meta itemprop=\"userInteractionCount\" content=\"0\" \/>\n\t\t\t\t\t<a href=\"https:\/\/www.accuflow.com\/es\/products\/3-phase-separators\/\" title=\"Separadores trif\u00e1sicos\"><\/a>\n\t\t\t\t<img decoding=\"async\" src=\"https:\/\/www.accuflow.com\/wp-content\/uploads\/2025\/01\/3-phase-sr-multiphase-test-separator-trailer-1024x768.jpg\" alt=\"3-phase SR multiphase test separator trailer\" itemprop=\"image\" data-no-lazy=\"1\" height=\"768\" width=\"1024\" title=\"Remolque separador de pruebas multif\u00e1sico SR trif\u00e1sico\" onerror=\"this.style.display='none'\"  \/>\n\t\t\t\t\t\t\t\t\t<h3 itemprop=\"headline\">\n\t\t\t\t\t\t\t\t\t\t\t\t\t\tSeparadores trif\u00e1sicos\t\t\t\t\t\t\t\t\t\t\t<\/h3>\n\t<meta itemscope itemprop=\"mainEntityOfPage\" itemtype=\"https:\/\/schema.org\/WebPage\" itemid=\"http:\/\/22021\" content=\"Mobile Test Separators\" \/><meta itemprop=\"datePublished\" content=\"2020-04-07\" \/><meta itemprop=\"dateModified\" content=\"2025-01-27\" \/><meta itemprop=\"name\" content=\"Accuflow\"\/><meta itemprop=\"url\" content=\"https:\/\/www.accuflow.com\/author\/jabel\/\" \/><meta itemprop=\"name\" content=\"Jacob Abel\" \/><meta itemprop=\"url\" content=\"https:\/\/www.accuflow.com\/wp-content\/uploads\/2025\/01\/2-phase-sr-multiphase-test-separator-mobile-trailer-in-colombia.jpg\" \/><meta itemprop=\"width\" content=\"2560\" \/><meta itemprop=\"height\" content=\"1920\" \/><meta itemprop=\"interactionType\" content=\"https:\/\/schema.org\/CommentAction\" \/><meta itemprop=\"userInteractionCount\" content=\"0\" \/>\n\t\t\t\t\t<a href=\"https:\/\/www.accuflow.com\/es\/products\/mobile-test-separators\/\" title=\"Separadores m\u00f3viles de prueba\"><\/a>\n\t\t\t\t<img decoding=\"async\" src=\"https:\/\/www.accuflow.com\/wp-content\/uploads\/2025\/01\/2-phase-sr-multiphase-test-separator-mobile-trailer-in-colombia-1024x768.jpg\" alt=\"2-phase SR multiphase test separator mobile trailer in Colombia\" itemprop=\"image\" data-no-lazy=\"1\" height=\"768\" width=\"1024\" title=\"Remolque m\u00f3vil separador de pruebas multif\u00e1sico SR de 2 fases en Colombia\" onerror=\"this.style.display='none'\"  \/>\n\t\t\t\t\t\t\t\t\t<h3 itemprop=\"headline\">\n\t\t\t\t\t\t\t\t\t\t\t\t\t\tSeparadores m\u00f3viles de prueba\t\t\t\t\t\t\t\t\t\t\t<\/h3>\n\t\t<!-- .pp-content-posts -->","protected":false},"excerpt":{"rendered":"<p>Separadores bif\u00e1sicos Separadores trif\u00e1sicos Separadores m\u00f3viles de prueba<\/p>","protected":false},"author":8,"featured_media":0,"parent":0,"menu_order":0,"comment_status":"closed","ping_status":"closed","template":"","meta":{"_seopress_robots_primary_cat":"","_seopress_titles_title":"","_seopress_titles_desc":"Accuflow engineers compact multiphase test separators for production flow measurement in the oil &amp; gas industry. Our designs ensure the highest level of accuracy and reliability while remaining cost-effective.","_seopress_robots_index":"","_seopress_analysis_target_kw":"","footnotes":""},"class_list":["post-22045","page","type-page","status-publish","hentry"],"_links":{"self":[{"href":"https:\/\/www.accuflow.com\/es\/wp-json\/wp\/v2\/pages\/22045","targetHints":{"allow":["GET"]}}],"collection":[{"href":"https:\/\/www.accuflow.com\/es\/wp-json\/wp\/v2\/pages"}],"about":[{"href":"https:\/\/www.accuflow.com\/es\/wp-json\/wp\/v2\/types\/page"}],"author":[{"embeddable":true,"href":"https:\/\/www.accuflow.com\/es\/wp-json\/wp\/v2\/users\/8"}],"replies":[{"embeddable":true,"href":"https:\/\/www.accuflow.com\/es\/wp-json\/wp\/v2\/comments?post=22045"}],"version-history":[{"count":0,"href":"https:\/\/www.accuflow.com\/es\/wp-json\/wp\/v2\/pages\/22045\/revisions"}],"wp:attachment":[{"href":"https:\/\/www.accuflow.com\/es\/wp-json\/wp\/v2\/media?parent=22045"}],"curies":[{"name":"wp","href":"https:\/\/api.w.org\/{rel}","templated":true}]}}