{"id":22041,"date":"2020-04-07T18:19:00","date_gmt":"2020-04-08T01:19:00","guid":{"rendered":"https:\/\/www.accuflow.com\/?page_id=22041"},"modified":"2025-03-14T11:14:32","modified_gmt":"2025-03-14T18:14:32","slug":"our-advantage","status":"publish","type":"page","link":"https:\/\/www.accuflow.com\/es\/our-advantage\/","title":{"rendered":"Nuestra ventaja"},"content":{"rendered":"<p>Nuestros separadores compactos para pruebas de pozos (Accuflows) son la soluci\u00f3n de medici\u00f3n de flujo multif\u00e1sico de producci\u00f3n m\u00e1s \u00f3ptima que existe. Combinan la precisi\u00f3n de la separaci\u00f3n con un dise\u00f1o compacto, salvando las distancias entre los separadores de pruebas de pozos convencionales y los caudal\u00edmetros multif\u00e1sicos (MPFM). Est\u00e1n dise\u00f1ados para ofrecer el m\u00e1ximo nivel de precisi\u00f3n y fiabilidad sin dejar de ser rentables.<\/p>\n<p>Caracter\u00edsticas principales<\/p>\n<ul>\n<li><strong>M\u00e1s peque\u00f1o, m\u00e1s ligero y m\u00e1s eficiente<\/strong> que los dise\u00f1os convencionales de separadores de pruebas de pozos<\/li>\n<li><strong>100% eficacia de separaci\u00f3n<\/strong> y <strong>separaci\u00f3n completa de las fases gaseosa y l\u00edquida<\/strong><\/li>\n<li>Obras en <strong>0-100% GVF<\/strong> y <strong>todos los reg\u00edmenes de caudal<\/strong><\/li>\n<li>Utiliza el <strong>tecnolog\u00edas de caudal\u00edmetros m\u00e1s precisas<\/strong> (Coriolis para l\u00edquido, ultras\u00f3nico para gas) con <strong>altos ratios de reducci\u00f3n<\/strong> (&gt;100:1)<\/li>\n<li>Incertidumbres de medici\u00f3n:\n<ul>\n<li>Corte de agua \/ relaci\u00f3n agua-l\u00edquido (WLR):\n<ul>\n<li>2 fases: 2% absoluto<\/li>\n<li>Trif\u00e1sico: 0,25% absoluto<\/li>\n<\/ul>\n<\/li>\n<li>Caudal de l\u00edquido: 0,25% de lectura<\/li>\n<li>Caudal de gas: 3% de lectura<\/li>\n<\/ul>\n<\/li>\n<li>Determinaci\u00f3n del corte de agua y correcciones del caudal a la norma seg\u00fan <strong>Normas API MPMS, ISO y AGA<\/strong><\/li>\n<\/ul>\n<h2>\n\t\tComparaci\u00f3n con los separadores de pruebas de pozos convencionales\n\t<\/h2>\n<h3>\n\t\tSeparadores convencionales\n\t<\/h3>\n\t\t<ul>\n\t\t\t\t\t<li>\n\t\t\t\t<p>Separaci\u00f3n ineficiente \u2192 grandes patines<\/p>\n\t\t\t<\/li>\n\t\t\t\t\t<li>\n\t\t\t\t<p>Grandes recipientes a presi\u00f3n \u2192 caros, pesados<\/p>\n\t\t\t<\/li>\n\t\t\t\t\t<li>\n\t\t\t\t<p>Gran volumen de l\u00edquido \u2192 purgas largas entre pruebas \u2192 menos pruebas, medici\u00f3n por lotes.<\/p>\n\t\t\t<\/li>\n\t\t\t\t\t<li>\n\t\t\t\t<p>V\u00e1lvulas de control de la contrapresi\u00f3n de gas y del nivel de l\u00edquido \u2192 mantenimiento y ca\u00edda de presi\u00f3n elevados.<\/p>\n\t\t\t<\/li>\n\t\t\t\t\t<li>\n\t\t\t\t<p>A menudo utiliza tecnolog\u00edas de caudal\u00edmetros anticuadas con relaciones de reducci\u00f3n bajas \u2192 menor precisi\u00f3n, alcance limitado.<\/p>\n\t\t\t<\/li>\n\t\t\t\t<\/ul>\n<h3>\n\t\tAccuflows\n\t<\/h3>\n\t\t<ul>\n\t\t\t\t\t<li>\n\t\t\t\t<p>Separaci\u00f3n altamente eficaz \u2192 <u>patines m\u00e1s peque\u00f1os<\/u><\/p>\n\t\t\t<\/li>\n\t\t\t\t\t<li>\n\t\t\t\t<p>Solo tuber\u00edas \u2192 <u>menor coste, m\u00e1s ligero<\/u><\/p>\n\t\t\t<\/li>\n\t\t\t\t\t<li>\n\t\t\t\t<p>Peque\u00f1o volumen de l\u00edquido \u2192 purgas r\u00e1pidas entre pruebas \u2192. <u>m\u00e1s pruebas, medici\u00f3n continua\/en tiempo real<\/u><\/p>\n\t\t\t<\/li>\n\t\t\t\t\t<li>\n\t\t\t\t<p>Sin\/con menos v\u00e1lvulas de control y caudal\u00edmetros sin piezas m\u00f3viles ni obstrucciones del flujo \u2192 <u>mantenimiento y ca\u00edda de presi\u00f3n m\u00ednimos<\/u><\/p>\n\t\t\t<\/li>\n\t\t\t\t\t<li>\n\t\t\t\t<p>Utiliza las \u00faltimas tecnolog\u00edas de caudal\u00edmetros con elevados coeficientes de reducci\u00f3n de \u2192. <u>gran precisi\u00f3n y variabilidad<\/u><\/p>\n\t\t\t<\/li>\n\t\t\t\t<\/ul>\n<h2>\n\t\tComparaci\u00f3n con caudal\u00edmetros multifase (MPFM)\n\t<\/h2>\n<h3>\n\t\tMPFMs\n\t<\/h3>\n\t\t<ul>\n\t\t\t\t\t<li>\n\t\t\t\t<p>A menudo requieren fuentes radiactivas<\/p>\n\t\t\t<\/li>\n\t\t\t\t\t<li>\n\t\t\t\t<p>Dificultad para lograr una buena precisi\u00f3n debido a la falta de separaci\u00f3n, especialmente en GVF alto o corte de agua.<\/p>\n\t\t\t<\/li>\n\t\t\t\t\t<li>\n\t\t\t\t<p>La precisi\u00f3n depende en gran medida de la calibraci\u00f3n sobre el terreno<\/p>\n\t\t\t<\/li>\n\t\t\t\t<\/ul>\n<h3>\n\t\tAccuflows\n\t<\/h3>\n\t\t<ul>\n\t\t\t\t\t<li>\n\t\t\t\t<p><u>No hay fuentes radiactivas<\/u> necesario<\/p>\n\t\t\t<\/li>\n\t\t\t\t\t<li>\n\t\t\t\t<p><u>La mayor precisi\u00f3n posible<\/u> ya que las fases est\u00e1n separadas<\/p>\n\t\t\t<\/li>\n\t\t\t\t\t<li>\n\t\t\t\t<p>Los caudal\u00edmetros y los contadores de corte de agua son <u>calibrado en f\u00e1brica<\/u><\/p>\n\t\t\t<\/li>\n\t\t\t\t<\/ul>","protected":false},"excerpt":{"rendered":"<p>Nuestros separadores compactos para pruebas de pozos (Accuflows) son la soluci\u00f3n de medici\u00f3n de flujo multif\u00e1sico de producci\u00f3n m\u00e1s \u00f3ptima que existe. Combinan la precisi\u00f3n de la separaci\u00f3n con un dise\u00f1o compacto, salvando las distancias entre los separadores de pruebas de pozos convencionales y los caudal\u00edmetros multif\u00e1sicos (MPFM). Est\u00e1n dise\u00f1ados para ofrecer el m\u00e1ximo nivel de precisi\u00f3n y fiabilidad sin dejar de ser rentables. Caracter\u00edsticas principales...<\/p>","protected":false},"author":8,"featured_media":0,"parent":0,"menu_order":0,"comment_status":"closed","ping_status":"closed","template":"","meta":{"_seopress_robots_primary_cat":"","_seopress_titles_title":"","_seopress_titles_desc":"Accuflow's compact well test separators offer accurate, real-time multiphase flow measurement with 100% separation efficiency across all flow regimes. Their smaller, lighter designs outperform conventional separators, utilizing advanced flowmeter technologies for enhanced accuracy and reliability.","_seopress_robots_index":"","footnotes":""},"class_list":["post-22041","page","type-page","status-publish","hentry"],"_links":{"self":[{"href":"https:\/\/www.accuflow.com\/es\/wp-json\/wp\/v2\/pages\/22041","targetHints":{"allow":["GET"]}}],"collection":[{"href":"https:\/\/www.accuflow.com\/es\/wp-json\/wp\/v2\/pages"}],"about":[{"href":"https:\/\/www.accuflow.com\/es\/wp-json\/wp\/v2\/types\/page"}],"author":[{"embeddable":true,"href":"https:\/\/www.accuflow.com\/es\/wp-json\/wp\/v2\/users\/8"}],"replies":[{"embeddable":true,"href":"https:\/\/www.accuflow.com\/es\/wp-json\/wp\/v2\/comments?post=22041"}],"version-history":[{"count":0,"href":"https:\/\/www.accuflow.com\/es\/wp-json\/wp\/v2\/pages\/22041\/revisions"}],"wp:attachment":[{"href":"https:\/\/www.accuflow.com\/es\/wp-json\/wp\/v2\/media?parent=22041"}],"curies":[{"name":"wp","href":"https:\/\/api.w.org\/{rel}","templated":true}]}}