{"id":22021,"date":"2020-04-07T18:16:09","date_gmt":"2020-04-08T01:16:09","guid":{"rendered":"https:\/\/www.accuflow.com\/?page_id=22021"},"modified":"2025-08-28T16:16:35","modified_gmt":"2025-08-28T23:16:35","slug":"mobile-test-separators","status":"publish","type":"page","link":"https:\/\/www.accuflow.com\/es\/products\/mobile-test-separators\/","title":{"rendered":"Separadores m\u00f3viles de prueba"},"content":{"rendered":"<p>Para su aplicaci\u00f3n de prueba de pozos sobre ruedas. Cualquiera de nuestros sistemas puede hacerse m\u00f3vil. Cada aplicaci\u00f3n est\u00e1 dise\u00f1ada a medida para el uso previsto. Ya sea para carreteras pavimentadas o terrenos irregulares, simples sombras o alojamientos con aire acondicionado, Accuflow puede proporcionar una soluci\u00f3n para sus necesidades de pruebas m\u00f3viles. Se dispone de camiones totalmente cargados con salas de operador con aire acondicionado y laboratorios m\u00f3viles.<\/p>\n<h3>\n\t\t\tCaracter\u00edsticas\t<\/h3>\n\t<ul>\n<li>Incertidumbres de medici\u00f3n:\n<ul>\n<li>Corte de agua \/ relaci\u00f3n agua-l\u00edquido (WLR):\n<ul>\n<li>2 fases: 2% absoluto<\/li>\n<li>Trif\u00e1sico: 0,25% absoluto<\/li>\n<\/ul>\n<\/li>\n<li>Caudal de l\u00edquido: 0,25% de lectura<\/li>\n<li>Caudal de gas: 3% de lectura<\/li>\n<\/ul>\n<\/li>\n<li>Funciona en GVF 0-100% y en todos los reg\u00edmenes de caudal<\/li>\n<li>100% eficacia de separaci\u00f3n y separaci\u00f3n completa de las fases gaseosa y l\u00edquida<\/li>\n<li>Ca\u00edda de presi\u00f3n inferior a 0,3 bar \/ 5 psi en todo el pat\u00edn<\/li>\n<li>Utiliza las tecnolog\u00edas de caudal\u00edmetro m\u00e1s precisas (Coriolis para l\u00edquidos, ultras\u00f3nico para gases) con relaciones de reducci\u00f3n elevadas (&gt;100:1)<\/li>\n<li>Determinaci\u00f3n del corte de agua y correcciones del caudal seg\u00fan las normas API MPMS, ISO y AGA<\/li>\n<\/ul>\n<h3>\n\t\t\tBeneficios\t<\/h3>\n\t<ul>\n<li>M\u00e1s peque\u00f1os, ligeros, econ\u00f3micos y de menor mantenimiento que los separadores de pruebas de pozos convencionales<\/li>\n<li>Datos de pruebas de pozos continuos y de alta calidad con datos de diagn\u00f3stico adicionales para:\n<ul>\n<li>Evaluaci\u00f3n de las propiedades de los yacimientos, el rendimiento de los pozos y las caracter\u00edsticas de los fluidos<\/li>\n<li>Optimizaci\u00f3n de la producci\u00f3n<\/li>\n<li>Modelizaci\u00f3n de yacimientos<\/li>\n<li>Orientar las decisiones econ\u00f3micas<\/li>\n<li>Formaci\u00f3n de modelos AI\/ML<\/li>\n<\/ul>\n<\/li>\n<\/ul>\n<h2>\n\t\t\tGaler\u00eda\t<\/h2>\n\t\t\t\t<a\n\t\t\thref=\"https:\/\/www.accuflow.com\/wp-content\/uploads\/2020\/05\/exxonmobil-chad-africa-2-phase-SR-trailer-2-1-1024x768.jpg\"\n\t\t\t\t\t\tdata-fancybox=\"images\" \n\t\t\ttitle=\"Remolque m\u00f3vil separador de pruebas multif\u00e1sico SR de 2 fases\" \n\t\t\t\t\t\tdata-caption=\"\"\n\t\t\t\t\t\tdata-description=\"\" \n\t\t\titemprop=\"contentUrl\">\n\t\t\t<img decoding=\"async\" src=\"https:\/\/www.accuflow.com\/wp-content\/uploads\/2020\/05\/exxonmobil-chad-africa-2-phase-SR-trailer-2-1-1024x768.jpg\" alt=\"2-phase SR multiphase test separator mobile trailer\" data-no-lazy=\"1\" itemprop=\"thumbnail\" width=\"1024\" height=\"768\" \/>\n\t\t\t<!-- Overlay Wrapper -->\n\t\t\t <!-- Overlay Wrapper Closed -->\n\t\t\t\t<\/a>\n\t\t\t\t\t\t\t<meta itemprop=\"width\" content=\"1024\" \/>\n\t\t\t<meta itemprop=\"height\" content=\"768\" \/>\n\t\t\t\t<a\n\t\t\thref=\"https:\/\/www.accuflow.com\/wp-content\/uploads\/2020\/05\/ExxonMobil-Chad-Africa-2-phase-SR-trailer-1-1-1024x768.jpg\"\n\t\t\t\t\t\tdata-fancybox=\"images\" \n\t\t\ttitle=\"Remolque m\u00f3vil separador de pruebas multif\u00e1sico SR de 2 fases\" \n\t\t\t\t\t\tdata-caption=\"\"\n\t\t\t\t\t\tdata-description=\"\" \n\t\t\titemprop=\"contentUrl\">\n\t\t\t<img decoding=\"async\" src=\"https:\/\/www.accuflow.com\/wp-content\/uploads\/2020\/05\/ExxonMobil-Chad-Africa-2-phase-SR-trailer-1-1-1024x768.jpg\" alt=\"2-phase SR multiphase test separator mobile trailer\" data-no-lazy=\"1\" itemprop=\"thumbnail\" width=\"1024\" height=\"768\" \/>\n\t\t\t<!-- Overlay Wrapper -->\n\t\t\t <!-- Overlay Wrapper Closed -->\n\t\t\t\t<\/a>\n\t\t\t\t\t\t\t<meta itemprop=\"width\" content=\"1024\" \/>\n\t\t\t<meta itemprop=\"height\" content=\"768\" \/>\n\t\t\t\t<a\n\t\t\thref=\"https:\/\/www.accuflow.com\/wp-content\/uploads\/2020\/05\/2-phase-jr-multiphase-test-separator-mobile-trailer-2-768x1024.jpg\"\n\t\t\t\t\t\tdata-fancybox=\"images\" \n\t\t\ttitle=\"Remolque m\u00f3vil separador de pruebas multif\u00e1sico JR de dos fases\" \n\t\t\t\t\t\tdata-caption=\"\"\n\t\t\t\t\t\tdata-description=\"\" \n\t\t\titemprop=\"contentUrl\">\n\t\t\t<img decoding=\"async\" src=\"https:\/\/www.accuflow.com\/wp-content\/uploads\/2020\/05\/2-phase-jr-multiphase-test-separator-mobile-trailer-2-768x1024.jpg\" alt=\"2-phase JR multiphase test separator mobile trailer\" data-no-lazy=\"1\" itemprop=\"thumbnail\" width=\"768\" height=\"1024\" \/>\n\t\t\t<!-- Overlay Wrapper -->\n\t\t\t <!-- Overlay Wrapper Closed -->\n\t\t\t\t<\/a>\n\t\t\t\t\t\t\t<meta itemprop=\"width\" content=\"768\" \/>\n\t\t\t<meta itemprop=\"height\" content=\"1024\" \/>\n\t\t\t\t<a\n\t\t\thref=\"https:\/\/www.accuflow.com\/wp-content\/uploads\/2020\/05\/3-phase-jr-multiphase-test-separator-mobile-trailer-1024x768.jpg\"\n\t\t\t\t\t\tdata-fancybox=\"images\" \n\t\t\ttitle=\"Remolque m\u00f3vil separador de pruebas multif\u00e1sico JR de tres fases\" \n\t\t\t\t\t\tdata-caption=\"\"\n\t\t\t\t\t\tdata-description=\"\" \n\t\t\titemprop=\"contentUrl\">\n\t\t\t<img decoding=\"async\" src=\"https:\/\/www.accuflow.com\/wp-content\/uploads\/2020\/05\/3-phase-jr-multiphase-test-separator-mobile-trailer-1024x768.jpg\" alt=\"3-phase JR multiphase test separator mobile trailer\" data-no-lazy=\"1\" itemprop=\"thumbnail\" width=\"1024\" height=\"768\" \/>\n\t\t\t<!-- Overlay Wrapper -->\n\t\t\t <!-- Overlay Wrapper Closed -->\n\t\t\t\t<\/a>\n\t\t\t\t\t\t\t<meta itemprop=\"width\" content=\"1024\" \/>\n\t\t\t<meta itemprop=\"height\" content=\"768\" \/>\n\t\t\t\t<a\n\t\t\thref=\"https:\/\/www.accuflow.com\/wp-content\/uploads\/2020\/05\/3-phase-sr-multiphase-test-separator-1024x768.jpg\"\n\t\t\t\t\t\tdata-fancybox=\"images\" \n\t\t\ttitle=\"Separador de pruebas multif\u00e1sicas SR trif\u00e1sico\" \n\t\t\t\t\t\tdata-caption=\"\"\n\t\t\t\t\t\tdata-description=\"\" \n\t\t\titemprop=\"contentUrl\">\n\t\t\t<img decoding=\"async\" src=\"https:\/\/www.accuflow.com\/wp-content\/uploads\/2020\/05\/3-phase-sr-multiphase-test-separator-1024x768.jpg\" alt=\"3-phase SR multiphase test separator\" data-no-lazy=\"1\" itemprop=\"thumbnail\" width=\"1024\" height=\"768\" \/>\n\t\t\t<!-- Overlay Wrapper -->\n\t\t\t <!-- Overlay Wrapper Closed -->\n\t\t\t\t<\/a>\n\t\t\t\t\t\t\t<meta itemprop=\"width\" content=\"1024\" \/>\n\t\t\t<meta itemprop=\"height\" content=\"768\" \/>\n\t\t\t\t<a\n\t\t\thref=\"https:\/\/www.accuflow.com\/wp-content\/uploads\/2020\/04\/3-phase-sr-multiphase-test-separator-mobile-trailer-indonesia-3.jpg\"\n\t\t\t\t\t\tdata-fancybox=\"images\" \n\t\t\ttitle=\"Remolque m\u00f3vil separador de prueba multif\u00e1sico SR trif\u00e1sico Indonesia\" \n\t\t\t\t\t\tdata-caption=\"\"\n\t\t\t\t\t\tdata-description=\"\" \n\t\t\titemprop=\"contentUrl\">\n\t\t\t<img decoding=\"async\" src=\"https:\/\/www.accuflow.com\/wp-content\/uploads\/2020\/04\/3-phase-sr-multiphase-test-separator-mobile-trailer-indonesia-3.jpg\" alt=\"3-phase SR multiphase test separator mobile trailer Indonesia\" data-no-lazy=\"1\" itemprop=\"thumbnail\" width=\"770\" height=\"485\" \/>\n\t\t\t<!-- Overlay Wrapper -->\n\t\t\t <!-- Overlay Wrapper Closed -->\n\t\t\t\t<\/a>\n\t\t\t\t\t\t\t<meta itemprop=\"width\" content=\"770\" \/>\n\t\t\t<meta itemprop=\"height\" content=\"485\" \/>\n\t\t\t\t<a\n\t\t\thref=\"https:\/\/www.accuflow.com\/wp-content\/uploads\/2020\/04\/2-phase-sr-multiphase-test-separator-mobile-trailer.jpg\"\n\t\t\t\t\t\tdata-fancybox=\"images\" \n\t\t\ttitle=\"Remolque m\u00f3vil separador de pruebas multif\u00e1sico SR de 2 fases\" \n\t\t\t\t\t\tdata-caption=\"\"\n\t\t\t\t\t\tdata-description=\"\" \n\t\t\titemprop=\"contentUrl\">\n\t\t\t<img decoding=\"async\" src=\"https:\/\/www.accuflow.com\/wp-content\/uploads\/2020\/04\/2-phase-sr-multiphase-test-separator-mobile-trailer.jpg\" alt=\"2-phase SR multiphase test separator mobile trailer\" data-no-lazy=\"1\" itemprop=\"thumbnail\" width=\"1024\" height=\"768\" \/>\n\t\t\t<!-- Overlay Wrapper -->\n\t\t\t <!-- Overlay Wrapper Closed -->\n\t\t\t\t<\/a>\n\t\t\t\t\t\t\t<meta itemprop=\"width\" content=\"1024\" \/>\n\t\t\t<meta itemprop=\"height\" content=\"768\" \/>\n\t\t\t\t<a\n\t\t\thref=\"https:\/\/www.accuflow.com\/wp-content\/uploads\/2020\/04\/2-phase-sr-multiphase-test-separator-mobile-trailer-2-1024x768.jpg\"\n\t\t\t\t\t\tdata-fancybox=\"images\" \n\t\t\ttitle=\"Remolque m\u00f3vil separador de pruebas multif\u00e1sico SR de 2 fases\" \n\t\t\t\t\t\tdata-caption=\"\"\n\t\t\t\t\t\tdata-description=\"\" \n\t\t\titemprop=\"contentUrl\">\n\t\t\t<img decoding=\"async\" src=\"https:\/\/www.accuflow.com\/wp-content\/uploads\/2020\/04\/2-phase-sr-multiphase-test-separator-mobile-trailer-2-1024x768.jpg\" alt=\"2-phase SR multiphase test separator mobile trailer\" data-no-lazy=\"1\" itemprop=\"thumbnail\" width=\"1024\" height=\"768\" \/>\n\t\t\t<!-- Overlay Wrapper -->\n\t\t\t <!-- Overlay Wrapper Closed -->\n\t\t\t\t<\/a>\n\t\t\t\t\t\t\t<meta itemprop=\"width\" content=\"1024\" \/>\n\t\t\t<meta itemprop=\"height\" content=\"768\" \/>\n\t\t\t\t<a\n\t\t\thref=\"https:\/\/www.accuflow.com\/wp-content\/uploads\/2020\/04\/3-phase-sr-multiphase-test-separator-mobile-trailer.jpg\"\n\t\t\t\t\t\tdata-fancybox=\"images\" \n\t\t\ttitle=\"Remolque m\u00f3vil separador de pruebas multif\u00e1sico SR trif\u00e1sico\" \n\t\t\t\t\t\tdata-caption=\"\"\n\t\t\t\t\t\tdata-description=\"\" \n\t\t\titemprop=\"contentUrl\">\n\t\t\t<img decoding=\"async\" src=\"https:\/\/www.accuflow.com\/wp-content\/uploads\/2020\/04\/3-phase-sr-multiphase-test-separator-mobile-trailer.jpg\" alt=\"3-phase SR multiphase test separator mobile trailer\" data-no-lazy=\"1\" itemprop=\"thumbnail\" width=\"1024\" height=\"768\" \/>\n\t\t\t<!-- Overlay Wrapper -->\n\t\t\t <!-- Overlay Wrapper Closed -->\n\t\t\t\t<\/a>\n\t\t\t\t\t\t\t<meta itemprop=\"width\" content=\"1024\" \/>\n\t\t\t<meta itemprop=\"height\" content=\"768\" \/>\n\t\t\t\t<a\n\t\t\thref=\"https:\/\/www.accuflow.com\/wp-content\/uploads\/2020\/04\/2-phase-jr-multiphase-test-separator-mobile-trailer.jpg\"\n\t\t\t\t\t\tdata-fancybox=\"images\" \n\t\t\ttitle=\"Remolque m\u00f3vil separador de pruebas multif\u00e1sico JR de dos fases\" \n\t\t\t\t\t\tdata-caption=\"\"\n\t\t\t\t\t\tdata-description=\"\" \n\t\t\titemprop=\"contentUrl\">\n\t\t\t<img decoding=\"async\" src=\"https:\/\/www.accuflow.com\/wp-content\/uploads\/2020\/04\/2-phase-jr-multiphase-test-separator-mobile-trailer.jpg\" alt=\"2-phase JR multiphase test separator mobile trailer\" data-no-lazy=\"1\" itemprop=\"thumbnail\" width=\"1024\" height=\"768\" \/>\n\t\t\t<!-- Overlay Wrapper -->\n\t\t\t <!-- Overlay Wrapper Closed -->\n\t\t\t\t<\/a>\n\t\t\t\t\t\t\t<meta itemprop=\"width\" content=\"1024\" \/>\n\t\t\t<meta itemprop=\"height\" content=\"768\" \/>\n\t\t\t\t<a\n\t\t\thref=\"https:\/\/www.accuflow.com\/wp-content\/uploads\/2020\/04\/3-phase-sr-multiphase-test-separator-mobile-trailer-indonesia-2.jpg\"\n\t\t\t\t\t\tdata-fancybox=\"images\" \n\t\t\ttitle=\"Remolque m\u00f3vil separador de prueba multif\u00e1sico SR trif\u00e1sico Indonesia\" \n\t\t\t\t\t\tdata-caption=\"\"\n\t\t\t\t\t\tdata-description=\"\" \n\t\t\titemprop=\"contentUrl\">\n\t\t\t<img decoding=\"async\" src=\"https:\/\/www.accuflow.com\/wp-content\/uploads\/2020\/04\/3-phase-sr-multiphase-test-separator-mobile-trailer-indonesia-2.jpg\" alt=\"3-phase SR multiphase test separator mobile trailer Indonesia\" data-no-lazy=\"1\" itemprop=\"thumbnail\" width=\"1024\" height=\"768\" \/>\n\t\t\t<!-- Overlay Wrapper -->\n\t\t\t <!-- Overlay Wrapper Closed -->\n\t\t\t\t<\/a>\n\t\t\t\t\t\t\t<meta itemprop=\"width\" content=\"1024\" \/>\n\t\t\t<meta itemprop=\"height\" content=\"768\" \/>\n\t\t\t\t<a\n\t\t\thref=\"https:\/\/www.accuflow.com\/wp-content\/uploads\/2020\/04\/2-phase-lt-multiphase-test-separator-mobile-trailer-1024x768.jpg\"\n\t\t\t\t\t\tdata-fancybox=\"images\" \n\t\t\ttitle=\"Remolque de prueba multif\u00e1sico LT de dos fases de separador m\u00f3vil\" \n\t\t\t\t\t\tdata-caption=\"\"\n\t\t\t\t\t\tdata-description=\"\" \n\t\t\titemprop=\"contentUrl\">\n\t\t\t<img decoding=\"async\" src=\"https:\/\/www.accuflow.com\/wp-content\/uploads\/2020\/04\/2-phase-lt-multiphase-test-separator-mobile-trailer-1024x768.jpg\" alt=\"2-phase LT multiphase test separator mobile trailer\" data-no-lazy=\"1\" itemprop=\"thumbnail\" width=\"1024\" height=\"768\" \/>\n\t\t\t<!-- Overlay Wrapper -->\n\t\t\t <!-- Overlay Wrapper Closed -->\n\t\t\t\t<\/a>\n\t\t\t\t\t\t\t<meta itemprop=\"width\" content=\"1024\" \/>\n\t\t\t<meta itemprop=\"height\" content=\"768\" \/>\n\t\t\t\t<a\n\t\t\thref=\"https:\/\/www.accuflow.com\/wp-content\/uploads\/2020\/04\/3-phase-sr-multiphase-test-separator-mobile-trailer-indonesia.jpg\"\n\t\t\t\t\t\tdata-fancybox=\"images\" \n\t\t\ttitle=\"Remolque m\u00f3vil separador de prueba multif\u00e1sico SR trif\u00e1sico Indonesia\" \n\t\t\t\t\t\tdata-caption=\"\"\n\t\t\t\t\t\tdata-description=\"\" \n\t\t\titemprop=\"contentUrl\">\n\t\t\t<img decoding=\"async\" src=\"https:\/\/www.accuflow.com\/wp-content\/uploads\/2020\/04\/3-phase-sr-multiphase-test-separator-mobile-trailer-indonesia.jpg\" alt=\"3-phase SR multiphase test separator mobile trailer Indonesia\" data-no-lazy=\"1\" itemprop=\"thumbnail\" width=\"800\" height=\"600\" \/>\n\t\t\t<!-- Overlay Wrapper -->\n\t\t\t <!-- Overlay Wrapper Closed -->\n\t\t\t\t<\/a>\n\t\t\t\t\t\t\t<meta itemprop=\"width\" content=\"800\" \/>\n\t\t\t<meta itemprop=\"height\" content=\"600\" \/>\n\t\t\t\t<a\n\t\t\thref=\"https:\/\/www.accuflow.com\/wp-content\/uploads\/2020\/04\/2-phase-sr-multiphase-test-separator-mobile-trailer-indonesia-2.jpg\"\n\t\t\t\t\t\tdata-fancybox=\"images\" \n\t\t\ttitle=\"Remolque m\u00f3vil separador de prueba multif\u00e1sico SR de 2 fases Indonesia\" \n\t\t\t\t\t\tdata-caption=\"\"\n\t\t\t\t\t\tdata-description=\"\" \n\t\t\titemprop=\"contentUrl\">\n\t\t\t<img decoding=\"async\" src=\"https:\/\/www.accuflow.com\/wp-content\/uploads\/2020\/04\/2-phase-sr-multiphase-test-separator-mobile-trailer-indonesia-2.jpg\" alt=\"2-phase SR multiphase test separator mobile trailer Indonesia\" data-no-lazy=\"1\" itemprop=\"thumbnail\" width=\"648\" height=\"486\" \/>\n\t\t\t<!-- Overlay Wrapper -->\n\t\t\t <!-- Overlay Wrapper Closed -->\n\t\t\t\t<\/a>\n\t\t\t\t\t\t\t<meta itemprop=\"width\" content=\"648\" \/>\n\t\t\t<meta itemprop=\"height\" content=\"486\" \/>\n\t\t\t\t<a\n\t\t\thref=\"https:\/\/www.accuflow.com\/wp-content\/uploads\/2020\/04\/3-phase-sr-multiphase-test-separator-mobile-trailer-indonesia.png\"\n\t\t\t\t\t\tdata-fancybox=\"images\" \n\t\t\ttitle=\"Remolque m\u00f3vil separador de prueba multif\u00e1sico SR trif\u00e1sico Indonesia\" \n\t\t\t\t\t\tdata-caption=\"\"\n\t\t\t\t\t\tdata-description=\"\" \n\t\t\titemprop=\"contentUrl\">\n\t\t\t<img decoding=\"async\" src=\"https:\/\/www.accuflow.com\/wp-content\/uploads\/2020\/04\/3-phase-sr-multiphase-test-separator-mobile-trailer-indonesia.png\" alt=\"3-phase SR multiphase test separator mobile trailer Indonesia\" data-no-lazy=\"1\" itemprop=\"thumbnail\" width=\"753\" height=\"583\" \/>\n\t\t\t<!-- Overlay Wrapper -->\n\t\t\t <!-- Overlay Wrapper Closed -->\n\t\t\t\t<\/a>\n\t\t\t\t\t\t\t<meta itemprop=\"width\" content=\"753\" \/>\n\t\t\t<meta itemprop=\"height\" content=\"583\" \/>","protected":false},"excerpt":{"rendered":"<p>Para su aplicaci\u00f3n de prueba de pozos sobre ruedas. Cualquiera de nuestros sistemas puede hacerse m\u00f3vil. Cada aplicaci\u00f3n est\u00e1 dise\u00f1ada a medida para el uso previsto. Ya sea para carreteras pavimentadas o terrenos irregulares, simples sombras o alojamientos con aire acondicionado, Accuflow puede proporcionar una soluci\u00f3n para sus necesidades de pruebas m\u00f3viles. Camiones completamente cargados con salas de operaciones con aire acondicionado y...<\/p>","protected":false},"author":8,"featured_media":22890,"parent":22045,"menu_order":0,"comment_status":"closed","ping_status":"closed","template":"","meta":{"_seopress_robots_primary_cat":"","_seopress_titles_title":"","_seopress_titles_desc":"Accuflow&#039;s mobile multiphase flow test separators. Our designs ensure the highest level of accuracy and reliability while remaining cost-effective.","_seopress_robots_index":"","footnotes":""},"class_list":["post-22021","page","type-page","status-publish","has-post-thumbnail","hentry"],"_links":{"self":[{"href":"https:\/\/www.accuflow.com\/es\/wp-json\/wp\/v2\/pages\/22021","targetHints":{"allow":["GET"]}}],"collection":[{"href":"https:\/\/www.accuflow.com\/es\/wp-json\/wp\/v2\/pages"}],"about":[{"href":"https:\/\/www.accuflow.com\/es\/wp-json\/wp\/v2\/types\/page"}],"author":[{"embeddable":true,"href":"https:\/\/www.accuflow.com\/es\/wp-json\/wp\/v2\/users\/8"}],"replies":[{"embeddable":true,"href":"https:\/\/www.accuflow.com\/es\/wp-json\/wp\/v2\/comments?post=22021"}],"version-history":[{"count":0,"href":"https:\/\/www.accuflow.com\/es\/wp-json\/wp\/v2\/pages\/22021\/revisions"}],"up":[{"embeddable":true,"href":"https:\/\/www.accuflow.com\/es\/wp-json\/wp\/v2\/pages\/22045"}],"wp:featuredmedia":[{"embeddable":true,"href":"https:\/\/www.accuflow.com\/es\/wp-json\/wp\/v2\/media\/22890"}],"wp:attachment":[{"href":"https:\/\/www.accuflow.com\/es\/wp-json\/wp\/v2\/media?parent=22021"}],"curies":[{"name":"wp","href":"https:\/\/api.w.org\/{rel}","templated":true}]}}