{"id":22019,"date":"2020-04-07T18:15:32","date_gmt":"2020-04-08T01:15:32","guid":{"rendered":"https:\/\/www.accuflow.com\/?page_id=22019"},"modified":"2025-08-28T16:17:43","modified_gmt":"2025-08-28T23:17:43","slug":"3-phase-jr-separators","status":"publish","type":"page","link":"https:\/\/www.accuflow.com\/es\/products\/3-phase-jr-separators\/","title":{"rendered":"Separadores trif\u00e1sicos JR"},"content":{"rendered":"<p>Las condiciones de corte de agua elevado pueden darse en las producciones de las inundaciones de agua y vapor, as\u00ed como en los embalses maduros. La incertidumbre en la medici\u00f3n del petr\u00f3leo neto usando un separador de 2 fases aumenta exponencialmente en los cortes de agua altos (&gt;85%).<\/p>\n\t\t\t\t<img decoding=\"async\" src=\"https:\/\/www.accuflow.com\/wp-content\/uploads\/2020\/04\/2-vs-3-phase-net-oil-uncertainty-measurement.jpg\" alt=\"2 vs. 3-phase Net Oil Uncertainty measurement\" itemprop=\"image\" height=\"240\" width=\"353\" title=\"Medici\u00f3n de la incertidumbre del petr\u00f3leo neto de 2 vs. 3 fases\" onerror=\"this.style.display='none'\" loading=\"lazy\" \/>\n\t<h3>Introduzca la medici\u00f3n de 3 fases<\/h3>\n<p>El sistema de medici\u00f3n de separaci\u00f3n Accuflow 3-Fase JR aborda este problema de la incertidumbre de la medici\u00f3n en los cortes de agua altos, tomando un paso adicional de separaci\u00f3n del agua del petr\u00f3leo. El Accuflow 3-Fase JR consiste en un tubo vertical inicial y una secci\u00f3n de tubo horizontal conectados entre s\u00ed como se muestra.<\/p>\n\t\t\t\t<img decoding=\"async\" src=\"https:\/\/www.accuflow.com\/wp-content\/uploads\/2020\/05\/3-phase-jr-multiphase-test-separator-879x1024.png\" alt=\"3-phase JR multiphase test separator\" itemprop=\"image\" height=\"1024\" width=\"879\" title=\"Separador de prueba multif\u00e1sico JR trif\u00e1sico\" onerror=\"this.style.display='none'\" loading=\"lazy\" \/>\n\t<h3>C\u00f3mo funciona<\/h3>\n<p>El fluido de producci\u00f3n (petr\u00f3leo, agua y gas) entra tangencialmente en la tuber\u00eda vertical, creando una acci\u00f3n cicl\u00f3nica en la tuber\u00eda donde la mayor parte del gas se separa y fluye hacia arriba a la l\u00ednea de flujo de gas que est\u00e1 encima. El l\u00edquido fluye entonces a una secci\u00f3n secundaria de la tuber\u00eda vertical donde el agua libre sale por la parte delantera de una placa desviadora. La placa desviadora sirve para evitar la perturbaci\u00f3n de la interfaz agua\/aceite por el fluido entrante. En la parte posterior de la placa desviadora, se controla la interfaz agua\/aceite. Dependiendo de la altura de la interfase, o bien la pata de agua se descarga o la pata de aceite se descarga.<\/p>\n<p>Para la medici\u00f3n de l\u00edquidos, se utiliza un medidor Coriolis para determinar la tasa de flujo y tambi\u00e9n un medidor de corte de agua en la pata de aceite para medir el agua restante en la emulsi\u00f3n. El gas se mide t\u00edpicamente por ultrasonido, v\u00f3rtice o Coriolis.<\/p>\n<h3>\n\t\t\tCaracter\u00edsticas\t<\/h3>\n\t<ul>\n<li>Incertidumbres de medici\u00f3n:\n<ul>\n<li>Corte de agua \/ relaci\u00f3n agua-l\u00edquido (WLR): 0,25% absoluta<\/li>\n<li>Caudal de l\u00edquido: 0,25% de lectura<\/li>\n<li>Caudal de gas: 3% de lectura<\/li>\n<\/ul>\n<\/li>\n<li>Funciona en GVF 0-100% y en todos los reg\u00edmenes de caudal<\/li>\n<li>100% eficacia de separaci\u00f3n y separaci\u00f3n completa de las fases gaseosa y l\u00edquida<\/li>\n<li>Ca\u00edda de presi\u00f3n inferior a 0,3 bar \/ 5 psi en todo el pat\u00edn<\/li>\n<li>Utiliza las tecnolog\u00edas de caudal\u00edmetro m\u00e1s precisas (Coriolis para l\u00edquidos, ultras\u00f3nico para gases) con relaciones de reducci\u00f3n elevadas (&gt;100:1)<\/li>\n<li>Determinaci\u00f3n del corte de agua y correcciones del caudal seg\u00fan las normas API MPMS, ISO y AGA<\/li>\n<\/ul>\n<h3>\n\t\t\tBeneficios\t<\/h3>\n\t<ul>\n<li>M\u00e1s peque\u00f1os, ligeros, econ\u00f3micos y de menor mantenimiento que los separadores de pruebas de pozos convencionales<\/li>\n<li>Datos de pruebas de pozos continuos y de alta calidad con datos de diagn\u00f3stico adicionales para:\n<ul>\n<li>Evaluaci\u00f3n de las propiedades de los yacimientos, el rendimiento de los pozos y las caracter\u00edsticas de los fluidos<\/li>\n<li>Optimizaci\u00f3n de la producci\u00f3n<\/li>\n<li>Modelizaci\u00f3n de yacimientos<\/li>\n<li>Orientar las decisiones econ\u00f3micas<\/li>\n<li>Formaci\u00f3n de modelos AI\/ML<\/li>\n<\/ul>\n<\/li>\n<\/ul>\n\t\t\t\t<img decoding=\"async\" src=\"https:\/\/www.accuflow.com\/wp-content\/uploads\/2025\/03\/3-phase-jr-multiphase-test-separator-diagram-1536x994.png\" alt=\"3-phase JR multiphase test separator diagram\" itemprop=\"image\" height=\"994\" width=\"1536\" title=\"Diagrama de separador de prueba multif\u00e1sico JR trif\u00e1sico\" onerror=\"this.style.display='none'\" loading=\"lazy\" \/>\n<h2>\n\t\t\tGaler\u00eda\t<\/h2>\n\t\t\t\t<a\n\t\t\thref=\"https:\/\/www.accuflow.com\/wp-content\/uploads\/2020\/05\/3-phase-jr-multiphase-test-separator-10-795x1024.jpg\"\n\t\t\t\t\t\tdata-fancybox=\"images\" \n\t\t\ttitle=\"Separador de prueba multif\u00e1sico JR trif\u00e1sico\" \n\t\t\t\t\t\tdata-caption=\"\"\n\t\t\t\t\t\tdata-description=\"\" \n\t\t\titemprop=\"contentUrl\">\n\t\t\t<img decoding=\"async\" src=\"https:\/\/www.accuflow.com\/wp-content\/uploads\/2020\/05\/3-phase-jr-multiphase-test-separator-10-795x1024.jpg\" alt=\"3-phase JR multiphase test separator\" data-no-lazy=\"1\" itemprop=\"thumbnail\" width=\"795\" height=\"1024\" \/>\n\t\t\t<!-- Overlay Wrapper -->\n\t\t\t <!-- Overlay Wrapper Closed -->\n\t\t\t\t<\/a>\n\t\t\t\t\t\t\t<meta itemprop=\"width\" content=\"795\" \/>\n\t\t\t<meta itemprop=\"height\" content=\"1024\" \/>\n\t\t\t\t<a\n\t\t\thref=\"https:\/\/www.accuflow.com\/wp-content\/uploads\/2020\/05\/3-phase-jr-multiphase-test-separator-11-768x1024.jpg\"\n\t\t\t\t\t\tdata-fancybox=\"images\" \n\t\t\ttitle=\"Separador de prueba multif\u00e1sico JR trif\u00e1sico\" \n\t\t\t\t\t\tdata-caption=\"\"\n\t\t\t\t\t\tdata-description=\"\" \n\t\t\titemprop=\"contentUrl\">\n\t\t\t<img decoding=\"async\" src=\"https:\/\/www.accuflow.com\/wp-content\/uploads\/2020\/05\/3-phase-jr-multiphase-test-separator-11-768x1024.jpg\" alt=\"3-phase JR multiphase test separator\" data-no-lazy=\"1\" itemprop=\"thumbnail\" width=\"768\" height=\"1024\" \/>\n\t\t\t<!-- Overlay Wrapper -->\n\t\t\t <!-- Overlay Wrapper Closed -->\n\t\t\t\t<\/a>\n\t\t\t\t\t\t\t<meta itemprop=\"width\" content=\"768\" \/>\n\t\t\t<meta itemprop=\"height\" content=\"1024\" \/>\n\t\t\t\t<a\n\t\t\thref=\"https:\/\/www.accuflow.com\/wp-content\/uploads\/2020\/05\/aera-belridge-DTR-field-CA-3-929x1024.jpg\"\n\t\t\t\t\t\tdata-fancybox=\"images\" \n\t\t\ttitle=\"Separador de prueba multif\u00e1sico JR trif\u00e1sico\" \n\t\t\t\t\t\tdata-caption=\"\"\n\t\t\t\t\t\tdata-description=\"\" \n\t\t\titemprop=\"contentUrl\">\n\t\t\t<img decoding=\"async\" src=\"https:\/\/www.accuflow.com\/wp-content\/uploads\/2020\/05\/aera-belridge-DTR-field-CA-3-929x1024.jpg\" alt=\"3-phase JR multiphase test separator\" data-no-lazy=\"1\" itemprop=\"thumbnail\" width=\"929\" height=\"1024\" \/>\n\t\t\t<!-- Overlay Wrapper -->\n\t\t\t <!-- Overlay Wrapper Closed -->\n\t\t\t\t<\/a>\n\t\t\t\t\t\t\t<meta itemprop=\"width\" content=\"929\" \/>\n\t\t\t<meta itemprop=\"height\" content=\"1024\" \/>\n\t\t\t\t<a\n\t\t\thref=\"https:\/\/www.accuflow.com\/wp-content\/uploads\/2020\/05\/aera-belridge-DTR-field-CA-4-1024x768.jpg\"\n\t\t\t\t\t\tdata-fancybox=\"images\" \n\t\t\ttitle=\"Separador de prueba multif\u00e1sico JR trif\u00e1sico\" \n\t\t\t\t\t\tdata-caption=\"\"\n\t\t\t\t\t\tdata-description=\"\" \n\t\t\titemprop=\"contentUrl\">\n\t\t\t<img decoding=\"async\" src=\"https:\/\/www.accuflow.com\/wp-content\/uploads\/2020\/05\/aera-belridge-DTR-field-CA-4-1024x768.jpg\" alt=\"3-phase JR multiphase test separator\" data-no-lazy=\"1\" itemprop=\"thumbnail\" width=\"1024\" height=\"768\" \/>\n\t\t\t<!-- Overlay Wrapper -->\n\t\t\t <!-- Overlay Wrapper Closed -->\n\t\t\t\t<\/a>\n\t\t\t\t\t\t\t<meta itemprop=\"width\" content=\"1024\" \/>\n\t\t\t<meta itemprop=\"height\" content=\"768\" \/>\n\t\t\t\t<a\n\t\t\thref=\"https:\/\/www.accuflow.com\/wp-content\/uploads\/2020\/05\/3-phase-jr-multiphase-test-separator-14-1024x997.jpg\"\n\t\t\t\t\t\tdata-fancybox=\"images\" \n\t\t\ttitle=\"Separador de prueba multif\u00e1sico JR trif\u00e1sico\" \n\t\t\t\t\t\tdata-caption=\"\"\n\t\t\t\t\t\tdata-description=\"\" \n\t\t\titemprop=\"contentUrl\">\n\t\t\t<img decoding=\"async\" src=\"https:\/\/www.accuflow.com\/wp-content\/uploads\/2020\/05\/3-phase-jr-multiphase-test-separator-14-1024x997.jpg\" alt=\"3-phase JR multiphase test separator\" data-no-lazy=\"1\" itemprop=\"thumbnail\" width=\"1024\" height=\"997\" \/>\n\t\t\t<!-- Overlay Wrapper -->\n\t\t\t <!-- Overlay Wrapper Closed -->\n\t\t\t\t<\/a>\n\t\t\t\t\t\t\t<meta itemprop=\"width\" content=\"1024\" \/>\n\t\t\t<meta itemprop=\"height\" content=\"997\" \/>\n\t\t\t\t<a\n\t\t\thref=\"https:\/\/www.accuflow.com\/wp-content\/uploads\/2020\/05\/grapevine-energy-bordeaux-site-CA-1-1024x768.jpg\"\n\t\t\t\t\t\tdata-fancybox=\"images\" \n\t\t\ttitle=\"Separador de prueba multif\u00e1sico JR trif\u00e1sico\" \n\t\t\t\t\t\tdata-caption=\"\"\n\t\t\t\t\t\tdata-description=\"\" \n\t\t\titemprop=\"contentUrl\">\n\t\t\t<img decoding=\"async\" src=\"https:\/\/www.accuflow.com\/wp-content\/uploads\/2020\/05\/grapevine-energy-bordeaux-site-CA-1-1024x768.jpg\" alt=\"3-phase JR multiphase test separator\" data-no-lazy=\"1\" itemprop=\"thumbnail\" width=\"1024\" height=\"768\" \/>\n\t\t\t<!-- Overlay Wrapper -->\n\t\t\t <!-- Overlay Wrapper Closed -->\n\t\t\t\t<\/a>\n\t\t\t\t\t\t\t<meta itemprop=\"width\" content=\"1024\" \/>\n\t\t\t<meta itemprop=\"height\" content=\"768\" \/>\n\t\t\t\t<a\n\t\t\thref=\"https:\/\/www.accuflow.com\/wp-content\/uploads\/2020\/05\/3-phase-jr-multiphase-test-separator-8-768x1024.jpg\"\n\t\t\t\t\t\tdata-fancybox=\"images\" \n\t\t\ttitle=\"Separador de prueba multif\u00e1sico JR trif\u00e1sico\" \n\t\t\t\t\t\tdata-caption=\"\"\n\t\t\t\t\t\tdata-description=\"\" \n\t\t\titemprop=\"contentUrl\">\n\t\t\t<img decoding=\"async\" src=\"https:\/\/www.accuflow.com\/wp-content\/uploads\/2020\/05\/3-phase-jr-multiphase-test-separator-8-768x1024.jpg\" alt=\"3-phase JR multiphase test separator\" data-no-lazy=\"1\" itemprop=\"thumbnail\" width=\"768\" height=\"1024\" \/>\n\t\t\t<!-- Overlay Wrapper -->\n\t\t\t <!-- Overlay Wrapper Closed -->\n\t\t\t\t<\/a>\n\t\t\t\t\t\t\t<meta itemprop=\"width\" content=\"768\" \/>\n\t\t\t<meta itemprop=\"height\" content=\"1024\" \/>\n\t\t\t\t<a\n\t\t\thref=\"https:\/\/www.accuflow.com\/wp-content\/uploads\/2020\/05\/aera-ventura-field-CA-1-1-1024x768.jpg\"\n\t\t\t\t\t\tdata-fancybox=\"images\" \n\t\t\ttitle=\"Separador de prueba multif\u00e1sico JR trif\u00e1sico\" \n\t\t\t\t\t\tdata-caption=\"\"\n\t\t\t\t\t\tdata-description=\"\" \n\t\t\titemprop=\"contentUrl\">\n\t\t\t<img decoding=\"async\" src=\"https:\/\/www.accuflow.com\/wp-content\/uploads\/2020\/05\/aera-ventura-field-CA-1-1-1024x768.jpg\" alt=\"3-phase JR multiphase test separator\" data-no-lazy=\"1\" itemprop=\"thumbnail\" width=\"1024\" height=\"768\" \/>\n\t\t\t<!-- Overlay Wrapper -->\n\t\t\t <!-- Overlay Wrapper Closed -->\n\t\t\t\t<\/a>\n\t\t\t\t\t\t\t<meta itemprop=\"width\" content=\"1024\" \/>\n\t\t\t<meta itemprop=\"height\" content=\"768\" \/>\n\t\t\t\t<a\n\t\t\thref=\"https:\/\/www.accuflow.com\/wp-content\/uploads\/2020\/05\/aera-ventura-field-CA-2-768x1024.jpg\"\n\t\t\t\t\t\tdata-fancybox=\"images\" \n\t\t\ttitle=\"Separador de prueba multif\u00e1sico JR trif\u00e1sico\" \n\t\t\t\t\t\tdata-caption=\"\"\n\t\t\t\t\t\tdata-description=\"\" \n\t\t\titemprop=\"contentUrl\">\n\t\t\t<img decoding=\"async\" src=\"https:\/\/www.accuflow.com\/wp-content\/uploads\/2020\/05\/aera-ventura-field-CA-2-768x1024.jpg\" alt=\"3-phase JR multiphase test separator\" data-no-lazy=\"1\" itemprop=\"thumbnail\" width=\"768\" height=\"1024\" \/>\n\t\t\t<!-- Overlay Wrapper -->\n\t\t\t <!-- Overlay Wrapper Closed -->\n\t\t\t\t<\/a>\n\t\t\t\t\t\t\t<meta itemprop=\"width\" content=\"768\" \/>\n\t\t\t<meta itemprop=\"height\" content=\"1024\" \/>","protected":false},"excerpt":{"rendered":"<p>Las condiciones de corte de agua elevado pueden darse en las producciones de las inundaciones de agua y vapor, as\u00ed como en los embalses maduros. La incertidumbre en la medici\u00f3n del petr\u00f3leo neto usando un separador de 2 fases aumenta exponencialmente en los cortes de agua altos (&gt;85%). Introducir la medici\u00f3n en 3 fases El sistema de medici\u00f3n de separaci\u00f3n Accuflow 3-Fases JR aborda este tema de la incertidumbre de medici\u00f3n en los cortes de agua altos...<\/p>","protected":false},"author":8,"featured_media":22240,"parent":22045,"menu_order":0,"comment_status":"closed","ping_status":"closed","template":"","meta":{"_seopress_robots_primary_cat":"","_seopress_titles_title":"","_seopress_titles_desc":"Accuflow&#039;s 3-phase JR series of ultra-compact 3-phase flow test separators. Our designs ensure the highest level of accuracy and reliability while remaining cost-effective.","_seopress_robots_index":"","footnotes":""},"class_list":["post-22019","page","type-page","status-publish","has-post-thumbnail","hentry"],"_links":{"self":[{"href":"https:\/\/www.accuflow.com\/es\/wp-json\/wp\/v2\/pages\/22019","targetHints":{"allow":["GET"]}}],"collection":[{"href":"https:\/\/www.accuflow.com\/es\/wp-json\/wp\/v2\/pages"}],"about":[{"href":"https:\/\/www.accuflow.com\/es\/wp-json\/wp\/v2\/types\/page"}],"author":[{"embeddable":true,"href":"https:\/\/www.accuflow.com\/es\/wp-json\/wp\/v2\/users\/8"}],"replies":[{"embeddable":true,"href":"https:\/\/www.accuflow.com\/es\/wp-json\/wp\/v2\/comments?post=22019"}],"version-history":[{"count":0,"href":"https:\/\/www.accuflow.com\/es\/wp-json\/wp\/v2\/pages\/22019\/revisions"}],"up":[{"embeddable":true,"href":"https:\/\/www.accuflow.com\/es\/wp-json\/wp\/v2\/pages\/22045"}],"wp:featuredmedia":[{"embeddable":true,"href":"https:\/\/www.accuflow.com\/es\/wp-json\/wp\/v2\/media\/22240"}],"wp:attachment":[{"href":"https:\/\/www.accuflow.com\/es\/wp-json\/wp\/v2\/media?parent=22019"}],"curies":[{"name":"wp","href":"https:\/\/api.w.org\/{rel}","templated":true}]}}