{"id":22013,"date":"2020-04-07T18:13:14","date_gmt":"2020-04-08T01:13:14","guid":{"rendered":"https:\/\/www.accuflow.com\/?page_id=22013"},"modified":"2025-08-28T16:16:58","modified_gmt":"2025-08-28T23:16:58","slug":"3-phase-separators","status":"publish","type":"page","link":"https:\/\/www.accuflow.com\/es\/products\/3-phase-separators\/","title":{"rendered":"Separadores trif\u00e1sicos"},"content":{"rendered":"<p>Las condiciones de corte de agua elevado pueden darse en las producciones de las inundaciones de agua y vapor, as\u00ed como en los embalses maduros. La incertidumbre en la medici\u00f3n del petr\u00f3leo neto usando un separador de 2 fases aumenta exponencialmente en los cortes de agua altos (&gt;85%).<\/p>\n\t\t\t\t<img decoding=\"async\" src=\"https:\/\/www.accuflow.com\/wp-content\/uploads\/2020\/04\/2-vs-3-phase-net-oil-uncertainty-measurement.jpg\" alt=\"2 vs. 3-phase Net Oil Uncertainty measurement\" itemprop=\"image\" height=\"240\" width=\"353\" title=\"Medici\u00f3n de la incertidumbre del petr\u00f3leo neto de 2 vs. 3 fases\" onerror=\"this.style.display='none'\" loading=\"lazy\" \/>\n\t<h3>Introduzca la medici\u00f3n de 3 fases<\/h3>\n<p>El sistema de medici\u00f3n de separaci\u00f3n en tres fases Accuflow aborda esta cuesti\u00f3n de la incertidumbre de la medici\u00f3n en los cortes de agua altos, dando un paso m\u00e1s para separar el agua del petr\u00f3leo. La serie Accuflow trif\u00e1sica consiste en secciones de tuber\u00eda vertical y una tuber\u00eda horizontal conectadas entre s\u00ed como se muestra. El fluido de producci\u00f3n (petr\u00f3leo, agua y gas) entra tangencialmente en la tuber\u00eda vertical, creando una acci\u00f3n cicl\u00f3nica en la tuber\u00eda donde la mayor parte del gas se separa y fluye hacia arriba a la l\u00ednea de flujo de gas que est\u00e1 encima. El gas restante, en forma de peque\u00f1as burbujas de gas, es transportado hacia abajo con la corriente de l\u00edquido y entra en la tuber\u00eda horizontal.<\/p>\n\t\t\t\t<img decoding=\"async\" src=\"https:\/\/www.accuflow.com\/wp-content\/uploads\/2020\/05\/3-phase-sr-multiphase-test-separator-1024x969.png\" alt=\"3-phase SR multiphase test separator\" itemprop=\"image\" height=\"969\" width=\"1024\" title=\"Separador de pruebas multif\u00e1sicas SR trif\u00e1sico\" onerror=\"this.style.display='none'\" loading=\"lazy\" \/>\n\t<h3>C\u00f3mo funciona<\/h3>\n<p>A medida que el l\u00edquido fluye por el tubo horizontal, las burbujas de gas restantes se separan completamente. Mientras tanto, la fase l\u00edquida se separa a\u00fan m\u00e1s mediante el uso de un vertedero. La interfaz aceite\/agua se controla debajo del vertedero, permitiendo que toda el agua libre se recoja delante del vertedero. El petr\u00f3leo es desnatado en la parte superior de la presa y recogido detr\u00e1s de la misma. El nivel de la interfaz determina el vertedero de petr\u00f3leo o de agua. Esto hace que el agua libre salga de la l\u00ednea de flotaci\u00f3n y sea medida por el medidor de flujo. El proceso de control se repite, dependiendo de la posici\u00f3n de la interfaz petr\u00f3leo\/agua. Para la medici\u00f3n de l\u00edquidos, se suele utilizar un caudal\u00edmetro Coriolis y un medidor de corte de agua de tipo capacitivo. Para la medici\u00f3n de gas, se suele emplear un medidor ultras\u00f3nico, un medidor de v\u00f3rtice o un medidor Coriolis.<\/p>\n<h3>\n\t\t\tCaracter\u00edsticas\t<\/h3>\n\t<ul>\n<li>Incertidumbres de medici\u00f3n:\n<ul>\n<li>Corte de agua \/ relaci\u00f3n agua-l\u00edquido (WLR): 0,25% absoluta<\/li>\n<li>Caudal de l\u00edquido: 0,25% de lectura<\/li>\n<li>Caudal de gas: 3% de lectura<\/li>\n<\/ul>\n<\/li>\n<li>Funciona en GVF 0-100% y en todos los reg\u00edmenes de caudal<\/li>\n<li>100% eficacia de separaci\u00f3n y separaci\u00f3n completa de las fases gaseosa y l\u00edquida<\/li>\n<li>Ca\u00edda de presi\u00f3n inferior a 0,3 bar \/ 5 psi en todo el pat\u00edn<\/li>\n<li>Utiliza las tecnolog\u00edas de caudal\u00edmetro m\u00e1s precisas (Coriolis para l\u00edquidos, ultras\u00f3nico para gases) con relaciones de reducci\u00f3n elevadas (&gt;100:1)<\/li>\n<li>Determinaci\u00f3n del corte de agua y correcciones del caudal seg\u00fan las normas API MPMS, ISO y AGA<\/li>\n<\/ul>\n<h3>\n\t\t\tBeneficios\t<\/h3>\n\t<ul>\n<li>M\u00e1s peque\u00f1os, ligeros, econ\u00f3micos y de menor mantenimiento que los separadores de pruebas de pozos convencionales<\/li>\n<li>Datos de pruebas de pozos continuos y de alta calidad con datos de diagn\u00f3stico adicionales para:\n<ul>\n<li>Evaluaci\u00f3n de las propiedades de los yacimientos, el rendimiento de los pozos y las caracter\u00edsticas de los fluidos<\/li>\n<li>Optimizaci\u00f3n de la producci\u00f3n<\/li>\n<li>Modelizaci\u00f3n de yacimientos<\/li>\n<li>Orientar las decisiones econ\u00f3micas<\/li>\n<li>Formaci\u00f3n de modelos AI\/ML<\/li>\n<\/ul>\n<\/li>\n<\/ul>\n\t\t\t\t<img decoding=\"async\" src=\"https:\/\/www.accuflow.com\/wp-content\/uploads\/2025\/03\/3-phase-multiphase-test-separator-diagram-1536x994.png\" alt=\"3-phase multiphase test separator diagram\" itemprop=\"image\" height=\"994\" width=\"1536\" title=\"Diagrama del separador de prueba multif\u00e1sico trif\u00e1sico\" onerror=\"this.style.display='none'\" loading=\"lazy\" \/>\n<h2>\n\t\t\tGaler\u00eda\t<\/h2>\n\t\t\t\t<a\n\t\t\thref=\"https:\/\/www.accuflow.com\/wp-content\/uploads\/2020\/05\/3-phase-sr-multiphase-test-separator-mobile-trailer-2-1024x768.jpg\"\n\t\t\t\t\t\tdata-fancybox=\"images\" \n\t\t\ttitle=\"Remolque m\u00f3vil separador de pruebas multif\u00e1sico SR trif\u00e1sico\" \n\t\t\t\t\t\tdata-caption=\"\"\n\t\t\t\t\t\tdata-description=\"\" \n\t\t\titemprop=\"contentUrl\">\n\t\t\t<img decoding=\"async\" src=\"https:\/\/www.accuflow.com\/wp-content\/uploads\/2020\/05\/3-phase-sr-multiphase-test-separator-mobile-trailer-2-1024x768.jpg\" alt=\"3-phase SR multiphase test separator mobile trailer\" data-no-lazy=\"1\" itemprop=\"thumbnail\" width=\"1024\" height=\"768\" \/>\n\t\t\t<!-- Overlay Wrapper -->\n\t\t\t <!-- Overlay Wrapper Closed -->\n\t\t\t\t<\/a>\n\t\t\t\t\t\t\t<meta itemprop=\"width\" content=\"1024\" \/>\n\t\t\t<meta itemprop=\"height\" content=\"768\" \/>\n\t\t\t\t<a\n\t\t\thref=\"https:\/\/www.accuflow.com\/wp-content\/uploads\/2020\/05\/aera-ventura-field-CA-3-phase-SR-2-1024x768.jpg\"\n\t\t\t\t\t\tdata-fancybox=\"images\" \n\t\t\ttitle=\"Remolque m\u00f3vil separador de pruebas multif\u00e1sico SR trif\u00e1sico\" \n\t\t\t\t\t\tdata-caption=\"\"\n\t\t\t\t\t\tdata-description=\"\" \n\t\t\titemprop=\"contentUrl\">\n\t\t\t<img decoding=\"async\" src=\"https:\/\/www.accuflow.com\/wp-content\/uploads\/2020\/05\/aera-ventura-field-CA-3-phase-SR-2-1024x768.jpg\" alt=\"3-phase SR multiphase test separator mobile trailer\" data-no-lazy=\"1\" itemprop=\"thumbnail\" width=\"1024\" height=\"768\" \/>\n\t\t\t<!-- Overlay Wrapper -->\n\t\t\t <!-- Overlay Wrapper Closed -->\n\t\t\t\t<\/a>\n\t\t\t\t\t\t\t<meta itemprop=\"width\" content=\"1024\" \/>\n\t\t\t<meta itemprop=\"height\" content=\"768\" \/>\n\t\t\t\t<a\n\t\t\thref=\"https:\/\/www.accuflow.com\/wp-content\/uploads\/2020\/05\/berry-petroleum-north-midway-sunset-field-CA-3-phase-LT-1024x768.jpg\"\n\t\t\t\t\t\tdata-fancybox=\"images\" \n\t\t\ttitle=\"Separador de pruebas multif\u00e1sicas LT trif\u00e1sico\" \n\t\t\t\t\t\tdata-caption=\"\"\n\t\t\t\t\t\tdata-description=\"\" \n\t\t\titemprop=\"contentUrl\">\n\t\t\t<img decoding=\"async\" src=\"https:\/\/www.accuflow.com\/wp-content\/uploads\/2020\/05\/berry-petroleum-north-midway-sunset-field-CA-3-phase-LT-1024x768.jpg\" alt=\"3-phase LT multiphase test separator\" data-no-lazy=\"1\" itemprop=\"thumbnail\" width=\"1024\" height=\"768\" \/>\n\t\t\t<!-- Overlay Wrapper -->\n\t\t\t <!-- Overlay Wrapper Closed -->\n\t\t\t\t<\/a>\n\t\t\t\t\t\t\t<meta itemprop=\"width\" content=\"1024\" \/>\n\t\t\t<meta itemprop=\"height\" content=\"768\" \/>\n\t\t\t\t<a\n\t\t\thref=\"https:\/\/www.accuflow.com\/wp-content\/uploads\/2020\/05\/santos-zeus-field-queensland-australia-1024x765.jpg\"\n\t\t\t\t\t\tdata-fancybox=\"images\" \n\t\t\ttitle=\"Separador de prueba multif\u00e1sico SR trif\u00e1sico Australia\" \n\t\t\t\t\t\tdata-caption=\"\"\n\t\t\t\t\t\tdata-description=\"\" \n\t\t\titemprop=\"contentUrl\">\n\t\t\t<img decoding=\"async\" src=\"https:\/\/www.accuflow.com\/wp-content\/uploads\/2020\/05\/santos-zeus-field-queensland-australia-1024x765.jpg\" alt=\"3-phase SR multiphase test separator Australia\" data-no-lazy=\"1\" itemprop=\"thumbnail\" width=\"1024\" height=\"765\" \/>\n\t\t\t<!-- Overlay Wrapper -->\n\t\t\t <!-- Overlay Wrapper Closed -->\n\t\t\t\t<\/a>\n\t\t\t\t\t\t\t<meta itemprop=\"width\" content=\"1024\" \/>\n\t\t\t<meta itemprop=\"height\" content=\"765\" \/>\n\t\t\t\t<a\n\t\t\thref=\"https:\/\/www.accuflow.com\/wp-content\/uploads\/2020\/04\/3-phase-sr-multiphase-test-separator-3.jpg\"\n\t\t\t\t\t\tdata-fancybox=\"images\" \n\t\t\ttitle=\"Separador de pruebas multif\u00e1sicas SR trif\u00e1sico\" \n\t\t\t\t\t\tdata-caption=\"\"\n\t\t\t\t\t\tdata-description=\"\" \n\t\t\titemprop=\"contentUrl\">\n\t\t\t<img decoding=\"async\" src=\"https:\/\/www.accuflow.com\/wp-content\/uploads\/2020\/04\/3-phase-sr-multiphase-test-separator-3.jpg\" alt=\"3-phase SR multiphase test separator\" data-no-lazy=\"1\" itemprop=\"thumbnail\" width=\"1024\" height=\"768\" \/>\n\t\t\t<!-- Overlay Wrapper -->\n\t\t\t <!-- Overlay Wrapper Closed -->\n\t\t\t\t<\/a>\n\t\t\t\t\t\t\t<meta itemprop=\"width\" content=\"1024\" \/>\n\t\t\t<meta itemprop=\"height\" content=\"768\" \/>\n\t\t\t\t<a\n\t\t\thref=\"https:\/\/www.accuflow.com\/wp-content\/uploads\/2020\/04\/3-phase-sr-multiphase-test-separator-2.jpg\"\n\t\t\t\t\t\tdata-fancybox=\"images\" \n\t\t\ttitle=\"Separador de pruebas multif\u00e1sicas SR trif\u00e1sico\" \n\t\t\t\t\t\tdata-caption=\"\"\n\t\t\t\t\t\tdata-description=\"\" \n\t\t\titemprop=\"contentUrl\">\n\t\t\t<img decoding=\"async\" src=\"https:\/\/www.accuflow.com\/wp-content\/uploads\/2020\/04\/3-phase-sr-multiphase-test-separator-2.jpg\" alt=\"3-phase SR multiphase test separator\" data-no-lazy=\"1\" itemprop=\"thumbnail\" width=\"692\" height=\"485\" \/>\n\t\t\t<!-- Overlay Wrapper -->\n\t\t\t <!-- Overlay Wrapper Closed -->\n\t\t\t\t<\/a>\n\t\t\t\t\t\t\t<meta itemprop=\"width\" content=\"692\" \/>\n\t\t\t<meta itemprop=\"height\" content=\"485\" \/>\n\t\t\t\t<a\n\t\t\thref=\"https:\/\/www.accuflow.com\/wp-content\/uploads\/2020\/04\/3-phase-sr-multiphase-test-separator-mobile-trailer.jpg\"\n\t\t\t\t\t\tdata-fancybox=\"images\" \n\t\t\ttitle=\"Remolque m\u00f3vil separador de pruebas multif\u00e1sico SR trif\u00e1sico\" \n\t\t\t\t\t\tdata-caption=\"\"\n\t\t\t\t\t\tdata-description=\"\" \n\t\t\titemprop=\"contentUrl\">\n\t\t\t<img decoding=\"async\" src=\"https:\/\/www.accuflow.com\/wp-content\/uploads\/2020\/04\/3-phase-sr-multiphase-test-separator-mobile-trailer.jpg\" alt=\"3-phase SR multiphase test separator mobile trailer\" data-no-lazy=\"1\" itemprop=\"thumbnail\" width=\"1024\" height=\"768\" \/>\n\t\t\t<!-- Overlay Wrapper -->\n\t\t\t <!-- Overlay Wrapper Closed -->\n\t\t\t\t<\/a>\n\t\t\t\t\t\t\t<meta itemprop=\"width\" content=\"1024\" \/>\n\t\t\t<meta itemprop=\"height\" content=\"768\" \/>","protected":false},"excerpt":{"rendered":"<p>Las condiciones de corte de agua elevado pueden darse en las producciones de las inundaciones de agua y vapor, as\u00ed como en los embalses maduros. La incertidumbre en la medici\u00f3n del petr\u00f3leo neto usando un separador de 2 fases aumenta exponencialmente en los cortes de agua altos (&gt;85%). Introducir la medici\u00f3n en 3 fases El sistema de medici\u00f3n por separaci\u00f3n en 3 fases Accuflow aborda esta cuesti\u00f3n de la incertidumbre de la medici\u00f3n en los cortes de agua altos...<\/p>","protected":false},"author":8,"featured_media":22886,"parent":22045,"menu_order":0,"comment_status":"closed","ping_status":"closed","template":"","meta":{"_seopress_robots_primary_cat":"","_seopress_titles_title":"","_seopress_titles_desc":"Accuflow&#039;s 3-phase series of compact 3-phase flow test separators. Our designs ensure the highest level of accuracy and reliability while remaining cost-effective.","_seopress_robots_index":"","footnotes":""},"class_list":["post-22013","page","type-page","status-publish","has-post-thumbnail","hentry"],"_links":{"self":[{"href":"https:\/\/www.accuflow.com\/es\/wp-json\/wp\/v2\/pages\/22013","targetHints":{"allow":["GET"]}}],"collection":[{"href":"https:\/\/www.accuflow.com\/es\/wp-json\/wp\/v2\/pages"}],"about":[{"href":"https:\/\/www.accuflow.com\/es\/wp-json\/wp\/v2\/types\/page"}],"author":[{"embeddable":true,"href":"https:\/\/www.accuflow.com\/es\/wp-json\/wp\/v2\/users\/8"}],"replies":[{"embeddable":true,"href":"https:\/\/www.accuflow.com\/es\/wp-json\/wp\/v2\/comments?post=22013"}],"version-history":[{"count":0,"href":"https:\/\/www.accuflow.com\/es\/wp-json\/wp\/v2\/pages\/22013\/revisions"}],"up":[{"embeddable":true,"href":"https:\/\/www.accuflow.com\/es\/wp-json\/wp\/v2\/pages\/22045"}],"wp:featuredmedia":[{"embeddable":true,"href":"https:\/\/www.accuflow.com\/es\/wp-json\/wp\/v2\/media\/22886"}],"wp:attachment":[{"href":"https:\/\/www.accuflow.com\/es\/wp-json\/wp\/v2\/media?parent=22013"}],"curies":[{"name":"wp","href":"https:\/\/api.w.org\/{rel}","templated":true}]}}