{"id":22011,"date":"2020-04-07T18:13:01","date_gmt":"2020-04-08T01:13:01","guid":{"rendered":"https:\/\/www.accuflow.com\/?page_id=22011"},"modified":"2025-08-28T16:16:14","modified_gmt":"2025-08-28T23:16:14","slug":"2-phase-separators","status":"publish","type":"page","link":"https:\/\/www.accuflow.com\/es\/products\/2-phase-separators\/","title":{"rendered":"Separadores bif\u00e1sicos"},"content":{"rendered":"<p>La serie Accuflow de 2 fases es nuestro dise\u00f1o principal y el m\u00e1s utilizado.<\/p>\n<p>Abarca desde las tasas de flujo de producci\u00f3n bajas hasta las altas, as\u00ed como los crudos ligeros y pesados. Proporciona la mayor capacidad para separar el gas y el l\u00edquido. El tama\u00f1o de la huella puede variar de una aplicaci\u00f3n a otra. Tenemos la versi\u00f3n completa SR para los flujos de producci\u00f3n m\u00e1s altos y nuestra versi\u00f3n LT m\u00e1s compacta para los flujos m\u00e1s bajos a medios.<\/p>\n<p>Cada pat\u00edn Accuflow est\u00e1 dise\u00f1ado a medida para cumplir con las condiciones de flujo de medici\u00f3n de su proceso.<\/p>\n\t<h2>C\u00f3mo funciona<\/h2>\n<p>El sistema de medici\u00f3n multif\u00e1sica patentado de la serie Accuflow de 2 fases consiste en una secci\u00f3n de tuber\u00eda vertical y una secci\u00f3n de tuber\u00eda horizontal conectadas entre s\u00ed como se muestra.<\/p>\n<p>El fluido multif\u00e1sico (petr\u00f3leo, agua, gas) entra tangencialmente en el tubo vertical, creando una acci\u00f3n cicl\u00f3nica en el tubo donde la mayor\u00eda del gas se separa y fluye hacia arriba. El gas restante es transportado bajo la corriente l\u00edquida (petr\u00f3leo y agua) y entra en el tubo horizontal donde el gas se separa completamente.<\/p>\n<p>El nivel de l\u00edquido en la tuber\u00eda horizontal se controla en el centro de la tuber\u00eda mediante una v\u00e1lvula de control situada en la l\u00ednea de flujo de gas. La gran \u00e1rea de interfaz gas\/l\u00edquido, la fina capa de emulsi\u00f3n que contiene gas y el flujo inactivo en la tuber\u00eda horizontal, contribuyen a la eliminaci\u00f3n eficiente de las burbujas de gas libre de la corriente de l\u00edquido.<\/p>\n\t\t\t\t<img decoding=\"async\" src=\"https:\/\/www.accuflow.com\/wp-content\/uploads\/2020\/05\/2-phase-lt-multiphase-test-separator-892x1024.png\" alt=\"2-phase LT multiphase test separator\" itemprop=\"image\" height=\"1024\" width=\"892\" title=\"Separador de prueba multif\u00e1sico LT de 2 fases\" onerror=\"this.style.display='none'\" loading=\"lazy\" \/>\n<h3>\n\t\t\tCaracter\u00edsticas\t<\/h3>\n\t<ul>\n<li>Incertidumbres de medici\u00f3n:\n<ul>\n<li>Corte de agua \/ relaci\u00f3n agua-l\u00edquido (WLR): 2% absoluto<\/li>\n<li>Caudal de l\u00edquido: 0,25% de lectura<\/li>\n<li>Caudal de gas: 3% de lectura<\/li>\n<\/ul>\n<\/li>\n<li>Funciona en GVF 0-100% y en todos los reg\u00edmenes de caudal<\/li>\n<li>100% eficacia de separaci\u00f3n y separaci\u00f3n completa de las fases gaseosa y l\u00edquida<\/li>\n<li>Ca\u00edda de presi\u00f3n inferior a 0,3 bar \/ 5 psi en todo el pat\u00edn<\/li>\n<li>Utiliza las tecnolog\u00edas de caudal\u00edmetro m\u00e1s precisas (Coriolis para l\u00edquidos, ultras\u00f3nico para gases) con relaciones de reducci\u00f3n elevadas (&gt;100:1)<\/li>\n<li>Determinaci\u00f3n del corte de agua y correcciones del caudal seg\u00fan las normas API MPMS, ISO y AGA<\/li>\n<\/ul>\n<h3>\n\t\t\tBeneficios\t<\/h3>\n\t<ul>\n<li>M\u00e1s peque\u00f1os, ligeros, econ\u00f3micos y de menor mantenimiento que los separadores de pruebas de pozos convencionales<\/li>\n<li>Datos de pruebas de pozos continuos y de alta calidad con datos de diagn\u00f3stico adicionales para:\n<ul>\n<li>Evaluaci\u00f3n de las propiedades de los yacimientos, el rendimiento de los pozos y las caracter\u00edsticas de los fluidos<\/li>\n<li>Optimizaci\u00f3n de la producci\u00f3n<\/li>\n<li>Modelizaci\u00f3n de yacimientos<\/li>\n<li>Orientar las decisiones econ\u00f3micas<\/li>\n<li>Formaci\u00f3n de modelos AI\/ML<\/li>\n<\/ul>\n<\/li>\n<\/ul>\n\t\t\t\t<img decoding=\"async\" src=\"https:\/\/www.accuflow.com\/wp-content\/uploads\/2025\/03\/2-phase-multiphase-test-separator-diagram-1536x994.png\" alt=\"2-phase multiphase test separator diagram\" itemprop=\"image\" height=\"994\" width=\"1536\" title=\"Diagrama del separador de prueba multif\u00e1sico de 2 fases\" onerror=\"this.style.display='none'\" loading=\"lazy\" \/>\n<h2>\n\t\t\tGaler\u00eda\t<\/h2>\n\t\t\t\t<a\n\t\t\thref=\"https:\/\/www.accuflow.com\/wp-content\/uploads\/2020\/05\/ExxonMobil-Chad-Africa-2-phase-SR-trailer-2-1024x768.jpg\"\n\t\t\t\t\t\tdata-fancybox=\"images\" \n\t\t\ttitle=\"Remolque m\u00f3vil separador de pruebas multif\u00e1sico SR de 2 fases\" \n\t\t\t\t\t\tdata-caption=\"\"\n\t\t\t\t\t\tdata-description=\"\" \n\t\t\titemprop=\"contentUrl\">\n\t\t\t<img decoding=\"async\" src=\"https:\/\/www.accuflow.com\/wp-content\/uploads\/2020\/05\/ExxonMobil-Chad-Africa-2-phase-SR-trailer-2-1024x768.jpg\" alt=\"2-phase SR multiphase test separator mobile trailer\" data-no-lazy=\"1\" itemprop=\"thumbnail\" width=\"1024\" height=\"768\" \/>\n\t\t\t<!-- Overlay Wrapper -->\n\t\t\t <!-- Overlay Wrapper Closed -->\n\t\t\t\t<\/a>\n\t\t\t\t\t\t\t<meta itemprop=\"width\" content=\"1024\" \/>\n\t\t\t<meta itemprop=\"height\" content=\"768\" \/>\n\t\t\t\t<a\n\t\t\thref=\"https:\/\/www.accuflow.com\/wp-content\/uploads\/2020\/05\/2-phase-lt-multiphase-test-separator-offshore-gulf-of-mexico-1024x768.jpg\"\n\t\t\t\t\t\tdata-fancybox=\"images\" \n\t\t\ttitle=\"Separador de prueba multif\u00e1sico LT de dos fases en la costa del Golfo de M\u00e9xico\" \n\t\t\t\t\t\tdata-caption=\"\"\n\t\t\t\t\t\tdata-description=\"\" \n\t\t\titemprop=\"contentUrl\">\n\t\t\t<img decoding=\"async\" src=\"https:\/\/www.accuflow.com\/wp-content\/uploads\/2020\/05\/2-phase-lt-multiphase-test-separator-offshore-gulf-of-mexico-1024x768.jpg\" alt=\"2-phase LT multiphase test separator offshore Gulf of Mexico\" data-no-lazy=\"1\" itemprop=\"thumbnail\" width=\"1024\" height=\"768\" \/>\n\t\t\t<!-- Overlay Wrapper -->\n\t\t\t <!-- Overlay Wrapper Closed -->\n\t\t\t\t<\/a>\n\t\t\t\t\t\t\t<meta itemprop=\"width\" content=\"1024\" \/>\n\t\t\t<meta itemprop=\"height\" content=\"768\" \/>\n\t\t\t\t<a\n\t\t\thref=\"https:\/\/www.accuflow.com\/wp-content\/uploads\/2020\/05\/exxonmobil-chad-africa-2-phase-SR-trailer-1-1024x768.jpg\"\n\t\t\t\t\t\tdata-fancybox=\"images\" \n\t\t\ttitle=\"Remolque m\u00f3vil separador de pruebas multif\u00e1sico SR de 2 fases\" \n\t\t\t\t\t\tdata-caption=\"\"\n\t\t\t\t\t\tdata-description=\"\" \n\t\t\titemprop=\"contentUrl\">\n\t\t\t<img decoding=\"async\" src=\"https:\/\/www.accuflow.com\/wp-content\/uploads\/2020\/05\/exxonmobil-chad-africa-2-phase-SR-trailer-1-1024x768.jpg\" alt=\"2-phase SR multiphase test separator mobile trailer\" data-no-lazy=\"1\" itemprop=\"thumbnail\" width=\"1024\" height=\"768\" \/>\n\t\t\t<!-- Overlay Wrapper -->\n\t\t\t <!-- Overlay Wrapper Closed -->\n\t\t\t\t<\/a>\n\t\t\t\t\t\t\t<meta itemprop=\"width\" content=\"1024\" \/>\n\t\t\t<meta itemprop=\"height\" content=\"768\" \/>\n\t\t\t\t<a\n\t\t\thref=\"https:\/\/www.accuflow.com\/wp-content\/uploads\/2020\/05\/perenco-MIOC-offshore-democratic-republic-of-the-congo-DRC-Africa-2-phas-LT-768x1024.jpg\"\n\t\t\t\t\t\tdata-fancybox=\"images\" \n\t\t\ttitle=\"Separador de prueba multif\u00e1sico LT de 2 fases en la RDC.\" \n\t\t\t\t\t\tdata-caption=\"\"\n\t\t\t\t\t\tdata-description=\"\" \n\t\t\titemprop=\"contentUrl\">\n\t\t\t<img decoding=\"async\" src=\"https:\/\/www.accuflow.com\/wp-content\/uploads\/2020\/05\/perenco-MIOC-offshore-democratic-republic-of-the-congo-DRC-Africa-2-phas-LT-768x1024.jpg\" alt=\"2-phase LT multiphase test separator offshore DRC\" data-no-lazy=\"1\" itemprop=\"thumbnail\" width=\"768\" height=\"1024\" \/>\n\t\t\t<!-- Overlay Wrapper -->\n\t\t\t <!-- Overlay Wrapper Closed -->\n\t\t\t\t<\/a>\n\t\t\t\t\t\t\t<meta itemprop=\"width\" content=\"768\" \/>\n\t\t\t<meta itemprop=\"height\" content=\"1024\" \/>\n\t\t\t\t<a\n\t\t\thref=\"https:\/\/www.accuflow.com\/wp-content\/uploads\/2020\/04\/2-phase-lt-multiphase-test-separator-offshore.png\"\n\t\t\t\t\t\tdata-fancybox=\"images\" \n\t\t\ttitle=\"Separador de prueba multif\u00e1sico LT de 2 fases en el mar\" \n\t\t\t\t\t\tdata-caption=\"\"\n\t\t\t\t\t\tdata-description=\"\" \n\t\t\titemprop=\"contentUrl\">\n\t\t\t<img decoding=\"async\" src=\"https:\/\/www.accuflow.com\/wp-content\/uploads\/2020\/04\/2-phase-lt-multiphase-test-separator-offshore.png\" alt=\"2-phase LT multiphase test separator offshore\" data-no-lazy=\"1\" itemprop=\"thumbnail\" width=\"625\" height=\"586\" \/>\n\t\t\t<!-- Overlay Wrapper -->\n\t\t\t <!-- Overlay Wrapper Closed -->\n\t\t\t\t<\/a>\n\t\t\t\t\t\t\t<meta itemprop=\"width\" content=\"625\" \/>\n\t\t\t<meta itemprop=\"height\" content=\"586\" \/>\n\t\t\t\t<a\n\t\t\thref=\"https:\/\/www.accuflow.com\/wp-content\/uploads\/2020\/04\/2-phase-sr-multiphase-test-separator.png\"\n\t\t\t\t\t\tdata-fancybox=\"images\" \n\t\t\ttitle=\"Separador de prueba multif\u00e1sico SR de 2 fases\" \n\t\t\t\t\t\tdata-caption=\"\"\n\t\t\t\t\t\tdata-description=\"\" \n\t\t\titemprop=\"contentUrl\">\n\t\t\t<img decoding=\"async\" src=\"https:\/\/www.accuflow.com\/wp-content\/uploads\/2020\/04\/2-phase-sr-multiphase-test-separator.png\" alt=\"2-phase SR multiphase test separator\" data-no-lazy=\"1\" itemprop=\"thumbnail\" width=\"729\" height=\"585\" \/>\n\t\t\t<!-- Overlay Wrapper -->\n\t\t\t <!-- Overlay Wrapper Closed -->\n\t\t\t\t<\/a>\n\t\t\t\t\t\t\t<meta itemprop=\"width\" content=\"729\" \/>\n\t\t\t<meta itemprop=\"height\" content=\"585\" \/>\n\t\t\t\t<a\n\t\t\thref=\"https:\/\/www.accuflow.com\/wp-content\/uploads\/2020\/04\/2-phase-sr-multiphase-test-separator.jpg\"\n\t\t\t\t\t\tdata-fancybox=\"images\" \n\t\t\ttitle=\"Separador de prueba multif\u00e1sico SR de 2 fases\" \n\t\t\t\t\t\tdata-caption=\"\"\n\t\t\t\t\t\tdata-description=\"\" \n\t\t\titemprop=\"contentUrl\">\n\t\t\t<img decoding=\"async\" src=\"https:\/\/www.accuflow.com\/wp-content\/uploads\/2020\/04\/2-phase-sr-multiphase-test-separator.jpg\" alt=\"2-phase SR multiphase test separator\" data-no-lazy=\"1\" itemprop=\"thumbnail\" width=\"1024\" height=\"768\" \/>\n\t\t\t<!-- Overlay Wrapper -->\n\t\t\t <!-- Overlay Wrapper Closed -->\n\t\t\t\t<\/a>\n\t\t\t\t\t\t\t<meta itemprop=\"width\" content=\"1024\" \/>\n\t\t\t<meta itemprop=\"height\" content=\"768\" \/>\n\t\t\t\t<a\n\t\t\thref=\"https:\/\/www.accuflow.com\/wp-content\/uploads\/2020\/04\/2-phase-lt-multiphase-test-separator-offshore.jpg\"\n\t\t\t\t\t\tdata-fancybox=\"images\" \n\t\t\ttitle=\"Separador de prueba multif\u00e1sico LT de 2 fases en el mar\" \n\t\t\t\t\t\tdata-caption=\"\"\n\t\t\t\t\t\tdata-description=\"\" \n\t\t\titemprop=\"contentUrl\">\n\t\t\t<img decoding=\"async\" src=\"https:\/\/www.accuflow.com\/wp-content\/uploads\/2020\/04\/2-phase-lt-multiphase-test-separator-offshore.jpg\" alt=\"2-phase LT multiphase test separator offshore\" data-no-lazy=\"1\" itemprop=\"thumbnail\" width=\"1024\" height=\"768\" \/>\n\t\t\t<!-- Overlay Wrapper -->\n\t\t\t <!-- Overlay Wrapper Closed -->\n\t\t\t\t<\/a>\n\t\t\t\t\t\t\t<meta itemprop=\"width\" content=\"1024\" \/>\n\t\t\t<meta itemprop=\"height\" content=\"768\" \/>\n\t\t\t\t<a\n\t\t\thref=\"https:\/\/www.accuflow.com\/wp-content\/uploads\/2020\/04\/2-phase-lt-multiphase-test-separator.jpg\"\n\t\t\t\t\t\tdata-fancybox=\"images\" \n\t\t\ttitle=\"Separador de prueba multif\u00e1sico LT de 2 fases\" \n\t\t\t\t\t\tdata-caption=\"\"\n\t\t\t\t\t\tdata-description=\"\" \n\t\t\titemprop=\"contentUrl\">\n\t\t\t<img decoding=\"async\" src=\"https:\/\/www.accuflow.com\/wp-content\/uploads\/2020\/04\/2-phase-lt-multiphase-test-separator.jpg\" alt=\"2-phase LT multiphase test separator\" data-no-lazy=\"1\" itemprop=\"thumbnail\" width=\"1024\" height=\"768\" \/>\n\t\t\t<!-- Overlay Wrapper -->\n\t\t\t <!-- Overlay Wrapper Closed -->\n\t\t\t\t<\/a>\n\t\t\t\t\t\t\t<meta itemprop=\"width\" content=\"1024\" \/>\n\t\t\t<meta itemprop=\"height\" content=\"768\" \/>\n\t\t\t\t<a\n\t\t\thref=\"https:\/\/www.accuflow.com\/wp-content\/uploads\/2020\/04\/2-phase-sr-multiphase-test-separator-2.jpg\"\n\t\t\t\t\t\tdata-fancybox=\"images\" \n\t\t\ttitle=\"Separador de prueba multif\u00e1sico SR de 2 fases\" \n\t\t\t\t\t\tdata-caption=\"\"\n\t\t\t\t\t\tdata-description=\"\" \n\t\t\titemprop=\"contentUrl\">\n\t\t\t<img decoding=\"async\" src=\"https:\/\/www.accuflow.com\/wp-content\/uploads\/2020\/04\/2-phase-sr-multiphase-test-separator-2.jpg\" alt=\"2-phase SR multiphase test separator\" data-no-lazy=\"1\" itemprop=\"thumbnail\" width=\"1024\" height=\"768\" \/>\n\t\t\t<!-- Overlay Wrapper -->\n\t\t\t <!-- Overlay Wrapper Closed -->\n\t\t\t\t<\/a>\n\t\t\t\t\t\t\t<meta itemprop=\"width\" content=\"1024\" \/>\n\t\t\t<meta itemprop=\"height\" content=\"768\" \/>\n\t\t\t\t<a\n\t\t\thref=\"https:\/\/www.accuflow.com\/wp-content\/uploads\/2020\/04\/2-phase-lt-multiphase-test-separator-2.jpg\"\n\t\t\t\t\t\tdata-fancybox=\"images\" \n\t\t\ttitle=\"Separador de prueba multif\u00e1sico LT de 2 fases\" \n\t\t\t\t\t\tdata-caption=\"\"\n\t\t\t\t\t\tdata-description=\"\" \n\t\t\titemprop=\"contentUrl\">\n\t\t\t<img decoding=\"async\" src=\"https:\/\/www.accuflow.com\/wp-content\/uploads\/2020\/04\/2-phase-lt-multiphase-test-separator-2.jpg\" alt=\"2-phase LT multiphase test separator\" data-no-lazy=\"1\" itemprop=\"thumbnail\" width=\"1024\" height=\"768\" \/>\n\t\t\t<!-- Overlay Wrapper -->\n\t\t\t <!-- Overlay Wrapper Closed -->\n\t\t\t\t<\/a>\n\t\t\t\t\t\t\t<meta itemprop=\"width\" content=\"1024\" \/>\n\t\t\t<meta itemprop=\"height\" content=\"768\" \/>\n\t\t\t\t<a\n\t\t\thref=\"https:\/\/www.accuflow.com\/wp-content\/uploads\/2020\/04\/2-phase-sr-multiphase-test-separator-offshore.jpg\"\n\t\t\t\t\t\tdata-fancybox=\"images\" \n\t\t\ttitle=\"Separador de prueba multif\u00e1sico SR de 2 fases en el mar\" \n\t\t\t\t\t\tdata-caption=\"\"\n\t\t\t\t\t\tdata-description=\"\" \n\t\t\titemprop=\"contentUrl\">\n\t\t\t<img decoding=\"async\" src=\"https:\/\/www.accuflow.com\/wp-content\/uploads\/2020\/04\/2-phase-sr-multiphase-test-separator-offshore.jpg\" alt=\"2-phase SR multiphase test separator offshore\" data-no-lazy=\"1\" itemprop=\"thumbnail\" width=\"640\" height=\"480\" \/>\n\t\t\t<!-- Overlay Wrapper -->\n\t\t\t <!-- Overlay Wrapper Closed -->\n\t\t\t\t<\/a>\n\t\t\t\t\t\t\t<meta itemprop=\"width\" content=\"640\" \/>\n\t\t\t<meta itemprop=\"height\" content=\"480\" \/>\n\t\t\t\t<a\n\t\t\thref=\"https:\/\/www.accuflow.com\/wp-content\/uploads\/2020\/04\/2-phase-lt-multiphase-test-separator-offshore-2.jpg\"\n\t\t\t\t\t\tdata-fancybox=\"images\" \n\t\t\ttitle=\"Separador de prueba multif\u00e1sico LT de 2 fases en el mar\" \n\t\t\t\t\t\tdata-caption=\"\"\n\t\t\t\t\t\tdata-description=\"\" \n\t\t\titemprop=\"contentUrl\">\n\t\t\t<img decoding=\"async\" src=\"https:\/\/www.accuflow.com\/wp-content\/uploads\/2020\/04\/2-phase-lt-multiphase-test-separator-offshore-2.jpg\" alt=\"2-phase LT multiphase test separator offshore\" data-no-lazy=\"1\" itemprop=\"thumbnail\" width=\"1024\" height=\"768\" \/>\n\t\t\t<!-- Overlay Wrapper -->\n\t\t\t <!-- Overlay Wrapper Closed -->\n\t\t\t\t<\/a>\n\t\t\t\t\t\t\t<meta itemprop=\"width\" content=\"1024\" \/>\n\t\t\t<meta itemprop=\"height\" content=\"768\" \/>\n\t\t\t\t<a\n\t\t\thref=\"https:\/\/www.accuflow.com\/wp-content\/uploads\/2020\/04\/2-phase-lt-multiphase-test-separator-offshore-3.jpg\"\n\t\t\t\t\t\tdata-fancybox=\"images\" \n\t\t\ttitle=\"Separador de prueba multif\u00e1sico LT de 2 fases en el mar\" \n\t\t\t\t\t\tdata-caption=\"\"\n\t\t\t\t\t\tdata-description=\"\" \n\t\t\titemprop=\"contentUrl\">\n\t\t\t<img decoding=\"async\" src=\"https:\/\/www.accuflow.com\/wp-content\/uploads\/2020\/04\/2-phase-lt-multiphase-test-separator-offshore-3.jpg\" alt=\"2-phase LT multiphase test separator offshore\" data-no-lazy=\"1\" itemprop=\"thumbnail\" width=\"225\" height=\"300\" \/>\n\t\t\t<!-- Overlay Wrapper -->\n\t\t\t <!-- Overlay Wrapper Closed -->\n\t\t\t\t<\/a>\n\t\t\t\t\t\t\t<meta itemprop=\"width\" content=\"225\" \/>\n\t\t\t<meta itemprop=\"height\" content=\"300\" \/>\n\t\t\t\t<a\n\t\t\thref=\"https:\/\/www.accuflow.com\/wp-content\/uploads\/2020\/04\/2-phase-lt-multiphase-test-separator-offshore-4.jpg\"\n\t\t\t\t\t\tdata-fancybox=\"images\" \n\t\t\ttitle=\"Separador de prueba multif\u00e1sico LT de 2 fases en el mar\" \n\t\t\t\t\t\tdata-caption=\"\"\n\t\t\t\t\t\tdata-description=\"\" \n\t\t\titemprop=\"contentUrl\">\n\t\t\t<img decoding=\"async\" src=\"https:\/\/www.accuflow.com\/wp-content\/uploads\/2020\/04\/2-phase-lt-multiphase-test-separator-offshore-4.jpg\" alt=\"2-phase LT multiphase test separator offshore\" data-no-lazy=\"1\" itemprop=\"thumbnail\" width=\"1024\" height=\"768\" \/>\n\t\t\t<!-- Overlay Wrapper -->\n\t\t\t <!-- Overlay Wrapper Closed -->\n\t\t\t\t<\/a>\n\t\t\t\t\t\t\t<meta itemprop=\"width\" content=\"1024\" \/>\n\t\t\t<meta itemprop=\"height\" content=\"768\" \/>","protected":false},"excerpt":{"rendered":"<p>La serie Accuflow de 2 fases es nuestro dise\u00f1o principal y el m\u00e1s utilizado. Cubre tasas de flujo de producci\u00f3n de bajas a altas, as\u00ed como crudos ligeros a pesados. Proporciona la mayor capacidad para separar el gas y el l\u00edquido. El tama\u00f1o de la huella puede variar de una aplicaci\u00f3n a otra. Tenemos la versi\u00f3n completa de SR para...<\/p>","protected":false},"author":8,"featured_media":22885,"parent":22045,"menu_order":0,"comment_status":"closed","ping_status":"closed","template":"","meta":{"_seopress_robots_primary_cat":"","_seopress_titles_title":"","_seopress_titles_desc":"Accuflow&#039;s 2-phase series of compact 2-phase flow test separators. Our designs ensure the highest level of accuracy and reliability while remaining cost-effective.","_seopress_robots_index":"","_seopress_analysis_target_kw":"","footnotes":""},"class_list":["post-22011","page","type-page","status-publish","has-post-thumbnail","hentry"],"_links":{"self":[{"href":"https:\/\/www.accuflow.com\/es\/wp-json\/wp\/v2\/pages\/22011","targetHints":{"allow":["GET"]}}],"collection":[{"href":"https:\/\/www.accuflow.com\/es\/wp-json\/wp\/v2\/pages"}],"about":[{"href":"https:\/\/www.accuflow.com\/es\/wp-json\/wp\/v2\/types\/page"}],"author":[{"embeddable":true,"href":"https:\/\/www.accuflow.com\/es\/wp-json\/wp\/v2\/users\/8"}],"replies":[{"embeddable":true,"href":"https:\/\/www.accuflow.com\/es\/wp-json\/wp\/v2\/comments?post=22011"}],"version-history":[{"count":0,"href":"https:\/\/www.accuflow.com\/es\/wp-json\/wp\/v2\/pages\/22011\/revisions"}],"up":[{"embeddable":true,"href":"https:\/\/www.accuflow.com\/es\/wp-json\/wp\/v2\/pages\/22045"}],"wp:featuredmedia":[{"embeddable":true,"href":"https:\/\/www.accuflow.com\/es\/wp-json\/wp\/v2\/media\/22885"}],"wp:attachment":[{"href":"https:\/\/www.accuflow.com\/es\/wp-json\/wp\/v2\/media?parent=22011"}],"curies":[{"name":"wp","href":"https:\/\/api.w.org\/{rel}","templated":true}]}}