{"id":21897,"date":"2018-06-08T21:48:48","date_gmt":"2018-06-09T04:48:48","guid":{"rendered":"https:\/\/www.accuflow.com\/?page_id=21897"},"modified":"2025-03-14T14:23:22","modified_gmt":"2025-03-14T21:23:22","slug":"about-us","status":"publish","type":"page","link":"https:\/\/www.accuflow.com\/es\/about-us\/","title":{"rendered":"Sobre nosotros"},"content":{"rendered":"<h2>\n\t\tAcerca de Accuflow\n\t<\/h2>\n\t<p>Accuflow fue fundada por Ke-Tien (KT) Liu en 1994 con la idea de crear un nuevo e innovador separador compacto para pruebas de pozos con el fin de avanzar en el estado del arte de la medici\u00f3n de flujo multif\u00e1sico para pruebas de pozos. KT posee un doctorado en ingenier\u00eda qu\u00edmica por la Universidad de Wisconsin-Madison y fue pionero en varios m\u00e9todos de medici\u00f3n de pruebas de pozos que siguen siendo est\u00e1ndares del sector en la actualidad, incluido el c\u00e1lculo del corte de agua por densidad y la separaci\u00f3n cicl\u00f3nica gas-l\u00edquido.<\/p>\n<p>Antes de Accuflow, KT trabaj\u00f3 para Chevron Oil Field Research Company (COFRC) como jefe de grupo en medici\u00f3n de petr\u00f3leo crudo, centr\u00e1ndose en mejorar la transferencia de custodia y la precisi\u00f3n de las mediciones de pruebas de pozos. Fue all\u00ed donde desarroll\u00f3 y patent\u00f3 el m\u00e9todo de corte de agua por densidad para la medici\u00f3n de pruebas de pozos. Este m\u00e9todo permite calcular el contenido de agua en el l\u00edquido interpolando la densidad del l\u00edquido medido entre las densidades corregidas del petr\u00f3leo y del agua. Chevron concedi\u00f3 posteriormente la licencia de este m\u00e9todo a Micro Motion, que proporcion\u00f3 la base para su producto Net Oil Computer (NOC). En la actualidad, este m\u00e9todo est\u00e1 ampliamente disponible, ya sea integrado o como opci\u00f3n en todos los ordenadores de caudal y transmisores de caudal\u00edmetros Coriolis.<\/p>\n<p>Tambi\u00e9n desarroll\u00f3 y patent\u00f3 la tecnolog\u00eda de separaci\u00f3n cicl\u00f3nica de gas-l\u00edquido conocida entonces como Sistema de Medici\u00f3n Multif\u00e1sica Chevron (CMMS). Esta tecnolog\u00eda de separaci\u00f3n cicl\u00f3nica permite separar con gran eficacia el gas de la corriente de flujo haci\u00e9ndolo girar como una centrifugadora, al tiempo que utiliza una fracci\u00f3n de los materiales y del espacio que ocupa un separador convencional. En la actualidad, muchos grandes productores de petr\u00f3leo y empresas de servicios petrol\u00edferos siguen utilizando variaciones de este dise\u00f1o.<\/p>\n<p>KT tambi\u00e9n obtuvo la patente de un m\u00e9todo para corregir el flujo m\u00e1sico y la densidad en el flujo bif\u00e1sico gas-l\u00edquido en caudal\u00edmetros Coriolis, por lo que fue uno de los primeros en estudiar los efectos del gas arrastrado en su rendimiento.<\/p>\n<p>Tras dejar Chevron y convertirse en consultor independiente, KT vio oportunidades para mejorar el dise\u00f1o del CMMS y empez\u00f3 a trabajar en lo que se convertir\u00eda en el primer dise\u00f1o de Accuflow de 2 fases. Se present\u00f3 una patente y poco despu\u00e9s se fund\u00f3 Accuflow. Accuflow se impuso r\u00e1pidamente en el sector, vendiendo cientos de separadores en menos de una d\u00e9cada, y se convirti\u00f3 en una soluci\u00f3n de confianza para la medici\u00f3n de pruebas de pozos. Posteriormente, KT desarroll\u00f3 y patent\u00f3 el resto de nuestros dise\u00f1os de separadores compactos y m\u00e9todos de determinaci\u00f3n del corte de agua que seguimos utilizando.<\/p>\n<p>En la actualidad, Accuflow contin\u00faa su dedicada b\u00fasqueda de soluciones mejores y m\u00e1s \u00f3ptimas en medici\u00f3n de flujo multif\u00e1sico y dise\u00f1o de separadores compactos. Desde los primeros dise\u00f1os de KT hasta los sofisticados que creamos hoy en d\u00eda, la innovaci\u00f3n siempre ha estado en el centro de todo lo que hacemos. A medida que surgen nuevos retos y aparecen nuevas tecnolog\u00edas de medici\u00f3n, seguimos dedicados a desarrollar soluciones innovadoras que marquen la pauta en la medici\u00f3n de pruebas de pozos.<\/p>\n\t\t\t\t<img decoding=\"async\" src=\"https:\/\/www.accuflow.com\/wp-content\/uploads\/2020\/04\/Copy-of-iStock-175398021-400x600.jpg\" alt=\"about accuflow - worker in oilfield\" itemprop=\"image\" height=\"600\" width=\"400\" title=\"Trabajador petrolero en un campo\" onerror=\"this.style.display='none'\"  \/>\n<h2>\n\t\tNuestra misi\u00f3n\n\t<\/h2>\n\t<p>Proporcionar a nuestros clientes soluciones de medici\u00f3n de flujo multif\u00e1sico de petr\u00f3leo y gas altamente precisas y econ\u00f3micas mediante el uso de las \u00faltimas tecnolog\u00edas y principios de ingenier\u00eda probados.<\/p>\n<h2>\n\t\tNuestra visi\u00f3n\n\t<\/h2>\n\t<p>Investigar las tecnolog\u00edas m\u00e1s avanzadas de medici\u00f3n de flujos multif\u00e1sicos y forjar alianzas significativas para seguir ofreciendo a nuestros clientes las soluciones m\u00e1s \u00f3ptimas posibles.<\/p>\n<h2>\n\t\tAccuflow proporciona sistemas de medici\u00f3n de flujo multif\u00e1sico en todo el mundo\n\t<\/h2>\n\t\t\t\t\t\t<img decoding=\"async\" src=\"https:\/\/www.accuflow.com\/wp-content\/uploads\/2020\/04\/Shell-logo.png\" alt=\"Shell\" data-no-lazy=\"1\" \/>\t\t\t\t\t\n                            <p>Shell<\/p>\n\t\t\t\t\t\t<img decoding=\"async\" src=\"https:\/\/www.accuflow.com\/wp-content\/uploads\/2020\/04\/chevron-logo.png\" alt=\"Chevron\" data-no-lazy=\"1\" \/>\t\t\t\t\t\n                            <p>Chevron<\/p>\n\t\t\t\t\t\t<img decoding=\"async\" src=\"https:\/\/www.accuflow.com\/wp-content\/uploads\/2020\/04\/exxonmobil-logo.png\" alt=\"ExxonMobil\" data-no-lazy=\"1\" \/>\t\t\t\t\t\n                            <p>ExxonMobil<\/p>\n\t\t\t\t\t\t<img decoding=\"async\" src=\"https:\/\/www.accuflow.com\/wp-content\/uploads\/2020\/04\/aera-energy-logo.jpg\" alt=\"Aera Energy\" data-no-lazy=\"1\" \/>\t\t\t\t\t\n                            <p>Aera Energ\u00eda<\/p>\n\t\t\t\t\t\t<img decoding=\"async\" src=\"https:\/\/www.accuflow.com\/wp-content\/uploads\/2020\/04\/Berry-logo.jpg\" alt=\"Berry Petroleum\" data-no-lazy=\"1\" \/>\t\t\t\t\t\n                            <p>Berry Petroleum<\/p>\n\t\t\t\t\t\t<img decoding=\"async\" src=\"https:\/\/www.accuflow.com\/wp-content\/uploads\/2020\/04\/california-resources-corporation-logo.png\" alt=\"California Resources Corporation\" data-no-lazy=\"1\" \/>\t\t\t\t\t\n                            <p>California Resources Corporation<\/p>\n\t\t\t\t\t\t<img decoding=\"async\" src=\"https:\/\/www.accuflow.com\/wp-content\/uploads\/2020\/04\/oxy-logo-2.png\" alt=\"OXY\" data-no-lazy=\"1\" \/>\t\t\t\t\t\n                            <p>OXY<\/p>\n\t\t\t\t\t\t<img decoding=\"async\" src=\"https:\/\/www.accuflow.com\/wp-content\/uploads\/2020\/04\/pemex-logo-2.png\" alt=\"Pemex\" data-no-lazy=\"1\" \/>\t\t\t\t\t\n                            <p>Pemex<\/p>\n\t\t\t\t\t\t<img decoding=\"async\" src=\"https:\/\/www.accuflow.com\/wp-content\/uploads\/2020\/04\/conocophillips-logo.png\" alt=\"ConocoPhillips\" data-no-lazy=\"1\" \/>\t\t\t\t\t\n                            <p>ConocoPhillips<\/p>\n\t\t\t\t\t\t<img decoding=\"async\" src=\"https:\/\/www.accuflow.com\/wp-content\/uploads\/2020\/04\/santos-logo.png\" alt=\"Santos\" data-no-lazy=\"1\" \/>\t\t\t\t\t\n                            <p>Santos<\/p>\n\t\t\t\t\t\t<img decoding=\"async\" src=\"https:\/\/www.accuflow.com\/wp-content\/uploads\/2020\/04\/perenco-logo.png\" alt=\"Perenco\" data-no-lazy=\"1\" \/>\t\t\t\t\t\n                            <p>Perenco<\/p>\n\t\t\t\t\t\t<img decoding=\"async\" src=\"https:\/\/www.accuflow.com\/wp-content\/uploads\/2020\/04\/linn-energy-logo.jpg\" alt=\"LINN Energy\" data-no-lazy=\"1\" \/>\t\t\t\t\t\n                            <p>Energ\u00eda LINN<\/p>\n\t\t\t\t\t\t<img decoding=\"async\" src=\"https:\/\/www.accuflow.com\/wp-content\/uploads\/2020\/04\/talisman-energy-logo.png\" alt=\"Talisman Energy\" data-no-lazy=\"1\" \/>\t\t\t\t\t\n                            <p>Energ\u00eda del talism\u00e1n<\/p>\n\t\t\t\t\t\t<img decoding=\"async\" src=\"https:\/\/www.accuflow.com\/wp-content\/uploads\/2020\/04\/esso-logo.png\" alt=\"Esso\" data-no-lazy=\"1\" \/>\t\t\t\t\t\n                            <p>Esso<\/p>\n\t\t\t\t\t\t<img decoding=\"async\" src=\"https:\/\/www.accuflow.com\/wp-content\/uploads\/2020\/04\/beta-offshore-logo.jpg\" alt=\"Beta Offshore\" data-no-lazy=\"1\" \/>\t\t\t\t\t\n                            <p>Beta Offshore<\/p>\n\t\t\t\t\t\t<img decoding=\"async\" src=\"https:\/\/www.accuflow.com\/wp-content\/uploads\/2020\/04\/vico-indonesia-logo.png\" alt=\"VICO\" data-no-lazy=\"1\" \/>\t\t\t\t\t\n                            <p>VICO<\/p>\n\t\t\t\t\t\t<img decoding=\"async\" src=\"https:\/\/www.accuflow.com\/wp-content\/uploads\/2020\/04\/petronas-logo.png\" alt=\"Petronas\" data-no-lazy=\"1\" \/>\t\t\t\t\t\n                            <p>Petronas<\/p>\n\t\t\t\t\t\t<img decoding=\"async\" src=\"https:\/\/www.accuflow.com\/wp-content\/uploads\/2020\/04\/caltex-logo.png\" alt=\"Caltex\" data-no-lazy=\"1\" \/>\t\t\t\t\t\n                            <p>Caltex<\/p>\n\t\t\t<button>Siguiente<\/button>\n\t\t<button>Anterior<\/button>\n<h2>\n\t\tC\u00f3mo funcionan los separadores de pruebas de pozos Accuflow\n\t<\/h2>\n\t<a href=\"#\" id=\"trigger-\" role=\"button\" data-modal=\"\" data-node=\"\">\n\t\t\t\t\t<\/a>\n\t\t\t\t\t\tVista previa\n\t\t\tmodal-\n\t\t\t\t\t\t<iframe loading=\"lazy\" width=\"700\" height=\"400\" src=\"https:\/\/www.youtube.com\/embed\/CKlAFeQOXYI\" frameborder=\"0\" allow=\"accelerometer; autoplay; encrypted-media; gyroscope; picture-in-picture\" allowfullscreen><\/iframe>","protected":false},"excerpt":{"rendered":"<p>Acerca de Accuflow Accuflow fue fundada por Ke-Tien (KT) Liu en 1994 con la idea de crear un nuevo e innovador separador compacto de pruebas de pozos para avanzar en el estado de la t\u00e9cnica de medici\u00f3n de flujo multif\u00e1sico para pruebas de pozos. KT posee un doctorado en ingenier\u00eda qu\u00edmica por la Universidad de Wisconsin-Madison y fue pionero en varios m\u00e9todos de medici\u00f3n de pruebas de pozos que siguen...<\/p>","protected":false},"author":8,"featured_media":0,"parent":0,"menu_order":0,"comment_status":"closed","ping_status":"closed","template":"","meta":{"_seopress_robots_primary_cat":"","_seopress_titles_title":"","_seopress_titles_desc":"Accuflow, established in 1994 by Dr. Ke-Tien Liu, specializes in compact well test separators for precise multiphase flow measurement. Our innovative designs bridge the gap between traditional separators and multiphase flow meters (MPFMs), offering 100% separation efficiency across all flow regimes. Utilizing advanced flowmeter technologies, we deliver accurate, reliable, and cost-effective solutions for the oil and gas industry.","_seopress_robots_index":"","footnotes":""},"class_list":["post-21897","page","type-page","status-publish","hentry"],"_links":{"self":[{"href":"https:\/\/www.accuflow.com\/es\/wp-json\/wp\/v2\/pages\/21897","targetHints":{"allow":["GET"]}}],"collection":[{"href":"https:\/\/www.accuflow.com\/es\/wp-json\/wp\/v2\/pages"}],"about":[{"href":"https:\/\/www.accuflow.com\/es\/wp-json\/wp\/v2\/types\/page"}],"author":[{"embeddable":true,"href":"https:\/\/www.accuflow.com\/es\/wp-json\/wp\/v2\/users\/8"}],"replies":[{"embeddable":true,"href":"https:\/\/www.accuflow.com\/es\/wp-json\/wp\/v2\/comments?post=21897"}],"version-history":[{"count":0,"href":"https:\/\/www.accuflow.com\/es\/wp-json\/wp\/v2\/pages\/21897\/revisions"}],"wp:attachment":[{"href":"https:\/\/www.accuflow.com\/es\/wp-json\/wp\/v2\/media?parent=21897"}],"curies":[{"name":"wp","href":"https:\/\/api.w.org\/{rel}","templated":true}]}}