{"id":21880,"date":"2018-06-03T22:19:42","date_gmt":"2018-06-04T05:19:42","guid":{"rendered":"https:\/\/www.accuflow.com\/?page_id=21880"},"modified":"2025-03-14T14:09:01","modified_gmt":"2025-03-14T21:09:01","slug":"services","status":"publish","type":"page","link":"https:\/\/www.accuflow.com\/es\/services\/","title":{"rendered":"Servicios"},"content":{"rendered":"<meta itemscope itemprop=\"mainEntityOfPage\" itemtype=\"https:\/\/schema.org\/WebPage\" itemid=\"http:\/\/22286\" content=\"Consulting\" \/><meta itemprop=\"datePublished\" content=\"2020-04-16\" \/><meta itemprop=\"dateModified\" content=\"2025-03-14\" \/><meta itemprop=\"name\" content=\"Accuflow\"\/><meta itemprop=\"url\" content=\"https:\/\/www.accuflow.com\/author\/jabel\/\" \/><meta itemprop=\"name\" content=\"Jacob Abel\" \/><meta itemprop=\"url\" content=\"https:\/\/www.accuflow.com\/wp-content\/uploads\/2020\/04\/presentation-of-working-data.jpg\" \/><meta itemprop=\"width\" content=\"2000\" \/><meta itemprop=\"height\" content=\"1333\" \/><meta itemprop=\"interactionType\" content=\"https:\/\/schema.org\/CommentAction\" \/><meta itemprop=\"userInteractionCount\" content=\"0\" \/>\n\t\t\t\t\t<a href=\"https:\/\/www.accuflow.com\/es\/services\/consulting\/\" title=\"Consultor\u00eda\"><\/a>\n\t\t\t\t<img decoding=\"async\" src=\"https:\/\/www.accuflow.com\/wp-content\/uploads\/bb-plugin\/cache\/presentation-of-working-data-1024x682-landscape-75e7488d1a751751168aec95efaac73b-.jpg\" alt=\"consulting\" itemprop=\"image\" data-no-lazy=\"1\" height=\"682\" width=\"1024\" title=\"Presentaci\u00f3n de los datos de trabajo\" onerror=\"this.style.display='none'\"  \/>\n\t\t\t\t\t\t\t\t\t<h3 itemprop=\"headline\">\n\t\t\t\t\t\t\t\t\t\t\t\t\t\tConsultor\u00eda\t\t\t\t\t\t\t\t\t\t\t<\/h3>\n\t<meta itemscope itemprop=\"mainEntityOfPage\" itemtype=\"https:\/\/schema.org\/WebPage\" itemid=\"http:\/\/22302\" content=\"Separator Performance Auditing\" \/><meta itemprop=\"datePublished\" content=\"2020-04-16\" \/><meta itemprop=\"dateModified\" content=\"2025-03-14\" \/><meta itemprop=\"name\" content=\"Accuflow\"\/><meta itemprop=\"url\" content=\"https:\/\/www.accuflow.com\/author\/jabel\/\" \/><meta itemprop=\"name\" content=\"Jacob Abel\" \/><meta itemprop=\"url\" content=\"https:\/\/www.accuflow.com\/wp-content\/uploads\/2020\/04\/performance-auditing.jpg\" \/><meta itemprop=\"width\" content=\"2560\" \/><meta itemprop=\"height\" content=\"1350\" \/><meta itemprop=\"interactionType\" content=\"https:\/\/schema.org\/CommentAction\" \/><meta itemprop=\"userInteractionCount\" content=\"0\" \/>\n\t\t\t\t\t<a href=\"https:\/\/www.accuflow.com\/es\/services\/separator-performance-auditing\/\" title=\"Auditor\u00eda de rendimiento de los separadores\"><\/a>\n\t\t\t\t<img decoding=\"async\" src=\"https:\/\/www.accuflow.com\/wp-content\/uploads\/bb-plugin\/cache\/Copy-of-iStock-882327268-1024x540-landscape-49db0166a9144d789e4b5c2370e07024-.jpg\" alt=\"performance auditing\" itemprop=\"image\" data-no-lazy=\"1\" height=\"540\" width=\"1024\" title=\"Auditor\u00eda de rendimiento\" onerror=\"this.style.display='none'\"  \/>\n\t\t\t\t\t\t\t\t\t<h3 itemprop=\"headline\">\n\t\t\t\t\t\t\t\t\t\t\t\t\t\tAuditor\u00eda de rendimiento de los separadores\t\t\t\t\t\t\t\t\t\t\t<\/h3>\n\t<meta itemscope itemprop=\"mainEntityOfPage\" itemtype=\"https:\/\/schema.org\/WebPage\" itemid=\"http:\/\/22311\" content=\"Custom Piping and Engineering\" \/><meta itemprop=\"datePublished\" content=\"2020-04-16\" \/><meta itemprop=\"dateModified\" content=\"2025-03-14\" \/><meta itemprop=\"name\" content=\"Accuflow\"\/><meta itemprop=\"url\" content=\"https:\/\/www.accuflow.com\/author\/jabel\/\" \/><meta itemprop=\"name\" content=\"Jacob Abel\" \/><meta itemprop=\"interactionType\" content=\"https:\/\/schema.org\/CommentAction\" \/><meta itemprop=\"userInteractionCount\" content=\"0\" \/>\n\t\t\t\t\t<a href=\"https:\/\/www.accuflow.com\/es\/services\/custom-piping-and-engineering\/\" title=\"Tuber\u00edas e ingenier\u00eda a medida\"><\/a>\n\t\t\t\t<img decoding=\"async\" src=\"https:\/\/www.accuflow.com\/wp-content\/uploads\/bb-plugin\/cache\/3-phase-flow-test-loop-for-testing-gas-void-fraction-flow-meter-capability-600x538-landscape-c7e1f210467c9b97e534a963787bb065-.jpg\" alt=\"\" itemprop=\"image\" data-no-lazy=\"1\" onerror=\"this.style.display='none'\"  \/>\n\t\t\t\t\t\t\t\t\t<h3 itemprop=\"headline\">\n\t\t\t\t\t\t\t\t\t\t\t\t\t\tTuber\u00edas e ingenier\u00eda a medida\t\t\t\t\t\t\t\t\t\t\t<\/h3>\n\t\t<!-- .pp-content-posts -->","protected":false},"excerpt":{"rendered":"<p>Consultor\u00eda de Auditor\u00eda de Rendimiento de Separadores Ingenier\u00eda y Tuber\u00edas a la Medida<\/p>","protected":false},"author":8,"featured_media":0,"parent":0,"menu_order":0,"comment_status":"closed","ping_status":"closed","template":"","meta":{"_seopress_robots_primary_cat":"","_seopress_titles_title":"","_seopress_titles_desc":"Accuflow offers a comprehensive suite of services to enhance multiphase flow measurement accuracy and efficiency in the oil and gas industry. Our offerings include expert consulting for flow measurement and process troubleshooting, separator performance auditing to optimize existing equipment, and custom piping and engineering solutions tailored to unique project requirements.","_seopress_robots_index":"","footnotes":""},"class_list":["post-21880","page","type-page","status-publish","hentry"],"_links":{"self":[{"href":"https:\/\/www.accuflow.com\/es\/wp-json\/wp\/v2\/pages\/21880","targetHints":{"allow":["GET"]}}],"collection":[{"href":"https:\/\/www.accuflow.com\/es\/wp-json\/wp\/v2\/pages"}],"about":[{"href":"https:\/\/www.accuflow.com\/es\/wp-json\/wp\/v2\/types\/page"}],"author":[{"embeddable":true,"href":"https:\/\/www.accuflow.com\/es\/wp-json\/wp\/v2\/users\/8"}],"replies":[{"embeddable":true,"href":"https:\/\/www.accuflow.com\/es\/wp-json\/wp\/v2\/comments?post=21880"}],"version-history":[{"count":0,"href":"https:\/\/www.accuflow.com\/es\/wp-json\/wp\/v2\/pages\/21880\/revisions"}],"wp:attachment":[{"href":"https:\/\/www.accuflow.com\/es\/wp-json\/wp\/v2\/media?parent=21880"}],"curies":[{"name":"wp","href":"https:\/\/api.w.org\/{rel}","templated":true}]}}